{"id":822,"date":"2026-01-10T03:27:49","date_gmt":"2026-01-10T03:27:49","guid":{"rendered":"https:\/\/samlanbox.com\/?post_type=product&#038;p=822"},"modified":"2026-01-25T03:32:37","modified_gmt":"2026-01-25T03:32:37","slug":"thung-carton-thiet-ke-dac-biet-hop-qua-tang-co-cua-so","status":"publish","type":"product","link":"https:\/\/samlanbox.com\/?product=thung-carton-thiet-ke-dac-biet-hop-qua-tang-co-cua-so","title":{"rendered":"Th\u00f9ng Carton Thi\u1ebft K\u1ebf \u0110\u1eb7c Bi\u1ec7t (H\u1ed9p Qu\u00e0 T\u1eb7ng C\u00f3 C\u1eeda S\u1ed5)"},"content":{"rendered":"<p data-path-to-node=\"14\">\u0110\u00e2y l\u00e0 d\u00f2ng s\u1ea3n ph\u1ea9m mang t\u00ednh \u0111\u1ed9t ph\u00e1 v\u1ec1 th\u1ea9m m\u1ef9 c\u1ee7a Samlan. V\u1edbi thi\u1ebft k\u1ebf t\u00edch h\u1ee3p quai x\u00e1ch ti\u1ec7n l\u1ee3i v\u00e0 c\u00e1c kho\u1ea3ng h\u1edf (c\u1eeda s\u1ed5) tinh t\u1ebf, s\u1ea3n ph\u1ea9m kh\u00f4ng ch\u1ec9 l\u00e0 bao b\u00ec b\u1ea3o v\u1ec7 m\u00e0 c\u00f2n l\u00e0 m\u1ed9t c\u00f4ng c\u1ee5 marketing hi\u1ec7u qu\u1ea3, gi\u00fap kh\u00e1ch h\u00e0ng tr\u1ef1c ti\u1ebfp quan s\u00e1t \u0111\u01b0\u1ee3c s\u1ea3n ph\u1ea9m b\u00ean trong.<\/p>\n<figure id=\"attachment_823\" aria-describedby=\"caption-attachment-823\" style=\"width: 300px\" class=\"wp-caption alignnone\"><img fetchpriority=\"high\" decoding=\"async\" class=\"size-medium wp-image-823\" src=\"https:\/\/samlanbox.com\/wp-content\/uploads\/2026\/01\/10-300x300.png\" alt=\"Th\u00f9ng carton thi\u1ebft k\u1ebf \u0111\u1eb7c bi\u1ec7t, h\u1ed9p carton c\u00f3 c\u1eeda s\u1ed5.\" width=\"300\" height=\"300\" srcset=\"https:\/\/samlanbox.com\/wp-content\/uploads\/2026\/01\/10-300x300.png 300w, https:\/\/samlanbox.com\/wp-content\/uploads\/2026\/01\/10-150x150.png 150w, https:\/\/samlanbox.com\/wp-content\/uploads\/2026\/01\/10-768x768.png 768w, https:\/\/samlanbox.com\/wp-content\/uploads\/2026\/01\/10-600x600.png 600w, https:\/\/samlanbox.com\/wp-content\/uploads\/2026\/01\/10-100x100.png 100w, https:\/\/samlanbox.com\/wp-content\/uploads\/2026\/01\/10.png 1000w\" sizes=\"(max-width: 300px) 100vw, 300px\" \/><figcaption id=\"caption-attachment-823\" class=\"wp-caption-text\">Th\u00f9ng carton thi\u1ebft k\u1ebf \u0111\u1eb7c bi\u1ec7t, h\u1ed9p carton c\u00f3 c\u1eeda s\u1ed5.<\/figcaption><\/figure>\n<h3 data-path-to-node=\"15\">1. Th\u00f4ng s\u1ed1 k\u1ef9 thu\u1eadt<\/h3>\n<ul data-path-to-node=\"16\">\n<li>\n<p data-path-to-node=\"16,0,0\"><b data-path-to-node=\"16,0,0\" data-index-in-node=\"0\">Thi\u1ebft k\u1ebf:<\/b> T\u00edch h\u1ee3p quai x\u00e1ch b\u1ebf tr\u1ef1c ti\u1ebfp, c\u1eaft c\u1eeda s\u1ed5 theo h\u00ecnh d\u1ea1ng y\u00eau c\u1ea7u.<\/p>\n<\/li>\n<li>\n<p data-path-to-node=\"16,1,0\"><b data-path-to-node=\"16,1,0\" data-index-in-node=\"0\">In \u1ea5n:<\/b> C\u00f4ng ngh\u1ec7 in Offset s\u1eafc n\u00e9t, m\u00e0u s\u1eafc s\u1ed1ng \u0111\u1ed9ng, h\u1ed7 tr\u1ee3 in hoa v\u0103n ph\u1ee9c t\u1ea1p.<\/p>\n<\/li>\n<li>\n<p data-path-to-node=\"16,2,0\"><b data-path-to-node=\"16,2,0\" data-index-in-node=\"0\">Gia c\u00f4ng:<\/b> C\u00e1n m\u00e0ng b\u1ea3o v\u1ec7, b\u1ebf khu\u00f4n chu\u1ea9n x\u00e1c.<\/p>\n<\/li>\n<\/ul>\n<h3 data-path-to-node=\"17\">2. \u01afu \u0111i\u1ec3m &amp; \u1ee8ng d\u1ee5ng<\/h3>\n<ul data-path-to-node=\"18\">\n<li>\n<p data-path-to-node=\"18,0,0\"><b data-path-to-node=\"18,0,0\" data-index-in-node=\"0\">\u01afu \u0111i\u1ec3m:<\/b> T\u1ea1o s\u1ef1 kh\u00e1c bi\u1ec7t cho th\u01b0\u01a1ng hi\u1ec7u, thu h\u00fat \u00e1nh nh\u00ecn c\u1ee7a ng\u01b0\u1eddi ti\u00eau d\u00f9ng ngay tr\u00ean k\u1ec7 h\u00e0ng. Ti\u1ec7n l\u1ee3i cho kh\u00e1ch h\u00e0ng mang x\u00e1ch m\u00e0 kh\u00f4ng c\u1ea7n t\u00fai nilon.<\/p>\n<\/li>\n<li>\n<p data-path-to-node=\"18,1,0\"><b data-path-to-node=\"18,1,0\" data-index-in-node=\"0\">\u1ee8ng d\u1ee5ng:<\/b> Chuy\u00ean d\u1ee5ng cho h\u1ed9p \u0111\u1ef1ng m\u1ef9 ph\u1ea9m cao c\u1ea5p, gi\u1ecf qu\u00e0 T\u1ebft, th\u1ef1c ph\u1ea9m ch\u1ee9c n\u0103ng, ho\u1eb7c c\u00e1c s\u1ea3n ph\u1ea9m tr\u01b0ng b\u00e0y.<\/p>\n<\/li>\n<\/ul>\n<h3 data-path-to-node=\"29\">3. T\u1ea0I SAO N\u00caN L\u1ef0A CH\u1eccN SAMLAN?<\/h3>\n<ul data-path-to-node=\"30\">\n<li>\n<p data-path-to-node=\"30,0,0\"><b data-path-to-node=\"30,0,0\" data-index-in-node=\"0\">Gi\u00e1 g\u1ed1c t\u1eadn x\u01b0\u1edfng:<\/b> Kh\u00f4ng qua trung gian, t\u1ed1i \u01b0u chi ph\u00ed cho doanh nghi\u1ec7p.<\/p>\n<\/li>\n<li>\n<p data-path-to-node=\"30,1,0\"><b data-path-to-node=\"30,1,0\" data-index-in-node=\"0\">K\u1ef9 thu\u1eadt chu\u1ea9n:<\/b> \u0110\u1ea3m b\u1ea3o \u0111\u1ecbnh l\u01b0\u1ee3ng gi\u1ea5y v\u00e0 lo\u1ea1i s\u00f3ng \u0111\u00fang nh\u01b0 cam k\u1ebft.<\/p>\n<\/li>\n<li>\n<p data-path-to-node=\"30,2,0\"><b data-path-to-node=\"30,2,0\" data-index-in-node=\"0\">T\u01b0 v\u1ea5n chuy\u00ean nghi\u1ec7p:<\/b> H\u1ed7 tr\u1ee3 thi\u1ebft k\u1ebf v\u00e0 in \u1ea5n logo th\u01b0\u01a1ng hi\u1ec7u.<\/p>\n<\/li>\n<\/ul>\n<p data-path-to-node=\"31\"><b data-path-to-node=\"31\" data-index-in-node=\"0\">4. TH\u00d4NG TIN LI\u00caN H\u1ec6:<\/b><\/p>\n<ul data-path-to-node=\"32\">\n<li>\n<p data-path-to-node=\"32,0,0\"><b data-path-to-node=\"32,0,0\" data-index-in-node=\"0\">Hotline\/Zalo:<\/b> 0348.744.689<\/p>\n<\/li>\n<\/ul>\n","protected":false},"excerpt":{"rendered":"<h3 data-path-to-node=\"15\">Th\u00f4ng s\u1ed1 k\u1ef9 thu\u1eadt<\/h3>\n<ul data-path-to-node=\"16\">\n<li>\n<p data-path-to-node=\"16,0,0\"><b data-path-to-node=\"16,0,0\" data-index-in-node=\"0\">Thi\u1ebft k\u1ebf:<\/b> T\u00edch h\u1ee3p quai x\u00e1ch b\u1ebf tr\u1ef1c ti\u1ebfp, c\u1eaft c\u1eeda s\u1ed5 theo h\u00ecnh d\u1ea1ng y\u00eau c\u1ea7u.<\/p>\n<\/li>\n<li>\n<p data-path-to-node=\"16,1,0\"><b data-path-to-node=\"16,1,0\" data-index-in-node=\"0\">In \u1ea5n:<\/b> C\u00f4ng ngh\u1ec7 in Offset s\u1eafc n\u00e9t, m\u00e0u s\u1eafc s\u1ed1ng \u0111\u1ed9ng, h\u1ed7 tr\u1ee3 in hoa v\u0103n ph\u1ee9c t\u1ea1p.<\/p>\n<\/li>\n<li>\n<p data-path-to-node=\"16,2,0\"><b data-path-to-node=\"16,2,0\" data-index-in-node=\"0\">Gia c\u00f4ng:<\/b> C\u00e1n m\u00e0ng b\u1ea3o v\u1ec7, b\u1ebf khu\u00f4n chu\u1ea9n x\u00e1c.<\/p>\n<\/li>\n<\/ul>\n","protected":false},"featured_media":823,"comment_status":"open","ping_status":"closed","template":"","meta":{"_acf_changed":false,"ocean_post_layout":"","ocean_both_sidebars_style":"","ocean_both_sidebars_content_width":0,"ocean_both_sidebars_sidebars_width":0,"ocean_sidebar":"0","ocean_second_sidebar":"0","ocean_disable_margins":"enable","ocean_add_body_class":"","ocean_shortcode_before_top_bar":"","ocean_shortcode_after_top_bar":"","ocean_shortcode_before_header":"","ocean_shortcode_after_header":"","ocean_has_shortcode":"","ocean_shortcode_after_title":"","ocean_shortcode_before_footer_widgets":"","ocean_shortcode_after_footer_widgets":"","ocean_shortcode_before_footer_bottom":"","ocean_shortcode_after_footer_bottom":"","ocean_display_top_bar":"default","ocean_display_header":"default","ocean_header_style":"","ocean_center_header_left_menu":"0","ocean_custom_header_template":"0","ocean_custom_logo":0,"ocean_custom_retina_logo":0,"ocean_custom_logo_max_width":0,"ocean_custom_logo_tablet_max_width":0,"ocean_custom_logo_mobile_max_width":0,"ocean_custom_logo_max_height":0,"ocean_custom_logo_tablet_max_height":0,"ocean_custom_logo_mobile_max_height":0,"ocean_header_custom_menu":"0","ocean_menu_typo_font_family":"0","ocean_menu_typo_font_subset":"","ocean_menu_typo_font_size":0,"ocean_menu_typo_font_size_tablet":0,"ocean_menu_typo_font_size_mobile":0,"ocean_menu_typo_font_size_unit":"px","ocean_menu_typo_font_weight":"","ocean_menu_typo_font_weight_tablet":"","ocean_menu_typo_font_weight_mobile":"","ocean_menu_typo_transform":"","ocean_menu_typo_transform_tablet":"","ocean_menu_typo_transform_mobile":"","ocean_menu_typo_line_height":0,"ocean_menu_typo_line_height_tablet":0,"ocean_menu_typo_line_height_mobile":0,"ocean_menu_typo_line_height_unit":"","ocean_menu_typo_spacing":0,"ocean_menu_typo_spacing_tablet":0,"ocean_menu_typo_spacing_mobile":0,"ocean_menu_typo_spacing_unit":"","ocean_menu_link_color":"","ocean_menu_link_color_hover":"","ocean_menu_link_color_active":"","ocean_menu_link_background":"","ocean_menu_link_hover_background":"","ocean_menu_link_active_background":"","ocean_menu_social_links_bg":"","ocean_menu_social_hover_links_bg":"","ocean_menu_social_links_color":"","ocean_menu_social_hover_links_color":"","ocean_disable_title":"default","ocean_disable_heading":"default","ocean_post_title":"","ocean_post_subheading":"","ocean_post_title_style":"","ocean_post_title_background_color":"","ocean_post_title_background":0,"ocean_post_title_bg_image_position":"","ocean_post_title_bg_image_attachment":"","ocean_post_title_bg_image_repeat":"","ocean_post_title_bg_image_size":"","ocean_post_title_height":0,"ocean_post_title_bg_overlay":0.5,"ocean_post_title_bg_overlay_color":"","ocean_disable_breadcrumbs":"default","ocean_breadcrumbs_color":"","ocean_breadcrumbs_separator_color":"","ocean_breadcrumbs_links_color":"","ocean_breadcrumbs_links_hover_color":"","ocean_display_footer_widgets":"default","ocean_display_footer_bottom":"default","ocean_custom_footer_template":"0"},"product_brand":[86],"product_cat":[62,68,72,70,69,74,80,79],"product_tag":[109,119,120,121,118,117],"class_list":{"0":"post-822","1":"product","2":"type-product","3":"status-publish","4":"has-post-thumbnail","6":"product_brand-sam-lan-box","7":"product_cat-hop-carton","8":"product_cat-hop-carton-det","9":"product_cat-hop-carton-nap-gai","10":"product_cat-hop-carton-tru-dai-tam-giac","11":"product_cat-hop-carton-xep-nhanh","12":"product_cat-hop-offset","13":"product_cat-hop-qua-tui-giay","14":"product_cat-thung-carton-offset","15":"product_tag-bao-bi-carton-sang-tao","16":"product_tag-hop-carton-co-cua-so","17":"product_tag-hop-giay-dung-qua-tang","18":"product_tag-thung-carton-in-offset-cao-cap","19":"product_tag-thung-carton-thiet-ke-dac-biet","20":"product_tag-thung-carton-thiet-ke-dac-biet-hop-qua-tang-co-cua-so","22":"entry","23":"has-media","25":"first","26":"instock","27":"shipping-taxable","28":"product-type-simple","29":"has-product-nav","30":"col","31":"span_1_of_3","32":"owp-content-center","33":"owp-thumbs-layout-horizontal","34":"owp-btn-normal","35":"owp-tabs-layout-horizontal"},"acf":[],"yoast_head":"<!-- This site is optimized with the Yoast SEO plugin v27.0 - https:\/\/yoast.com\/product\/yoast-seo-wordpress\/ -->\n<title>Th\u00f9ng Carton Thi\u1ebft K\u1ebf \u0110\u1eb7c Bi\u1ec7t (H\u1ed9p Qu\u00e0 T\u1eb7ng C\u00f3 C\u1eeda S\u1ed5) -<\/title>\n<meta name=\"robots\" content=\"index, follow, max-snippet:-1, max-image-preview:large, max-video-preview:-1\" \/>\n<link rel=\"canonical\" href=\"https:\/\/samlanbox.com\/?product=thung-carton-thiet-ke-dac-biet-hop-qua-tang-co-cua-so\" \/>\n<meta property=\"og:locale\" content=\"vi_VN\" \/>\n<meta property=\"og:type\" content=\"article\" \/>\n<meta property=\"og:title\" content=\"Th\u00f9ng Carton Thi\u1ebft K\u1ebf \u0110\u1eb7c Bi\u1ec7t (H\u1ed9p Qu\u00e0 T\u1eb7ng C\u00f3 C\u1eeda S\u1ed5) -\" \/>\n<meta property=\"og:description\" content=\"Th\u00f4ng s\u1ed1 k\u1ef9 thu\u1eadt    Thi\u1ebft k\u1ebf: T\u00edch h\u1ee3p quai x\u00e1ch b\u1ebf tr\u1ef1c ti\u1ebfp, c\u1eaft c\u1eeda s\u1ed5 theo h\u00ecnh d\u1ea1ng y\u00eau c\u1ea7u.    In \u1ea5n: C\u00f4ng ngh\u1ec7 in Offset s\u1eafc n\u00e9t, m\u00e0u s\u1eafc s\u1ed1ng \u0111\u1ed9ng, h\u1ed7 tr\u1ee3 in hoa v\u0103n ph\u1ee9c t\u1ea1p.    Gia c\u00f4ng: C\u00e1n m\u00e0ng b\u1ea3o v\u1ec7, b\u1ebf khu\u00f4n chu\u1ea9n x\u00e1c.\" \/>\n<meta property=\"og:url\" content=\"https:\/\/samlanbox.com\/?product=thung-carton-thiet-ke-dac-biet-hop-qua-tang-co-cua-so\" \/>\n<meta property=\"article:modified_time\" content=\"2026-01-25T03:32:37+00:00\" \/>\n<meta property=\"og:image\" content=\"https:\/\/samlanbox.com\/wp-content\/uploads\/2026\/01\/10.png\" \/>\n\t<meta property=\"og:image:width\" content=\"1000\" \/>\n\t<meta property=\"og:image:height\" content=\"1000\" \/>\n\t<meta property=\"og:image:type\" content=\"image\/png\" \/>\n<meta name=\"twitter:card\" content=\"summary_large_image\" \/>\n<meta name=\"twitter:label1\" content=\"\u01af\u1edbc t\u00ednh th\u1eddi gian \u0111\u1ecdc\" \/>\n\t<meta name=\"twitter:data1\" content=\"2 ph\u00fat\" \/>\n<script type=\"application\/ld+json\" class=\"yoast-schema-graph\">{\"@context\":\"https:\/\/schema.org\",\"@graph\":[{\"@type\":\"WebPage\",\"@id\":\"https:\/\/samlanbox.com\/?product=thung-carton-thiet-ke-dac-biet-hop-qua-tang-co-cua-so\",\"url\":\"https:\/\/samlanbox.com\/?product=thung-carton-thiet-ke-dac-biet-hop-qua-tang-co-cua-so\",\"name\":\"Th\u00f9ng Carton Thi\u1ebft K\u1ebf \u0110\u1eb7c Bi\u1ec7t (H\u1ed9p Qu\u00e0 T\u1eb7ng C\u00f3 C\u1eeda S\u1ed5) -\",\"isPartOf\":{\"@id\":\"https:\/\/samlanbox.com\/#website\"},\"primaryImageOfPage\":{\"@id\":\"https:\/\/samlanbox.com\/?product=thung-carton-thiet-ke-dac-biet-hop-qua-tang-co-cua-so#primaryimage\"},\"image\":{\"@id\":\"https:\/\/samlanbox.com\/?product=thung-carton-thiet-ke-dac-biet-hop-qua-tang-co-cua-so#primaryimage\"},\"thumbnailUrl\":\"https:\/\/samlanbox.com\/wp-content\/uploads\/2026\/01\/10.png\",\"datePublished\":\"2026-01-10T03:27:49+00:00\",\"dateModified\":\"2026-01-25T03:32:37+00:00\",\"breadcrumb\":{\"@id\":\"https:\/\/samlanbox.com\/?product=thung-carton-thiet-ke-dac-biet-hop-qua-tang-co-cua-so#breadcrumb\"},\"inLanguage\":\"vi\",\"potentialAction\":[{\"@type\":\"ReadAction\",\"target\":[\"https:\/\/samlanbox.com\/?product=thung-carton-thiet-ke-dac-biet-hop-qua-tang-co-cua-so\"]}]},{\"@type\":\"ImageObject\",\"inLanguage\":\"vi\",\"@id\":\"https:\/\/samlanbox.com\/?product=thung-carton-thiet-ke-dac-biet-hop-qua-tang-co-cua-so#primaryimage\",\"url\":\"https:\/\/samlanbox.com\/wp-content\/uploads\/2026\/01\/10.png\",\"contentUrl\":\"https:\/\/samlanbox.com\/wp-content\/uploads\/2026\/01\/10.png\",\"width\":1000,\"height\":1000,\"caption\":\"Th\u00f9ng carton thi\u1ebft k\u1ebf \u0111\u1eb7c bi\u1ec7t, h\u1ed9p carton c\u00f3 c\u1eeda s\u1ed5.\"},{\"@type\":\"BreadcrumbList\",\"@id\":\"https:\/\/samlanbox.com\/?product=thung-carton-thiet-ke-dac-biet-hop-qua-tang-co-cua-so#breadcrumb\",\"itemListElement\":[{\"@type\":\"ListItem\",\"position\":1,\"name\":\"Trang ch\u1ee7\",\"item\":\"https:\/\/samlanbox.com\/\"},{\"@type\":\"ListItem\",\"position\":2,\"name\":\"S\u1ea3n Ph\u1ea9m\",\"item\":\"https:\/\/samlanbox.com\/?page_id=8\"},{\"@type\":\"ListItem\",\"position\":3,\"name\":\"Th\u00f9ng Carton Thi\u1ebft K\u1ebf \u0110\u1eb7c Bi\u1ec7t (H\u1ed9p Qu\u00e0 T\u1eb7ng C\u00f3 C\u1eeda S\u1ed5)\"}]},{\"@type\":\"WebSite\",\"@id\":\"https:\/\/samlanbox.com\/#website\",\"url\":\"https:\/\/samlanbox.com\/\",\"name\":\"samlanbox.com\",\"description\":\"\",\"publisher\":{\"@id\":\"https:\/\/samlanbox.com\/#organization\"},\"potentialAction\":[{\"@type\":\"SearchAction\",\"target\":{\"@type\":\"EntryPoint\",\"urlTemplate\":\"https:\/\/samlanbox.com\/?s={search_term_string}\"},\"query-input\":{\"@type\":\"PropertyValueSpecification\",\"valueRequired\":true,\"valueName\":\"search_term_string\"}}],\"inLanguage\":\"vi\"},{\"@type\":\"Organization\",\"@id\":\"https:\/\/samlanbox.com\/#organization\",\"name\":\"C\u00f4ng Ty C\u1ed5 Ph\u1ea7n Bao B\u00ec Carton Sam Lan\",\"url\":\"https:\/\/samlanbox.com\/\",\"logo\":{\"@type\":\"ImageObject\",\"inLanguage\":\"vi\",\"@id\":\"https:\/\/samlanbox.com\/#\/schema\/logo\/image\/\",\"url\":\"http:\/\/samlanbox.com\/wp-content\/uploads\/2026\/02\/thung-carton-Sam-Lan-8.png\",\"contentUrl\":\"http:\/\/samlanbox.com\/wp-content\/uploads\/2026\/02\/thung-carton-Sam-Lan-8.png\",\"width\":1000,\"height\":1000,\"caption\":\"C\u00f4ng Ty C\u1ed5 Ph\u1ea7n Bao B\u00ec Carton Sam Lan\"},\"image\":{\"@id\":\"https:\/\/samlanbox.com\/#\/schema\/logo\/image\/\"}}]}<\/script>\n<!-- \/ Yoast SEO plugin. -->","yoast_head_json":{"title":"Th\u00f9ng Carton Thi\u1ebft K\u1ebf \u0110\u1eb7c Bi\u1ec7t (H\u1ed9p Qu\u00e0 T\u1eb7ng C\u00f3 C\u1eeda S\u1ed5) -","robots":{"index":"index","follow":"follow","max-snippet":"max-snippet:-1","max-image-preview":"max-image-preview:large","max-video-preview":"max-video-preview:-1"},"canonical":"https:\/\/samlanbox.com\/?product=thung-carton-thiet-ke-dac-biet-hop-qua-tang-co-cua-so","og_locale":"vi_VN","og_type":"article","og_title":"Th\u00f9ng Carton Thi\u1ebft K\u1ebf \u0110\u1eb7c Bi\u1ec7t (H\u1ed9p Qu\u00e0 T\u1eb7ng C\u00f3 C\u1eeda S\u1ed5) -","og_description":"Th\u00f4ng s\u1ed1 k\u1ef9 thu\u1eadt    Thi\u1ebft k\u1ebf: T\u00edch h\u1ee3p quai x\u00e1ch b\u1ebf tr\u1ef1c ti\u1ebfp, c\u1eaft c\u1eeda s\u1ed5 theo h\u00ecnh d\u1ea1ng y\u00eau c\u1ea7u.    In \u1ea5n: C\u00f4ng ngh\u1ec7 in Offset s\u1eafc n\u00e9t, m\u00e0u s\u1eafc s\u1ed1ng \u0111\u1ed9ng, h\u1ed7 tr\u1ee3 in hoa v\u0103n ph\u1ee9c t\u1ea1p.    Gia c\u00f4ng: C\u00e1n m\u00e0ng b\u1ea3o v\u1ec7, b\u1ebf khu\u00f4n chu\u1ea9n x\u00e1c.","og_url":"https:\/\/samlanbox.com\/?product=thung-carton-thiet-ke-dac-biet-hop-qua-tang-co-cua-so","article_modified_time":"2026-01-25T03:32:37+00:00","og_image":[{"width":1000,"height":1000,"url":"https:\/\/samlanbox.com\/wp-content\/uploads\/2026\/01\/10.png","type":"image\/png"}],"twitter_card":"summary_large_image","twitter_misc":{"\u01af\u1edbc t\u00ednh th\u1eddi gian \u0111\u1ecdc":"2 ph\u00fat"},"schema":{"@context":"https:\/\/schema.org","@graph":[{"@type":"WebPage","@id":"https:\/\/samlanbox.com\/?product=thung-carton-thiet-ke-dac-biet-hop-qua-tang-co-cua-so","url":"https:\/\/samlanbox.com\/?product=thung-carton-thiet-ke-dac-biet-hop-qua-tang-co-cua-so","name":"Th\u00f9ng Carton Thi\u1ebft K\u1ebf \u0110\u1eb7c Bi\u1ec7t (H\u1ed9p Qu\u00e0 T\u1eb7ng C\u00f3 C\u1eeda S\u1ed5) -","isPartOf":{"@id":"https:\/\/samlanbox.com\/#website"},"primaryImageOfPage":{"@id":"https:\/\/samlanbox.com\/?product=thung-carton-thiet-ke-dac-biet-hop-qua-tang-co-cua-so#primaryimage"},"image":{"@id":"https:\/\/samlanbox.com\/?product=thung-carton-thiet-ke-dac-biet-hop-qua-tang-co-cua-so#primaryimage"},"thumbnailUrl":"https:\/\/samlanbox.com\/wp-content\/uploads\/2026\/01\/10.png","datePublished":"2026-01-10T03:27:49+00:00","dateModified":"2026-01-25T03:32:37+00:00","breadcrumb":{"@id":"https:\/\/samlanbox.com\/?product=thung-carton-thiet-ke-dac-biet-hop-qua-tang-co-cua-so#breadcrumb"},"inLanguage":"vi","potentialAction":[{"@type":"ReadAction","target":["https:\/\/samlanbox.com\/?product=thung-carton-thiet-ke-dac-biet-hop-qua-tang-co-cua-so"]}]},{"@type":"ImageObject","inLanguage":"vi","@id":"https:\/\/samlanbox.com\/?product=thung-carton-thiet-ke-dac-biet-hop-qua-tang-co-cua-so#primaryimage","url":"https:\/\/samlanbox.com\/wp-content\/uploads\/2026\/01\/10.png","contentUrl":"https:\/\/samlanbox.com\/wp-content\/uploads\/2026\/01\/10.png","width":1000,"height":1000,"caption":"Th\u00f9ng carton thi\u1ebft k\u1ebf \u0111\u1eb7c bi\u1ec7t, h\u1ed9p carton c\u00f3 c\u1eeda s\u1ed5."},{"@type":"BreadcrumbList","@id":"https:\/\/samlanbox.com\/?product=thung-carton-thiet-ke-dac-biet-hop-qua-tang-co-cua-so#breadcrumb","itemListElement":[{"@type":"ListItem","position":1,"name":"Trang ch\u1ee7","item":"https:\/\/samlanbox.com\/"},{"@type":"ListItem","position":2,"name":"S\u1ea3n Ph\u1ea9m","item":"https:\/\/samlanbox.com\/?page_id=8"},{"@type":"ListItem","position":3,"name":"Th\u00f9ng Carton Thi\u1ebft K\u1ebf \u0110\u1eb7c Bi\u1ec7t (H\u1ed9p Qu\u00e0 T\u1eb7ng C\u00f3 C\u1eeda S\u1ed5)"}]},{"@type":"WebSite","@id":"https:\/\/samlanbox.com\/#website","url":"https:\/\/samlanbox.com\/","name":"samlanbox.com","description":"","publisher":{"@id":"https:\/\/samlanbox.com\/#organization"},"potentialAction":[{"@type":"SearchAction","target":{"@type":"EntryPoint","urlTemplate":"https:\/\/samlanbox.com\/?s={search_term_string}"},"query-input":{"@type":"PropertyValueSpecification","valueRequired":true,"valueName":"search_term_string"}}],"inLanguage":"vi"},{"@type":"Organization","@id":"https:\/\/samlanbox.com\/#organization","name":"C\u00f4ng Ty C\u1ed5 Ph\u1ea7n Bao B\u00ec Carton Sam Lan","url":"https:\/\/samlanbox.com\/","logo":{"@type":"ImageObject","inLanguage":"vi","@id":"https:\/\/samlanbox.com\/#\/schema\/logo\/image\/","url":"http:\/\/samlanbox.com\/wp-content\/uploads\/2026\/02\/thung-carton-Sam-Lan-8.png","contentUrl":"http:\/\/samlanbox.com\/wp-content\/uploads\/2026\/02\/thung-carton-Sam-Lan-8.png","width":1000,"height":1000,"caption":"C\u00f4ng Ty C\u1ed5 Ph\u1ea7n Bao B\u00ec Carton Sam Lan"},"image":{"@id":"https:\/\/samlanbox.com\/#\/schema\/logo\/image\/"}}]}},"jetpack_sharing_enabled":true,"_links":{"self":[{"href":"https:\/\/samlanbox.com\/index.php?rest_route=\/wp\/v2\/product\/822","targetHints":{"allow":["GET"]}}],"collection":[{"href":"https:\/\/samlanbox.com\/index.php?rest_route=\/wp\/v2\/product"}],"about":[{"href":"https:\/\/samlanbox.com\/index.php?rest_route=\/wp\/v2\/types\/product"}],"replies":[{"embeddable":true,"href":"https:\/\/samlanbox.com\/index.php?rest_route=%2Fwp%2Fv2%2Fcomments&post=822"}],"wp:featuredmedia":[{"embeddable":true,"href":"https:\/\/samlanbox.com\/index.php?rest_route=\/wp\/v2\/media\/823"}],"wp:attachment":[{"href":"https:\/\/samlanbox.com\/index.php?rest_route=%2Fwp%2Fv2%2Fmedia&parent=822"}],"wp:term":[{"taxonomy":"product_brand","embeddable":true,"href":"https:\/\/samlanbox.com\/index.php?rest_route=%2Fwp%2Fv2%2Fproduct_brand&post=822"},{"taxonomy":"product_cat","embeddable":true,"href":"https:\/\/samlanbox.com\/index.php?rest_route=%2Fwp%2Fv2%2Fproduct_cat&post=822"},{"taxonomy":"product_tag","embeddable":true,"href":"https:\/\/samlanbox.com\/index.php?rest_route=%2Fwp%2Fv2%2Fproduct_tag&post=822"}],"curies":[{"name":"wp","href":"https:\/\/api.w.org\/{rel}","templated":true}]}}