{"id":820,"date":"2026-01-09T03:22:09","date_gmt":"2026-01-09T03:22:09","guid":{"rendered":"https:\/\/samlanbox.com\/?post_type=product&#038;p=820"},"modified":"2026-01-25T03:26:44","modified_gmt":"2026-01-25T03:26:44","slug":"thung-carton-co-nap-chom","status":"publish","type":"product","link":"https:\/\/samlanbox.com\/?product=thung-carton-co-nap-chom","title":{"rendered":"Th\u00f9ng Carton C\u00f3 N\u1eafp Ch\u1ed3m"},"content":{"rendered":"<p data-path-to-node=\"5\">Th\u00f9ng carton n\u1eafp ch\u1ed3m l\u00e0 gi\u1ea3i ph\u00e1p \u0111\u00f3ng g\u00f3i \u01b0u vi\u1ec7t cho c\u00e1c lo\u1ea1i h\u00e0ng h\u00f3a c\u00f3 tr\u1ecdng l\u01b0\u1ee3ng l\u1edbn ho\u1eb7c c\u1ea7n s\u1ef1 b\u1ea3o v\u1ec7 k\u00e9p. \u0110i\u1ec3m kh\u00e1c bi\u1ec7t l\u1edbn nh\u1ea5t l\u00e0 hai c\u00e1nh n\u1eafp ch\u00ednh c\u1ee7a th\u00f9ng \u0111\u01b0\u1ee3c thi\u1ebft k\u1ebf d\u00e0i ch\u1ed3m l\u00ean nhau, t\u1ea1o th\u00e0nh m\u1ed9t l\u1edbp b\u1ea3o v\u1ec7 d\u00e0y d\u1eb7n \u1edf m\u1eb7t tr\u00ean.<\/p>\n<figure id=\"attachment_821\" aria-describedby=\"caption-attachment-821\" style=\"width: 300px\" class=\"wp-caption alignnone\"><img fetchpriority=\"high\" decoding=\"async\" class=\"size-medium wp-image-821\" src=\"https:\/\/samlanbox.com\/wp-content\/uploads\/2026\/01\/9-300x300.png\" alt=\"Th\u00f9ng carton n\u1eafp ch\u1ed3m, h\u1ed9p carton n\u1eafp ch\u1ed3m\" width=\"300\" height=\"300\" srcset=\"https:\/\/samlanbox.com\/wp-content\/uploads\/2026\/01\/9-300x300.png 300w, https:\/\/samlanbox.com\/wp-content\/uploads\/2026\/01\/9-150x150.png 150w, https:\/\/samlanbox.com\/wp-content\/uploads\/2026\/01\/9-768x768.png 768w, https:\/\/samlanbox.com\/wp-content\/uploads\/2026\/01\/9-600x600.png 600w, https:\/\/samlanbox.com\/wp-content\/uploads\/2026\/01\/9-100x100.png 100w, https:\/\/samlanbox.com\/wp-content\/uploads\/2026\/01\/9.png 1000w\" sizes=\"(max-width: 300px) 100vw, 300px\" \/><figcaption id=\"caption-attachment-821\" class=\"wp-caption-text\">Th\u00f9ng carton n\u1eafp ch\u1ed3m, h\u1ed9p carton n\u1eafp ch\u1ed3m<\/figcaption><\/figure>\n<h3 data-path-to-node=\"6\">Th\u00f4ng s\u1ed1 k\u1ef9 thu\u1eadt<\/h3>\n<ul data-path-to-node=\"7\">\n<li>\n<p data-path-to-node=\"7,0,0\"><b data-path-to-node=\"7,0,0\" data-index-in-node=\"0\">Ch\u1ea5t li\u1ec7u:<\/b> Carton 3 l\u1edbp ho\u1eb7c 5 l\u1edbp b\u1ec1n b\u1ec9.<\/p>\n<\/li>\n<li>\n<p data-path-to-node=\"7,1,0\"><b data-path-to-node=\"7,1,0\" data-index-in-node=\"0\">Ki\u1ec3u d\u00e1ng:<\/b> N\u1eafp ch\u1ed3m (Overlapping Flap), hai n\u1eafp ch\u00ednh ch\u1ed3ng l\u00ean nhau ho\u00e0n to\u00e0n.<\/p>\n<\/li>\n<li>\n<p data-path-to-node=\"7,2,0\"><b data-path-to-node=\"7,2,0\" data-index-in-node=\"0\">K\u00edch th\u01b0\u1edbc:<\/b> S\u1ea3n xu\u1ea5t theo y\u00eau c\u1ea7u ri\u00eang c\u1ee7a t\u1eebng lo\u1ea1i s\u1ea3n ph\u1ea9m.<\/p>\n<\/li>\n<\/ul>\n<h3 data-path-to-node=\"8\">\u01afu \u0111i\u1ec3m &amp; \u1ee8ng d\u1ee5ng<\/h3>\n<ul data-path-to-node=\"9\">\n<li>\n<p data-path-to-node=\"9,0,0\"><b data-path-to-node=\"9,0,0\" data-index-in-node=\"0\">\u01afu \u0111i\u1ec3m:<\/b> Kh\u1ea3 n\u0103ng ch\u1ecbu l\u1ef1c n\u00e9n c\u1ef1c t\u1ed1t, b\u1ea3o v\u1ec7 s\u1ea3n ph\u1ea9m b\u00ean trong kh\u1ecfi c\u00e1c va ch\u1ea1m m\u1ea1nh t\u1eeb ph\u00eda tr\u00ean. Vi\u1ec7c n\u1eafp ch\u1ed3ng l\u00ean nhau c\u0169ng gi\u00fap vi\u1ec7c d\u00e1n b\u0103ng keo tr\u1edf n\u00ean ch\u1eafc ch\u1eafn h\u01a1n.<\/p>\n<\/li>\n<li>\n<p data-path-to-node=\"9,1,0\"><b data-path-to-node=\"9,1,0\" data-index-in-node=\"0\">\u1ee8ng d\u1ee5ng:<\/b> Th\u00edch h\u1ee3p \u0111\u00f3ng g\u00f3i c\u00e1c m\u1eb7t h\u00e0ng n\u1eb7ng, k\u00edch th\u01b0\u1edbc l\u1edbn nh\u01b0 m\u00e1y m\u00f3c, \u0111\u1ed3 g\u1ed7 n\u1ed9i th\u1ea5t, thi\u1ebft b\u1ecb gia d\u1ee5ng.<\/p>\n<\/li>\n<\/ul>\n<h3 data-path-to-node=\"29\">T\u1ea0I SAO N\u00caN L\u1ef0A CH\u1eccN SAMLAN?<\/h3>\n<ul data-path-to-node=\"30\">\n<li>\n<p data-path-to-node=\"30,0,0\"><b data-path-to-node=\"30,0,0\" data-index-in-node=\"0\">Gi\u00e1 g\u1ed1c t\u1eadn x\u01b0\u1edfng:<\/b> Kh\u00f4ng qua trung gian, t\u1ed1i \u01b0u chi ph\u00ed cho doanh nghi\u1ec7p.<\/p>\n<\/li>\n<li>\n<p data-path-to-node=\"30,1,0\"><b data-path-to-node=\"30,1,0\" data-index-in-node=\"0\">K\u1ef9 thu\u1eadt chu\u1ea9n:<\/b> \u0110\u1ea3m b\u1ea3o \u0111\u1ecbnh l\u01b0\u1ee3ng gi\u1ea5y v\u00e0 lo\u1ea1i s\u00f3ng \u0111\u00fang nh\u01b0 cam k\u1ebft.<\/p>\n<\/li>\n<li>\n<p data-path-to-node=\"30,2,0\"><b data-path-to-node=\"30,2,0\" data-index-in-node=\"0\">T\u01b0 v\u1ea5n chuy\u00ean nghi\u1ec7p:<\/b> H\u1ed7 tr\u1ee3 thi\u1ebft k\u1ebf v\u00e0 in \u1ea5n logo th\u01b0\u01a1ng hi\u1ec7u.<\/p>\n<\/li>\n<\/ul>\n<p data-path-to-node=\"31\"><b data-path-to-node=\"31\" data-index-in-node=\"0\">TH\u00d4NG TIN LI\u00caN H\u1ec6:<\/b><\/p>\n<ul data-path-to-node=\"32\">\n<li>\n<p data-path-to-node=\"32,0,0\"><b data-path-to-node=\"32,0,0\" data-index-in-node=\"0\">Hotline\/Zalo:<\/b> 0348.744.689<\/p>\n<\/li>\n<\/ul>\n","protected":false},"excerpt":{"rendered":"<h3 data-path-to-node=\"6\">Th\u00f4ng s\u1ed1 k\u1ef9 thu\u1eadt<\/h3>\n<ul data-path-to-node=\"7\">\n<li>\n<p data-path-to-node=\"7,0,0\"><b data-path-to-node=\"7,0,0\" data-index-in-node=\"0\">Ch\u1ea5t li\u1ec7u:<\/b> Carton 3 l\u1edbp ho\u1eb7c 5 l\u1edbp b\u1ec1n b\u1ec9.<\/p>\n<\/li>\n<li>\n<p data-path-to-node=\"7,1,0\"><b data-path-to-node=\"7,1,0\" data-index-in-node=\"0\">Ki\u1ec3u d\u00e1ng:<\/b> N\u1eafp ch\u1ed3m (Overlapping Flap), hai n\u1eafp ch\u00ednh ch\u1ed3ng l\u00ean nhau ho\u00e0n to\u00e0n.<\/p>\n<\/li>\n<li>\n<p data-path-to-node=\"7,2,0\"><b data-path-to-node=\"7,2,0\" data-index-in-node=\"0\">K\u00edch th\u01b0\u1edbc:<\/b> S\u1ea3n xu\u1ea5t theo y\u00eau c\u1ea7u ri\u00eang c\u1ee7a t\u1eebng lo\u1ea1i s\u1ea3n ph\u1ea9m.<\/p>\n<\/li>\n<\/ul>\n","protected":false},"featured_media":821,"comment_status":"open","ping_status":"closed","template":"","meta":{"_acf_changed":false,"ocean_post_layout":"","ocean_both_sidebars_style":"","ocean_both_sidebars_content_width":0,"ocean_both_sidebars_sidebars_width":0,"ocean_sidebar":"0","ocean_second_sidebar":"0","ocean_disable_margins":"enable","ocean_add_body_class":"","ocean_shortcode_before_top_bar":"","ocean_shortcode_after_top_bar":"","ocean_shortcode_before_header":"","ocean_shortcode_after_header":"","ocean_has_shortcode":"","ocean_shortcode_after_title":"","ocean_shortcode_before_footer_widgets":"","ocean_shortcode_after_footer_widgets":"","ocean_shortcode_before_footer_bottom":"","ocean_shortcode_after_footer_bottom":"","ocean_display_top_bar":"default","ocean_display_header":"default","ocean_header_style":"","ocean_center_header_left_menu":"0","ocean_custom_header_template":"0","ocean_custom_logo":0,"ocean_custom_retina_logo":0,"ocean_custom_logo_max_width":0,"ocean_custom_logo_tablet_max_width":0,"ocean_custom_logo_mobile_max_width":0,"ocean_custom_logo_max_height":0,"ocean_custom_logo_tablet_max_height":0,"ocean_custom_logo_mobile_max_height":0,"ocean_header_custom_menu":"0","ocean_menu_typo_font_family":"0","ocean_menu_typo_font_subset":"","ocean_menu_typo_font_size":0,"ocean_menu_typo_font_size_tablet":0,"ocean_menu_typo_font_size_mobile":0,"ocean_menu_typo_font_size_unit":"px","ocean_menu_typo_font_weight":"","ocean_menu_typo_font_weight_tablet":"","ocean_menu_typo_font_weight_mobile":"","ocean_menu_typo_transform":"","ocean_menu_typo_transform_tablet":"","ocean_menu_typo_transform_mobile":"","ocean_menu_typo_line_height":0,"ocean_menu_typo_line_height_tablet":0,"ocean_menu_typo_line_height_mobile":0,"ocean_menu_typo_line_height_unit":"","ocean_menu_typo_spacing":0,"ocean_menu_typo_spacing_tablet":0,"ocean_menu_typo_spacing_mobile":0,"ocean_menu_typo_spacing_unit":"","ocean_menu_link_color":"","ocean_menu_link_color_hover":"","ocean_menu_link_color_active":"","ocean_menu_link_background":"","ocean_menu_link_hover_background":"","ocean_menu_link_active_background":"","ocean_menu_social_links_bg":"","ocean_menu_social_hover_links_bg":"","ocean_menu_social_links_color":"","ocean_menu_social_hover_links_color":"","ocean_disable_title":"default","ocean_disable_heading":"default","ocean_post_title":"","ocean_post_subheading":"","ocean_post_title_style":"","ocean_post_title_background_color":"","ocean_post_title_background":0,"ocean_post_title_bg_image_position":"","ocean_post_title_bg_image_attachment":"","ocean_post_title_bg_image_repeat":"","ocean_post_title_bg_image_size":"","ocean_post_title_height":0,"ocean_post_title_bg_overlay":0.5,"ocean_post_title_bg_overlay_color":"","ocean_disable_breadcrumbs":"default","ocean_breadcrumbs_color":"","ocean_breadcrumbs_separator_color":"","ocean_breadcrumbs_links_color":"","ocean_breadcrumbs_links_hover_color":"","ocean_display_footer_widgets":"default","ocean_display_footer_bottom":"default","ocean_custom_footer_template":"0"},"product_brand":[86],"product_cat":[16,62,67,69,80],"product_tag":[113,115,111,116,112,114],"class_list":{"0":"post-820","1":"product","2":"type-product","3":"status-publish","4":"has-post-thumbnail","6":"product_brand-sam-lan-box","7":"product_cat-cac-dong-san-pham","8":"product_cat-hop-carton","9":"product_cat-hop-carton-cung","10":"product_cat-hop-carton-xep-nhanh","11":"product_cat-hop-qua-tui-giay","12":"product_tag-hop-carton-nap-chom","13":"product_tag-san-xuat-thung-carton-nap-chom-gia-re","14":"product_tag-thung-carton-co-nap-chom","15":"product_tag-thung-carton-dong-hang-nang","16":"product_tag-thung-carton-nap-chom","17":"product_tag-thung-giay-nap-chong","19":"entry","20":"has-media","22":"first","23":"instock","24":"shipping-taxable","25":"product-type-simple","26":"has-product-nav","27":"col","28":"span_1_of_3","29":"owp-content-center","30":"owp-thumbs-layout-horizontal","31":"owp-btn-normal","32":"owp-tabs-layout-horizontal","33":"has-no-thumbnails"},"acf":[],"yoast_head":"<!-- This site is optimized with the Yoast SEO plugin v27.0 - https:\/\/yoast.com\/product\/yoast-seo-wordpress\/ -->\n<title>Th\u00f9ng Carton C\u00f3 N\u1eafp Ch\u1ed3m -<\/title>\n<meta name=\"robots\" content=\"index, follow, max-snippet:-1, max-image-preview:large, max-video-preview:-1\" \/>\n<link rel=\"canonical\" href=\"https:\/\/samlanbox.com\/?product=thung-carton-co-nap-chom\" \/>\n<meta property=\"og:locale\" content=\"vi_VN\" \/>\n<meta property=\"og:type\" content=\"article\" \/>\n<meta property=\"og:title\" content=\"Th\u00f9ng Carton C\u00f3 N\u1eafp Ch\u1ed3m -\" \/>\n<meta property=\"og:description\" content=\"Th\u00f4ng s\u1ed1 k\u1ef9 thu\u1eadt    Ch\u1ea5t li\u1ec7u: Carton 3 l\u1edbp ho\u1eb7c 5 l\u1edbp b\u1ec1n b\u1ec9.    Ki\u1ec3u d\u00e1ng: N\u1eafp ch\u1ed3m (Overlapping Flap), hai n\u1eafp ch\u00ednh ch\u1ed3ng l\u00ean nhau ho\u00e0n to\u00e0n.    K\u00edch th\u01b0\u1edbc: S\u1ea3n xu\u1ea5t theo y\u00eau c\u1ea7u ri\u00eang c\u1ee7a t\u1eebng lo\u1ea1i s\u1ea3n ph\u1ea9m.\" \/>\n<meta property=\"og:url\" content=\"https:\/\/samlanbox.com\/?product=thung-carton-co-nap-chom\" \/>\n<meta property=\"article:modified_time\" content=\"2026-01-25T03:26:44+00:00\" \/>\n<meta property=\"og:image\" content=\"https:\/\/samlanbox.com\/wp-content\/uploads\/2026\/01\/9.png\" \/>\n\t<meta property=\"og:image:width\" content=\"1000\" \/>\n\t<meta property=\"og:image:height\" content=\"1000\" \/>\n\t<meta property=\"og:image:type\" content=\"image\/png\" \/>\n<meta name=\"twitter:card\" content=\"summary_large_image\" \/>\n<meta name=\"twitter:label1\" content=\"\u01af\u1edbc t\u00ednh th\u1eddi gian \u0111\u1ecdc\" \/>\n\t<meta name=\"twitter:data1\" content=\"2 ph\u00fat\" \/>\n<script type=\"application\/ld+json\" class=\"yoast-schema-graph\">{\"@context\":\"https:\/\/schema.org\",\"@graph\":[{\"@type\":\"WebPage\",\"@id\":\"https:\/\/samlanbox.com\/?product=thung-carton-co-nap-chom\",\"url\":\"https:\/\/samlanbox.com\/?product=thung-carton-co-nap-chom\",\"name\":\"Th\u00f9ng Carton C\u00f3 N\u1eafp Ch\u1ed3m -\",\"isPartOf\":{\"@id\":\"https:\/\/samlanbox.com\/#website\"},\"primaryImageOfPage\":{\"@id\":\"https:\/\/samlanbox.com\/?product=thung-carton-co-nap-chom#primaryimage\"},\"image\":{\"@id\":\"https:\/\/samlanbox.com\/?product=thung-carton-co-nap-chom#primaryimage\"},\"thumbnailUrl\":\"https:\/\/samlanbox.com\/wp-content\/uploads\/2026\/01\/9.png\",\"datePublished\":\"2026-01-09T03:22:09+00:00\",\"dateModified\":\"2026-01-25T03:26:44+00:00\",\"breadcrumb\":{\"@id\":\"https:\/\/samlanbox.com\/?product=thung-carton-co-nap-chom#breadcrumb\"},\"inLanguage\":\"vi\",\"potentialAction\":[{\"@type\":\"ReadAction\",\"target\":[\"https:\/\/samlanbox.com\/?product=thung-carton-co-nap-chom\"]}]},{\"@type\":\"ImageObject\",\"inLanguage\":\"vi\",\"@id\":\"https:\/\/samlanbox.com\/?product=thung-carton-co-nap-chom#primaryimage\",\"url\":\"https:\/\/samlanbox.com\/wp-content\/uploads\/2026\/01\/9.png\",\"contentUrl\":\"https:\/\/samlanbox.com\/wp-content\/uploads\/2026\/01\/9.png\",\"width\":1000,\"height\":1000,\"caption\":\"Th\u00f9ng carton n\u1eafp ch\u1ed3m, h\u1ed9p carton n\u1eafp ch\u1ed3m\"},{\"@type\":\"BreadcrumbList\",\"@id\":\"https:\/\/samlanbox.com\/?product=thung-carton-co-nap-chom#breadcrumb\",\"itemListElement\":[{\"@type\":\"ListItem\",\"position\":1,\"name\":\"Trang ch\u1ee7\",\"item\":\"https:\/\/samlanbox.com\/\"},{\"@type\":\"ListItem\",\"position\":2,\"name\":\"S\u1ea3n Ph\u1ea9m\",\"item\":\"https:\/\/samlanbox.com\/?page_id=8\"},{\"@type\":\"ListItem\",\"position\":3,\"name\":\"Th\u00f9ng Carton C\u00f3 N\u1eafp Ch\u1ed3m\"}]},{\"@type\":\"WebSite\",\"@id\":\"https:\/\/samlanbox.com\/#website\",\"url\":\"https:\/\/samlanbox.com\/\",\"name\":\"samlanbox.com\",\"description\":\"\",\"publisher\":{\"@id\":\"https:\/\/samlanbox.com\/#organization\"},\"potentialAction\":[{\"@type\":\"SearchAction\",\"target\":{\"@type\":\"EntryPoint\",\"urlTemplate\":\"https:\/\/samlanbox.com\/?s={search_term_string}\"},\"query-input\":{\"@type\":\"PropertyValueSpecification\",\"valueRequired\":true,\"valueName\":\"search_term_string\"}}],\"inLanguage\":\"vi\"},{\"@type\":\"Organization\",\"@id\":\"https:\/\/samlanbox.com\/#organization\",\"name\":\"C\u00f4ng Ty C\u1ed5 Ph\u1ea7n Bao B\u00ec Carton Sam Lan\",\"url\":\"https:\/\/samlanbox.com\/\",\"logo\":{\"@type\":\"ImageObject\",\"inLanguage\":\"vi\",\"@id\":\"https:\/\/samlanbox.com\/#\/schema\/logo\/image\/\",\"url\":\"http:\/\/samlanbox.com\/wp-content\/uploads\/2026\/02\/thung-carton-Sam-Lan-8.png\",\"contentUrl\":\"http:\/\/samlanbox.com\/wp-content\/uploads\/2026\/02\/thung-carton-Sam-Lan-8.png\",\"width\":1000,\"height\":1000,\"caption\":\"C\u00f4ng Ty C\u1ed5 Ph\u1ea7n Bao B\u00ec Carton Sam Lan\"},\"image\":{\"@id\":\"https:\/\/samlanbox.com\/#\/schema\/logo\/image\/\"}}]}<\/script>\n<!-- \/ Yoast SEO plugin. -->","yoast_head_json":{"title":"Th\u00f9ng Carton C\u00f3 N\u1eafp Ch\u1ed3m -","robots":{"index":"index","follow":"follow","max-snippet":"max-snippet:-1","max-image-preview":"max-image-preview:large","max-video-preview":"max-video-preview:-1"},"canonical":"https:\/\/samlanbox.com\/?product=thung-carton-co-nap-chom","og_locale":"vi_VN","og_type":"article","og_title":"Th\u00f9ng Carton C\u00f3 N\u1eafp Ch\u1ed3m -","og_description":"Th\u00f4ng s\u1ed1 k\u1ef9 thu\u1eadt    Ch\u1ea5t li\u1ec7u: Carton 3 l\u1edbp ho\u1eb7c 5 l\u1edbp b\u1ec1n b\u1ec9.    Ki\u1ec3u d\u00e1ng: N\u1eafp ch\u1ed3m (Overlapping Flap), hai n\u1eafp ch\u00ednh ch\u1ed3ng l\u00ean nhau ho\u00e0n to\u00e0n.    K\u00edch th\u01b0\u1edbc: S\u1ea3n xu\u1ea5t theo y\u00eau c\u1ea7u ri\u00eang c\u1ee7a t\u1eebng lo\u1ea1i s\u1ea3n ph\u1ea9m.","og_url":"https:\/\/samlanbox.com\/?product=thung-carton-co-nap-chom","article_modified_time":"2026-01-25T03:26:44+00:00","og_image":[{"width":1000,"height":1000,"url":"https:\/\/samlanbox.com\/wp-content\/uploads\/2026\/01\/9.png","type":"image\/png"}],"twitter_card":"summary_large_image","twitter_misc":{"\u01af\u1edbc t\u00ednh th\u1eddi gian \u0111\u1ecdc":"2 ph\u00fat"},"schema":{"@context":"https:\/\/schema.org","@graph":[{"@type":"WebPage","@id":"https:\/\/samlanbox.com\/?product=thung-carton-co-nap-chom","url":"https:\/\/samlanbox.com\/?product=thung-carton-co-nap-chom","name":"Th\u00f9ng Carton C\u00f3 N\u1eafp Ch\u1ed3m -","isPartOf":{"@id":"https:\/\/samlanbox.com\/#website"},"primaryImageOfPage":{"@id":"https:\/\/samlanbox.com\/?product=thung-carton-co-nap-chom#primaryimage"},"image":{"@id":"https:\/\/samlanbox.com\/?product=thung-carton-co-nap-chom#primaryimage"},"thumbnailUrl":"https:\/\/samlanbox.com\/wp-content\/uploads\/2026\/01\/9.png","datePublished":"2026-01-09T03:22:09+00:00","dateModified":"2026-01-25T03:26:44+00:00","breadcrumb":{"@id":"https:\/\/samlanbox.com\/?product=thung-carton-co-nap-chom#breadcrumb"},"inLanguage":"vi","potentialAction":[{"@type":"ReadAction","target":["https:\/\/samlanbox.com\/?product=thung-carton-co-nap-chom"]}]},{"@type":"ImageObject","inLanguage":"vi","@id":"https:\/\/samlanbox.com\/?product=thung-carton-co-nap-chom#primaryimage","url":"https:\/\/samlanbox.com\/wp-content\/uploads\/2026\/01\/9.png","contentUrl":"https:\/\/samlanbox.com\/wp-content\/uploads\/2026\/01\/9.png","width":1000,"height":1000,"caption":"Th\u00f9ng carton n\u1eafp ch\u1ed3m, h\u1ed9p carton n\u1eafp ch\u1ed3m"},{"@type":"BreadcrumbList","@id":"https:\/\/samlanbox.com\/?product=thung-carton-co-nap-chom#breadcrumb","itemListElement":[{"@type":"ListItem","position":1,"name":"Trang ch\u1ee7","item":"https:\/\/samlanbox.com\/"},{"@type":"ListItem","position":2,"name":"S\u1ea3n Ph\u1ea9m","item":"https:\/\/samlanbox.com\/?page_id=8"},{"@type":"ListItem","position":3,"name":"Th\u00f9ng Carton C\u00f3 N\u1eafp Ch\u1ed3m"}]},{"@type":"WebSite","@id":"https:\/\/samlanbox.com\/#website","url":"https:\/\/samlanbox.com\/","name":"samlanbox.com","description":"","publisher":{"@id":"https:\/\/samlanbox.com\/#organization"},"potentialAction":[{"@type":"SearchAction","target":{"@type":"EntryPoint","urlTemplate":"https:\/\/samlanbox.com\/?s={search_term_string}"},"query-input":{"@type":"PropertyValueSpecification","valueRequired":true,"valueName":"search_term_string"}}],"inLanguage":"vi"},{"@type":"Organization","@id":"https:\/\/samlanbox.com\/#organization","name":"C\u00f4ng Ty C\u1ed5 Ph\u1ea7n Bao B\u00ec Carton Sam Lan","url":"https:\/\/samlanbox.com\/","logo":{"@type":"ImageObject","inLanguage":"vi","@id":"https:\/\/samlanbox.com\/#\/schema\/logo\/image\/","url":"http:\/\/samlanbox.com\/wp-content\/uploads\/2026\/02\/thung-carton-Sam-Lan-8.png","contentUrl":"http:\/\/samlanbox.com\/wp-content\/uploads\/2026\/02\/thung-carton-Sam-Lan-8.png","width":1000,"height":1000,"caption":"C\u00f4ng Ty C\u1ed5 Ph\u1ea7n Bao B\u00ec Carton Sam Lan"},"image":{"@id":"https:\/\/samlanbox.com\/#\/schema\/logo\/image\/"}}]}},"jetpack_sharing_enabled":true,"_links":{"self":[{"href":"https:\/\/samlanbox.com\/index.php?rest_route=\/wp\/v2\/product\/820","targetHints":{"allow":["GET"]}}],"collection":[{"href":"https:\/\/samlanbox.com\/index.php?rest_route=\/wp\/v2\/product"}],"about":[{"href":"https:\/\/samlanbox.com\/index.php?rest_route=\/wp\/v2\/types\/product"}],"replies":[{"embeddable":true,"href":"https:\/\/samlanbox.com\/index.php?rest_route=%2Fwp%2Fv2%2Fcomments&post=820"}],"wp:featuredmedia":[{"embeddable":true,"href":"https:\/\/samlanbox.com\/index.php?rest_route=\/wp\/v2\/media\/821"}],"wp:attachment":[{"href":"https:\/\/samlanbox.com\/index.php?rest_route=%2Fwp%2Fv2%2Fmedia&parent=820"}],"wp:term":[{"taxonomy":"product_brand","embeddable":true,"href":"https:\/\/samlanbox.com\/index.php?rest_route=%2Fwp%2Fv2%2Fproduct_brand&post=820"},{"taxonomy":"product_cat","embeddable":true,"href":"https:\/\/samlanbox.com\/index.php?rest_route=%2Fwp%2Fv2%2Fproduct_cat&post=820"},{"taxonomy":"product_tag","embeddable":true,"href":"https:\/\/samlanbox.com\/index.php?rest_route=%2Fwp%2Fv2%2Fproduct_tag&post=820"}],"curies":[{"name":"wp","href":"https:\/\/api.w.org\/{rel}","templated":true}]}}