{"id":816,"date":"2026-01-08T03:10:59","date_gmt":"2026-01-08T03:10:59","guid":{"rendered":"https:\/\/samlanbox.com\/?post_type=product&#038;p=816"},"modified":"2026-01-25T03:15:16","modified_gmt":"2026-01-25T03:15:16","slug":"thung-carton-nap-gai-die-cut-box","status":"publish","type":"product","link":"https:\/\/samlanbox.com\/?product=thung-carton-nap-gai-die-cut-box","title":{"rendered":"Th\u00f9ng Carton N\u1eafp G\u00e0i (Die-cut Box)"},"content":{"rendered":"<p data-path-to-node=\"6\">Th\u00f9ng carton n\u1eafp g\u00e0i (hay c\u00f2n g\u1ecdi l\u00e0 h\u1ed9p n\u1eafp g\u00e0i h\u00f4ng) l\u00e0 m\u1eabu h\u1ed9p \u0111\u01b0\u1ee3c b\u1ebf khu\u00f4n (die-cut) t\u1ec9 m\u1ec9 v\u1edbi thi\u1ebft k\u1ebf n\u1eafp d\u00ednh li\u1ec1n th\u00e2n. Khi \u0111\u00f3ng, n\u1eafp h\u1ed9p s\u1ebd \u0111\u01b0\u1ee3c g\u00e0i v\u00e0o hai c\u1ea1nh b\u00ean, t\u1ea1o \u0111\u1ed9 k\u00edn kh\u00edt v\u00e0 th\u1ea9m m\u1ef9 c\u1ef1c cao m\u00e0 kh\u00f4ng c\u1ea7n s\u1eed d\u1ee5ng qu\u00e1 nhi\u1ec1u b\u0103ng d\u00ednh.<\/p>\n<figure id=\"attachment_810\" aria-describedby=\"caption-attachment-810\" style=\"width: 300px\" class=\"wp-caption alignnone\"><img fetchpriority=\"high\" decoding=\"async\" class=\"size-medium wp-image-810\" src=\"https:\/\/samlanbox.com\/wp-content\/uploads\/2026\/01\/6-300x300.png\" alt=\"Th\u00f9ng Carton N\u1eafp G\u00e0i (Die-cut Box)\" width=\"300\" height=\"300\" srcset=\"https:\/\/samlanbox.com\/wp-content\/uploads\/2026\/01\/6-300x300.png 300w, https:\/\/samlanbox.com\/wp-content\/uploads\/2026\/01\/6-150x150.png 150w, https:\/\/samlanbox.com\/wp-content\/uploads\/2026\/01\/6-768x768.png 768w, https:\/\/samlanbox.com\/wp-content\/uploads\/2026\/01\/6-600x600.png 600w, https:\/\/samlanbox.com\/wp-content\/uploads\/2026\/01\/6-100x100.png 100w, https:\/\/samlanbox.com\/wp-content\/uploads\/2026\/01\/6.png 1000w\" sizes=\"(max-width: 300px) 100vw, 300px\" \/><figcaption id=\"caption-attachment-810\" class=\"wp-caption-text\">Th\u00f9ng Carton N\u1eafp G\u00e0i (Die-cut Box)<\/figcaption><\/figure>\n<h3 data-path-to-node=\"7\">1. Th\u00f4ng s\u1ed1 k\u1ef9 thu\u1eadt<\/h3>\n<ul data-path-to-node=\"8\">\n<li>\n<p data-path-to-node=\"8,0,0\"><b data-path-to-node=\"8,0,0\" data-index-in-node=\"0\">Ch\u1ea5t li\u1ec7u:<\/b> Carton 3 l\u1edbp, s\u00f3ng E (m\u1ecfng m\u1ecbn) ho\u1eb7c s\u00f3ng B (c\u1ee9ng c\u00e1p).<\/p>\n<\/li>\n<li>\n<p data-path-to-node=\"8,1,0\"><b data-path-to-node=\"8,1,0\" data-index-in-node=\"0\">Ki\u1ec3u d\u00e1ng:<\/b> N\u1eafp g\u00e0i kh\u00f3a h\u00f4ng, n\u1eafp d\u00ednh li\u1ec1n th\u00e2n.<\/p>\n<\/li>\n<li>\n<p data-path-to-node=\"8,2,0\"><b data-path-to-node=\"8,2,0\" data-index-in-node=\"0\">Gia c\u00f4ng:<\/b> B\u1ebf khu\u00f4n t\u1ef1 \u0111\u1ed9ng, \u0111\u01b0\u1eddng g\u1ea5p chu\u1ea9n x\u00e1c 100%.<\/p>\n<\/li>\n<\/ul>\n<h3 data-path-to-node=\"9\">2. \u01afu \u0111i\u1ec3m &amp; \u1ee8ng d\u1ee5ng<\/h3>\n<ul data-path-to-node=\"10\">\n<li>\n<p data-path-to-node=\"10,0,0\"><b data-path-to-node=\"10,0,0\" data-index-in-node=\"0\">\u01afu \u0111i\u1ec3m:<\/b> Thi\u1ebft k\u1ebf sang tr\u1ecdng, form h\u1ed9p vu\u00f4ng v\u1ee9c, gi\u00fap n\u00e2ng t\u1ea7m h\u00ecnh \u1ea3nh th\u01b0\u01a1ng hi\u1ec7u. Ti\u1ebft ki\u1ec7m th\u1eddi gian \u0111\u00f3ng g\u00f3i.<\/p>\n<\/li>\n<li>\n<p data-path-to-node=\"10,1,0\"><b data-path-to-node=\"10,1,0\" data-index-in-node=\"0\">\u1ee8ng d\u1ee5ng:<\/b> Chuy\u00ean d\u00f9ng \u0111\u00f3ng g\u00f3i qu\u1ea7n \u00e1o, m\u1ef9 ph\u1ea9m, ph\u1ee5 ki\u1ec7n \u0111i\u1ec7n t\u1eed, v\u00ed da v\u00e0 c\u00e1c m\u1eb7t h\u00e0ng qu\u00e0 t\u1eb7ng online.<\/p>\n<\/li>\n<\/ul>\n<h3 data-path-to-node=\"21\">3. T\u1ea1i sao n\u00ean ch\u1ecdn mua t\u1ea1i Samlan?<\/h3>\n<p data-path-to-node=\"22\"><b data-path-to-node=\"22\" data-index-in-node=\"0\">Samlan<\/b> l\u00e0 x\u01b0\u1edfng s\u1ea3n xu\u1ea5t tr\u1ef1c ti\u1ebfp, cam k\u1ebft:<\/p>\n<ul data-path-to-node=\"23\">\n<li>\n<p data-path-to-node=\"23,0,0\"><b data-path-to-node=\"23,0,0\" data-index-in-node=\"0\">Ch\u1ea5t l\u01b0\u1ee3ng chu\u1ea9n chuy\u00ean gia:<\/b> Gi\u1ea5y \u0111\u1ecbnh l\u01b0\u1ee3ng cao, s\u00f3ng b\u1ec1n b\u1ec9.<\/p>\n<\/li>\n<li>\n<p data-path-to-node=\"23,1,0\"><b data-path-to-node=\"23,1,0\" data-index-in-node=\"0\">Gi\u00e1 t\u1ed1t nh\u1ea5t:<\/b> Mua t\u1eadn g\u1ed1c kh\u00f4ng qua trung gian.<\/p>\n<\/li>\n<li>\n<p data-path-to-node=\"23,2,0\"><b data-path-to-node=\"23,2,0\" data-index-in-node=\"0\">T\u01b0 v\u1ea5n t\u1eadn t\u00e2m:<\/b> Hotline\/Zalo <b data-path-to-node=\"23,2,0\" data-index-in-node=\"29\">0348.744.689<\/b> lu\u00f4n s\u1eb5n s\u00e0ng h\u1ed7 tr\u1ee3.<\/p>\n<\/li>\n<\/ul>\n","protected":false},"excerpt":{"rendered":"<h3 data-path-to-node=\"7\">Th\u00f4ng s\u1ed1 k\u1ef9 thu\u1eadt<\/h3>\n<ul data-path-to-node=\"8\">\n<li>\n<p data-path-to-node=\"8,0,0\"><b data-path-to-node=\"8,0,0\" data-index-in-node=\"0\">Ch\u1ea5t li\u1ec7u:<\/b> Carton 3 l\u1edbp, s\u00f3ng E (m\u1ecfng m\u1ecbn) ho\u1eb7c s\u00f3ng B (c\u1ee9ng c\u00e1p).<\/p>\n<\/li>\n<li>\n<p data-path-to-node=\"8,1,0\"><b data-path-to-node=\"8,1,0\" data-index-in-node=\"0\">Ki\u1ec3u d\u00e1ng:<\/b> N\u1eafp g\u00e0i kh\u00f3a h\u00f4ng, n\u1eafp d\u00ednh li\u1ec1n th\u00e2n.<\/p>\n<\/li>\n<li>\n<p data-path-to-node=\"8,2,0\"><b data-path-to-node=\"8,2,0\" data-index-in-node=\"0\">Gia c\u00f4ng:<\/b> B\u1ebf khu\u00f4n t\u1ef1 \u0111\u1ed9ng, \u0111\u01b0\u1eddng g\u1ea5p chu\u1ea9n x\u00e1c 100%.<\/p>\n<\/li>\n<\/ul>\n","protected":false},"featured_media":810,"comment_status":"open","ping_status":"closed","template":"","meta":{"_acf_changed":false,"ocean_post_layout":"","ocean_both_sidebars_style":"","ocean_both_sidebars_content_width":0,"ocean_both_sidebars_sidebars_width":0,"ocean_sidebar":"0","ocean_second_sidebar":"0","ocean_disable_margins":"enable","ocean_add_body_class":"","ocean_shortcode_before_top_bar":"","ocean_shortcode_after_top_bar":"","ocean_shortcode_before_header":"","ocean_shortcode_after_header":"","ocean_has_shortcode":"","ocean_shortcode_after_title":"","ocean_shortcode_before_footer_widgets":"","ocean_shortcode_after_footer_widgets":"","ocean_shortcode_before_footer_bottom":"","ocean_shortcode_after_footer_bottom":"","ocean_display_top_bar":"default","ocean_display_header":"default","ocean_header_style":"","ocean_center_header_left_menu":"0","ocean_custom_header_template":"0","ocean_custom_logo":0,"ocean_custom_retina_logo":0,"ocean_custom_logo_max_width":0,"ocean_custom_logo_tablet_max_width":0,"ocean_custom_logo_mobile_max_width":0,"ocean_custom_logo_max_height":0,"ocean_custom_logo_tablet_max_height":0,"ocean_custom_logo_mobile_max_height":0,"ocean_header_custom_menu":"0","ocean_menu_typo_font_family":"0","ocean_menu_typo_font_subset":"","ocean_menu_typo_font_size":0,"ocean_menu_typo_font_size_tablet":0,"ocean_menu_typo_font_size_mobile":0,"ocean_menu_typo_font_size_unit":"px","ocean_menu_typo_font_weight":"","ocean_menu_typo_font_weight_tablet":"","ocean_menu_typo_font_weight_mobile":"","ocean_menu_typo_transform":"","ocean_menu_typo_transform_tablet":"","ocean_menu_typo_transform_mobile":"","ocean_menu_typo_line_height":0,"ocean_menu_typo_line_height_tablet":0,"ocean_menu_typo_line_height_mobile":0,"ocean_menu_typo_line_height_unit":"","ocean_menu_typo_spacing":0,"ocean_menu_typo_spacing_tablet":0,"ocean_menu_typo_spacing_mobile":0,"ocean_menu_typo_spacing_unit":"","ocean_menu_link_color":"","ocean_menu_link_color_hover":"","ocean_menu_link_color_active":"","ocean_menu_link_background":"","ocean_menu_link_hover_background":"","ocean_menu_link_active_background":"","ocean_menu_social_links_bg":"","ocean_menu_social_hover_links_bg":"","ocean_menu_social_links_color":"","ocean_menu_social_hover_links_color":"","ocean_disable_title":"default","ocean_disable_heading":"default","ocean_post_title":"","ocean_post_subheading":"","ocean_post_title_style":"","ocean_post_title_background_color":"","ocean_post_title_background":0,"ocean_post_title_bg_image_position":"","ocean_post_title_bg_image_attachment":"","ocean_post_title_bg_image_repeat":"","ocean_post_title_bg_image_size":"","ocean_post_title_height":0,"ocean_post_title_bg_overlay":0.5,"ocean_post_title_bg_overlay_color":"","ocean_disable_breadcrumbs":"default","ocean_breadcrumbs_color":"","ocean_breadcrumbs_separator_color":"","ocean_breadcrumbs_links_color":"","ocean_breadcrumbs_links_hover_color":"","ocean_display_footer_widgets":"default","ocean_display_footer_bottom":"default","ocean_custom_footer_template":"0"},"product_brand":[86],"product_cat":[62,67,68,72,80],"product_tag":[96,104,103,102,97,105],"class_list":{"0":"post-816","1":"product","2":"type-product","3":"status-publish","4":"has-post-thumbnail","6":"product_brand-sam-lan-box","7":"product_cat-hop-carton","8":"product_cat-hop-carton-cung","9":"product_cat-hop-carton-det","10":"product_cat-hop-carton-nap-gai","11":"product_cat-hop-qua-tui-giay","12":"product_tag-hop-carton-nap-gai","13":"product_tag-hop-carton-nho-nap-gai","14":"product_tag-hop-dong-hang-cod","15":"product_tag-hop-giay-nap-gai","16":"product_tag-thung-carton-nap-gai","17":"product_tag-thung-carton-nap-gai-die-cut-box","19":"entry","20":"has-media","22":"first","23":"instock","24":"shipping-taxable","25":"product-type-simple","26":"has-product-nav","27":"col","28":"span_1_of_3","29":"owp-content-center","30":"owp-thumbs-layout-horizontal","31":"owp-btn-normal","32":"owp-tabs-layout-horizontal"},"acf":[],"yoast_head":"<!-- This site is optimized with the Yoast SEO plugin v27.0 - https:\/\/yoast.com\/product\/yoast-seo-wordpress\/ -->\n<title>Th\u00f9ng Carton N\u1eafp G\u00e0i (Die-cut Box) -<\/title>\n<meta name=\"robots\" content=\"index, follow, max-snippet:-1, max-image-preview:large, max-video-preview:-1\" \/>\n<link rel=\"canonical\" href=\"https:\/\/samlanbox.com\/?product=thung-carton-nap-gai-die-cut-box\" \/>\n<meta property=\"og:locale\" content=\"vi_VN\" \/>\n<meta property=\"og:type\" content=\"article\" \/>\n<meta property=\"og:title\" content=\"Th\u00f9ng Carton N\u1eafp G\u00e0i (Die-cut Box) -\" \/>\n<meta property=\"og:description\" content=\"Th\u00f4ng s\u1ed1 k\u1ef9 thu\u1eadt    Ch\u1ea5t li\u1ec7u: Carton 3 l\u1edbp, s\u00f3ng E (m\u1ecfng m\u1ecbn) ho\u1eb7c s\u00f3ng B (c\u1ee9ng c\u00e1p).    Ki\u1ec3u d\u00e1ng: N\u1eafp g\u00e0i kh\u00f3a h\u00f4ng, n\u1eafp d\u00ednh li\u1ec1n th\u00e2n.    Gia c\u00f4ng: B\u1ebf khu\u00f4n t\u1ef1 \u0111\u1ed9ng, \u0111\u01b0\u1eddng g\u1ea5p chu\u1ea9n x\u00e1c 100%.\" \/>\n<meta property=\"og:url\" content=\"https:\/\/samlanbox.com\/?product=thung-carton-nap-gai-die-cut-box\" \/>\n<meta property=\"article:modified_time\" content=\"2026-01-25T03:15:16+00:00\" \/>\n<meta property=\"og:image\" content=\"https:\/\/samlanbox.com\/wp-content\/uploads\/2026\/01\/6.png\" \/>\n\t<meta property=\"og:image:width\" content=\"1000\" \/>\n\t<meta property=\"og:image:height\" content=\"1000\" \/>\n\t<meta property=\"og:image:type\" content=\"image\/png\" \/>\n<meta name=\"twitter:card\" content=\"summary_large_image\" \/>\n<meta name=\"twitter:label1\" content=\"\u01af\u1edbc t\u00ednh th\u1eddi gian \u0111\u1ecdc\" \/>\n\t<meta name=\"twitter:data1\" content=\"2 ph\u00fat\" \/>\n<script type=\"application\/ld+json\" class=\"yoast-schema-graph\">{\"@context\":\"https:\/\/schema.org\",\"@graph\":[{\"@type\":\"WebPage\",\"@id\":\"https:\/\/samlanbox.com\/?product=thung-carton-nap-gai-die-cut-box\",\"url\":\"https:\/\/samlanbox.com\/?product=thung-carton-nap-gai-die-cut-box\",\"name\":\"Th\u00f9ng Carton N\u1eafp G\u00e0i (Die-cut Box) -\",\"isPartOf\":{\"@id\":\"https:\/\/samlanbox.com\/#website\"},\"primaryImageOfPage\":{\"@id\":\"https:\/\/samlanbox.com\/?product=thung-carton-nap-gai-die-cut-box#primaryimage\"},\"image\":{\"@id\":\"https:\/\/samlanbox.com\/?product=thung-carton-nap-gai-die-cut-box#primaryimage\"},\"thumbnailUrl\":\"https:\/\/samlanbox.com\/wp-content\/uploads\/2026\/01\/6.png\",\"datePublished\":\"2026-01-08T03:10:59+00:00\",\"dateModified\":\"2026-01-25T03:15:16+00:00\",\"breadcrumb\":{\"@id\":\"https:\/\/samlanbox.com\/?product=thung-carton-nap-gai-die-cut-box#breadcrumb\"},\"inLanguage\":\"vi\",\"potentialAction\":[{\"@type\":\"ReadAction\",\"target\":[\"https:\/\/samlanbox.com\/?product=thung-carton-nap-gai-die-cut-box\"]}]},{\"@type\":\"ImageObject\",\"inLanguage\":\"vi\",\"@id\":\"https:\/\/samlanbox.com\/?product=thung-carton-nap-gai-die-cut-box#primaryimage\",\"url\":\"https:\/\/samlanbox.com\/wp-content\/uploads\/2026\/01\/6.png\",\"contentUrl\":\"https:\/\/samlanbox.com\/wp-content\/uploads\/2026\/01\/6.png\",\"width\":1000,\"height\":1000,\"caption\":\"Th\u00f9ng Carton N\u1eafp G\u00e0i (Die-cut Box)\"},{\"@type\":\"BreadcrumbList\",\"@id\":\"https:\/\/samlanbox.com\/?product=thung-carton-nap-gai-die-cut-box#breadcrumb\",\"itemListElement\":[{\"@type\":\"ListItem\",\"position\":1,\"name\":\"Trang ch\u1ee7\",\"item\":\"https:\/\/samlanbox.com\/\"},{\"@type\":\"ListItem\",\"position\":2,\"name\":\"S\u1ea3n Ph\u1ea9m\",\"item\":\"https:\/\/samlanbox.com\/?page_id=8\"},{\"@type\":\"ListItem\",\"position\":3,\"name\":\"Th\u00f9ng Carton N\u1eafp G\u00e0i (Die-cut Box)\"}]},{\"@type\":\"WebSite\",\"@id\":\"https:\/\/samlanbox.com\/#website\",\"url\":\"https:\/\/samlanbox.com\/\",\"name\":\"samlanbox.com\",\"description\":\"\",\"publisher\":{\"@id\":\"https:\/\/samlanbox.com\/#organization\"},\"potentialAction\":[{\"@type\":\"SearchAction\",\"target\":{\"@type\":\"EntryPoint\",\"urlTemplate\":\"https:\/\/samlanbox.com\/?s={search_term_string}\"},\"query-input\":{\"@type\":\"PropertyValueSpecification\",\"valueRequired\":true,\"valueName\":\"search_term_string\"}}],\"inLanguage\":\"vi\"},{\"@type\":\"Organization\",\"@id\":\"https:\/\/samlanbox.com\/#organization\",\"name\":\"C\u00f4ng Ty C\u1ed5 Ph\u1ea7n Bao B\u00ec Carton Sam Lan\",\"url\":\"https:\/\/samlanbox.com\/\",\"logo\":{\"@type\":\"ImageObject\",\"inLanguage\":\"vi\",\"@id\":\"https:\/\/samlanbox.com\/#\/schema\/logo\/image\/\",\"url\":\"http:\/\/samlanbox.com\/wp-content\/uploads\/2026\/02\/thung-carton-Sam-Lan-8.png\",\"contentUrl\":\"http:\/\/samlanbox.com\/wp-content\/uploads\/2026\/02\/thung-carton-Sam-Lan-8.png\",\"width\":1000,\"height\":1000,\"caption\":\"C\u00f4ng Ty C\u1ed5 Ph\u1ea7n Bao B\u00ec Carton Sam Lan\"},\"image\":{\"@id\":\"https:\/\/samlanbox.com\/#\/schema\/logo\/image\/\"}}]}<\/script>\n<!-- \/ Yoast SEO plugin. -->","yoast_head_json":{"title":"Th\u00f9ng Carton N\u1eafp G\u00e0i (Die-cut Box) -","robots":{"index":"index","follow":"follow","max-snippet":"max-snippet:-1","max-image-preview":"max-image-preview:large","max-video-preview":"max-video-preview:-1"},"canonical":"https:\/\/samlanbox.com\/?product=thung-carton-nap-gai-die-cut-box","og_locale":"vi_VN","og_type":"article","og_title":"Th\u00f9ng Carton N\u1eafp G\u00e0i (Die-cut Box) -","og_description":"Th\u00f4ng s\u1ed1 k\u1ef9 thu\u1eadt    Ch\u1ea5t li\u1ec7u: Carton 3 l\u1edbp, s\u00f3ng E (m\u1ecfng m\u1ecbn) ho\u1eb7c s\u00f3ng B (c\u1ee9ng c\u00e1p).    Ki\u1ec3u d\u00e1ng: N\u1eafp g\u00e0i kh\u00f3a h\u00f4ng, n\u1eafp d\u00ednh li\u1ec1n th\u00e2n.    Gia c\u00f4ng: B\u1ebf khu\u00f4n t\u1ef1 \u0111\u1ed9ng, \u0111\u01b0\u1eddng g\u1ea5p chu\u1ea9n x\u00e1c 100%.","og_url":"https:\/\/samlanbox.com\/?product=thung-carton-nap-gai-die-cut-box","article_modified_time":"2026-01-25T03:15:16+00:00","og_image":[{"width":1000,"height":1000,"url":"https:\/\/samlanbox.com\/wp-content\/uploads\/2026\/01\/6.png","type":"image\/png"}],"twitter_card":"summary_large_image","twitter_misc":{"\u01af\u1edbc t\u00ednh th\u1eddi gian \u0111\u1ecdc":"2 ph\u00fat"},"schema":{"@context":"https:\/\/schema.org","@graph":[{"@type":"WebPage","@id":"https:\/\/samlanbox.com\/?product=thung-carton-nap-gai-die-cut-box","url":"https:\/\/samlanbox.com\/?product=thung-carton-nap-gai-die-cut-box","name":"Th\u00f9ng Carton N\u1eafp G\u00e0i (Die-cut Box) -","isPartOf":{"@id":"https:\/\/samlanbox.com\/#website"},"primaryImageOfPage":{"@id":"https:\/\/samlanbox.com\/?product=thung-carton-nap-gai-die-cut-box#primaryimage"},"image":{"@id":"https:\/\/samlanbox.com\/?product=thung-carton-nap-gai-die-cut-box#primaryimage"},"thumbnailUrl":"https:\/\/samlanbox.com\/wp-content\/uploads\/2026\/01\/6.png","datePublished":"2026-01-08T03:10:59+00:00","dateModified":"2026-01-25T03:15:16+00:00","breadcrumb":{"@id":"https:\/\/samlanbox.com\/?product=thung-carton-nap-gai-die-cut-box#breadcrumb"},"inLanguage":"vi","potentialAction":[{"@type":"ReadAction","target":["https:\/\/samlanbox.com\/?product=thung-carton-nap-gai-die-cut-box"]}]},{"@type":"ImageObject","inLanguage":"vi","@id":"https:\/\/samlanbox.com\/?product=thung-carton-nap-gai-die-cut-box#primaryimage","url":"https:\/\/samlanbox.com\/wp-content\/uploads\/2026\/01\/6.png","contentUrl":"https:\/\/samlanbox.com\/wp-content\/uploads\/2026\/01\/6.png","width":1000,"height":1000,"caption":"Th\u00f9ng Carton N\u1eafp G\u00e0i (Die-cut Box)"},{"@type":"BreadcrumbList","@id":"https:\/\/samlanbox.com\/?product=thung-carton-nap-gai-die-cut-box#breadcrumb","itemListElement":[{"@type":"ListItem","position":1,"name":"Trang ch\u1ee7","item":"https:\/\/samlanbox.com\/"},{"@type":"ListItem","position":2,"name":"S\u1ea3n Ph\u1ea9m","item":"https:\/\/samlanbox.com\/?page_id=8"},{"@type":"ListItem","position":3,"name":"Th\u00f9ng Carton N\u1eafp G\u00e0i (Die-cut Box)"}]},{"@type":"WebSite","@id":"https:\/\/samlanbox.com\/#website","url":"https:\/\/samlanbox.com\/","name":"samlanbox.com","description":"","publisher":{"@id":"https:\/\/samlanbox.com\/#organization"},"potentialAction":[{"@type":"SearchAction","target":{"@type":"EntryPoint","urlTemplate":"https:\/\/samlanbox.com\/?s={search_term_string}"},"query-input":{"@type":"PropertyValueSpecification","valueRequired":true,"valueName":"search_term_string"}}],"inLanguage":"vi"},{"@type":"Organization","@id":"https:\/\/samlanbox.com\/#organization","name":"C\u00f4ng Ty C\u1ed5 Ph\u1ea7n Bao B\u00ec Carton Sam Lan","url":"https:\/\/samlanbox.com\/","logo":{"@type":"ImageObject","inLanguage":"vi","@id":"https:\/\/samlanbox.com\/#\/schema\/logo\/image\/","url":"http:\/\/samlanbox.com\/wp-content\/uploads\/2026\/02\/thung-carton-Sam-Lan-8.png","contentUrl":"http:\/\/samlanbox.com\/wp-content\/uploads\/2026\/02\/thung-carton-Sam-Lan-8.png","width":1000,"height":1000,"caption":"C\u00f4ng Ty C\u1ed5 Ph\u1ea7n Bao B\u00ec Carton Sam Lan"},"image":{"@id":"https:\/\/samlanbox.com\/#\/schema\/logo\/image\/"}}]}},"jetpack_sharing_enabled":true,"_links":{"self":[{"href":"https:\/\/samlanbox.com\/index.php?rest_route=\/wp\/v2\/product\/816","targetHints":{"allow":["GET"]}}],"collection":[{"href":"https:\/\/samlanbox.com\/index.php?rest_route=\/wp\/v2\/product"}],"about":[{"href":"https:\/\/samlanbox.com\/index.php?rest_route=\/wp\/v2\/types\/product"}],"replies":[{"embeddable":true,"href":"https:\/\/samlanbox.com\/index.php?rest_route=%2Fwp%2Fv2%2Fcomments&post=816"}],"wp:featuredmedia":[{"embeddable":true,"href":"https:\/\/samlanbox.com\/index.php?rest_route=\/wp\/v2\/media\/810"}],"wp:attachment":[{"href":"https:\/\/samlanbox.com\/index.php?rest_route=%2Fwp%2Fv2%2Fmedia&parent=816"}],"wp:term":[{"taxonomy":"product_brand","embeddable":true,"href":"https:\/\/samlanbox.com\/index.php?rest_route=%2Fwp%2Fv2%2Fproduct_brand&post=816"},{"taxonomy":"product_cat","embeddable":true,"href":"https:\/\/samlanbox.com\/index.php?rest_route=%2Fwp%2Fv2%2Fproduct_cat&post=816"},{"taxonomy":"product_tag","embeddable":true,"href":"https:\/\/samlanbox.com\/index.php?rest_route=%2Fwp%2Fv2%2Fproduct_tag&post=816"}],"curies":[{"name":"wp","href":"https:\/\/api.w.org\/{rel}","templated":true}]}}