{"id":799,"date":"2026-01-06T14:49:49","date_gmt":"2026-01-06T14:49:49","guid":{"rendered":"https:\/\/samlanbox.com\/?post_type=product&#038;p=799"},"modified":"2026-01-25T02:43:11","modified_gmt":"2026-01-25T02:43:11","slug":"thung-carton-7-lop-tai-ha-noi-san-xuat-theo-yeu-cau-samlanbox","status":"publish","type":"product","link":"https:\/\/samlanbox.com\/?product=thung-carton-7-lop-tai-ha-noi-san-xuat-theo-yeu-cau-samlanbox","title":{"rendered":"Th\u00f9ng carton 7 l\u1edbp t\u1ea1i H\u00e0 N\u1ed9i | S\u1ea3n xu\u1ea5t theo y\u00eau c\u1ea7u \u2013 SamLanBox"},"content":{"rendered":"<p>SamLanBox s\u1ea3n xu\u1ea5t th\u00f9ng carton 7 l\u1edbp t\u1ea1i H\u00e0 N\u1ed9i: ch\u1ecbu l\u1ef1c cao, \u0111\u00f3ng g\u00f3i h\u00e0ng n\u1eb7ng, xu\u1ea5t kh\u1ea9u, l\u00e0m theo k\u00edch th\u01b0\u1edbc, gi\u00e1 x\u01b0\u1edfng.<\/p>\n<p><strong>I. Th\u00f9ng carton 7 l\u1edbp t\u1ea1i H\u00e0 N\u1ed9i \u2013 Gi\u1ea3i ph\u00e1p \u0111\u00f3ng g\u00f3i h\u00e0ng n\u1eb7ng &amp; xu\u1ea5t kh\u1ea9u<\/strong><\/p>\n<figure id=\"attachment_801\" aria-describedby=\"caption-attachment-801\" style=\"width: 300px\" class=\"wp-caption alignnone\"><img fetchpriority=\"high\" decoding=\"async\" class=\"size-medium wp-image-801\" src=\"https:\/\/samlanbox.com\/wp-content\/uploads\/2026\/01\/4-300x300.png\" alt=\"Th\u00f9ng carton 7 l\u1edbp c\u1ef1c b\u1ec1n\" width=\"300\" height=\"300\" srcset=\"https:\/\/samlanbox.com\/wp-content\/uploads\/2026\/01\/4-300x300.png 300w, https:\/\/samlanbox.com\/wp-content\/uploads\/2026\/01\/4-150x150.png 150w, https:\/\/samlanbox.com\/wp-content\/uploads\/2026\/01\/4-768x768.png 768w, https:\/\/samlanbox.com\/wp-content\/uploads\/2026\/01\/4-600x600.png 600w, https:\/\/samlanbox.com\/wp-content\/uploads\/2026\/01\/4-100x100.png 100w, https:\/\/samlanbox.com\/wp-content\/uploads\/2026\/01\/4.png 1000w\" sizes=\"(max-width: 300px) 100vw, 300px\" \/><figcaption id=\"caption-attachment-801\" class=\"wp-caption-text\">Th\u00f9ng carton 7 l\u1edbp c\u1ef1c b\u1ec1n<\/figcaption><\/figure>\n<p>Th\u00f9ng carton 7 l\u1edbp l\u00e0 d\u00f2ng th\u00f9ng carton <strong>ch\u1ecbu l\u1ef1c cao nh\u1ea5t<\/strong> trong c\u00e1c lo\u1ea1i th\u00f9ng carton th\u00f4ng d\u1ee5ng hi\u1ec7n nay. SamLanBox chuy\u00ean <strong>s\u1ea3n xu\u1ea5t th\u00f9ng carton 7 l\u1edbp theo y\u00eau c\u1ea7u t\u1ea1i H\u00e0 N\u1ed9i<\/strong>, ph\u1ee5c v\u1ee5 \u0111\u00f3ng g\u00f3i h\u00e0ng n\u1eb7ng, h\u00e0ng gi\u00e1 tr\u1ecb cao v\u00e0 h\u00e0ng xu\u1ea5t kh\u1ea9u.<\/p>\n<p><strong>ii. Th\u00f9ng carton 7 l\u1edbp l\u00e0 g\u00ec?<\/strong><\/p>\n<p>Th\u00f9ng carton 7 l\u1edbp c\u00f3 c\u1ea5u t\u1ea1o g\u1ed3m:<\/p>\n<ul>\n<li>4 l\u1edbp gi\u1ea5y m\u1eb7t<\/li>\n<li>3 l\u1edbp s\u00f3ng gi\u1ea5y xen k\u1ebd<\/li>\n<\/ul>\n<p>C\u1ea5u tr\u00fac n\u00e0y gi\u00fap:<\/p>\n<ul>\n<li>Ch\u1ecbu l\u1ef1c n\u00e9n, l\u1ef1c x\u1ebfp ch\u1ed3ng l\u1edbn<\/li>\n<li>B\u1ea3o v\u1ec7 h\u00e0ng h\u00f3a t\u1ed1i \u0111a<\/li>\n<li>Ph\u00f9 h\u1ee3p v\u1eadn chuy\u1ec3n \u0111\u01b0\u1eddng d\u00e0i, container<\/li>\n<\/ul>\n<p><strong>iii. C\u1ea5u t\u1ea1o s\u00f3ng trong th\u00f9ng carton 7 l\u1edbp<\/strong><\/p>\n<p>T\u1ea1i SamLanBox, th\u00f9ng carton 7 l\u1edbp th\u01b0\u1eddng s\u1eed d\u1ee5ng:<\/p>\n<ul>\n<li><strong>S\u00f3ng BC<\/strong><\/li>\n<li><strong>S\u00f3ng CCB<\/strong><\/li>\n<li><strong>S\u00f3ng BCB<\/strong><\/li>\n<\/ul>\n<p>\ud83d\udc49 Vi\u1ec7c l\u1ef1a ch\u1ecdn c\u1ea5u tr\u00fac s\u00f3ng \u0111\u01b0\u1ee3c t\u01b0 v\u1ea5n <strong>theo tr\u1ecdng l\u01b0\u1ee3ng h\u00e0ng v\u00e0 \u0111i\u1ec1u ki\u1ec7n v\u1eadn chuy\u1ec3n th\u1ef1c t\u1ebf<\/strong>, kh\u00f4ng s\u1ea3n xu\u1ea5t \u0111\u1ea1i tr\u00e0.<\/p>\n<p><strong>iv. Khi n\u00e0o n\u00ean s\u1eed d\u1ee5ng th\u00f9ng carton 7 l\u1edbp?<\/strong><\/p>\n<p>Th\u00f9ng carton 7 l\u1edbp ph\u00f9 h\u1ee3p v\u1edbi:<\/p>\n<ul>\n<li>M\u00e1y m\u00f3c, thi\u1ebft b\u1ecb c\u00f4ng nghi\u1ec7p<\/li>\n<li>H\u00e0ng xu\u1ea5t kh\u1ea9u<\/li>\n<li>Linh ki\u1ec7n n\u1eb7ng, h\u00e0ng d\u1ec5 v\u1ee1<\/li>\n<li>V\u1eadn chuy\u1ec3n \u0111\u01b0\u1eddng d\u00e0i, container<\/li>\n<\/ul>\n<p>\ud83d\udccc N\u1ebfu h\u00e0ng h\u00f3a c\u00f3 tr\u1ecdng l\u01b0\u1ee3ng l\u1edbn ho\u1eb7c x\u1ebfp ch\u1ed3ng cao, <strong>th\u00f9ng carton 7 l\u1edbp l\u00e0 l\u1ef1a ch\u1ecdn an to\u00e0n nh\u1ea5t<\/strong>.<\/p>\n<p><strong>\u00a0v. So s\u00e1nh nhanh th\u00f9ng carton 5 l\u1edbp v\u00e0 7 l\u1edbp<\/strong><\/p>\n<table>\n<thead>\n<tr>\n<td><strong>Ti\u00eau ch\u00ed<\/strong><\/td>\n<td><strong>5 l\u1edbp<\/strong><\/td>\n<td><strong>7 l\u1edbp<\/strong><\/td>\n<\/tr>\n<\/thead>\n<tbody>\n<tr>\n<td>Kh\u1ea3 n\u0103ng ch\u1ecbu l\u1ef1c<\/td>\n<td>Cao<\/td>\n<td>R\u1ea5t cao<\/td>\n<\/tr>\n<tr>\n<td>Tr\u1ecdng l\u01b0\u1ee3ng<\/td>\n<td>Trung b\u00ecnh<\/td>\n<td>N\u1eb7ng<\/td>\n<\/tr>\n<tr>\n<td>Gi\u00e1 th\u00e0nh<\/td>\n<td>H\u1ee3p l\u00fd<\/td>\n<td>Cao h\u01a1n<\/td>\n<\/tr>\n<tr>\n<td>Ph\u00f9 h\u1ee3p<\/td>\n<td>H\u00e0ng trung b\u00ecnh<\/td>\n<td>H\u00e0ng n\u1eb7ng, xu\u1ea5t kh\u1ea9u<\/td>\n<\/tr>\n<\/tbody>\n<\/table>\n<p><strong>\u00a0vi. S\u1ea3n xu\u1ea5t th\u00f9ng carton 7 l\u1edbp theo y\u00eau c\u1ea7u t\u1ea1i SamLanBox<\/strong><\/p>\n<p>SamLanBox nh\u1eadn:<\/p>\n<ul>\n<li>S\u1ea3n xu\u1ea5t theo <strong>k\u00edch th\u01b0\u1edbc ri\u00eang<\/strong><\/li>\n<li>Gia c\u1ed1 g\u00f3c, v\u00e1ch ng\u0103n<\/li>\n<li>In flexo 1\u20133 m\u00e0u<\/li>\n<li>\u0110\u01a1n h\u00e0ng s\u1ed1 l\u01b0\u1ee3ng l\u1edbn, \u1ed5n \u0111\u1ecbnh<\/li>\n<\/ul>\n<p>\ud83d\udccd <strong>X\u01b0\u1edfng s\u1ea3n xu\u1ea5t tr\u1ef1c ti\u1ebfp t\u1ea1i H\u00e0 N\u1ed9i<\/strong>, ch\u1ee7 \u0111\u1ed9ng ti\u1ebfn \u0111\u1ed9 v\u00e0 ch\u1ea5t l\u01b0\u1ee3ng.<\/p>\n<p><strong>\u00a0vii. Quy tr\u00ecnh s\u1ea3n xu\u1ea5t th\u00f9ng carton 7 l\u1edbp<\/strong><\/p>\n<ol>\n<li>Ti\u1ebfp nh\u1eadn th\u00f4ng tin s\u1ea3n ph\u1ea9m<\/li>\n<li>T\u01b0 v\u1ea5n c\u1ea5u tr\u00fac s\u00f3ng \u2013 \u0111\u1ecbnh l\u01b0\u1ee3ng gi\u1ea5y<\/li>\n<li>B\u00e1o gi\u00e1 chi ti\u1ebft<\/li>\n<li>S\u1ea3n xu\u1ea5t m\u1eabu (n\u1ebfu c\u1ea7n)<\/li>\n<li>S\u1ea3n xu\u1ea5t h\u00e0ng lo\u1ea1t<\/li>\n<li>Giao h\u00e0ng n\u1ed9i th\u00e0nh &amp; \u0111i t\u1ec9nh<\/li>\n<\/ol>\n<p><strong>viii. B\u00e1o gi\u00e1 th\u00f9ng carton 7 l\u1edbp ph\u1ee5 thu\u1ed9c v\u00e0o y\u1ebfu t\u1ed1 n\u00e0o?<\/strong><\/p>\n<ul>\n<li>K\u00edch th\u01b0\u1edbc th\u00f9ng<\/li>\n<li>Lo\u1ea1i s\u00f3ng gi\u1ea5y<\/li>\n<li>\u0110\u1ecbnh l\u01b0\u1ee3ng gi\u1ea5y<\/li>\n<li>S\u1ed1 l\u01b0\u1ee3ng \u0111\u1eb7t h\u00e0ng<\/li>\n<li>Y\u00eau c\u1ea7u in \u1ea5n<\/li>\n<\/ul>\n<p>\ud83d\udc49 SamLanBox cam k\u1ebft <strong>b\u00e1o gi\u00e1 minh b\u1ea1ch \u2013 gi\u00e1 x\u01b0\u1edfng \u2013 \u1ed5n \u0111\u1ecbnh l\u00e2u d\u00e0i<\/strong>.<\/p>\n<p><strong>\u00a0ix. V\u00ec sao doanh nghi\u1ec7p H\u00e0 N\u1ed9i ch\u1ecdn SamLanBox?<\/strong><\/p>\n<ul>\n<li>X\u01b0\u1edfng s\u1ea3n xu\u1ea5t tr\u1ef1c ti\u1ebfp<\/li>\n<li>T\u01b0 v\u1ea5n k\u1ef9 thu\u1eadt th\u1ef1c t\u1ebf<\/li>\n<li>Kinh nghi\u1ec7m \u0111\u01a1n h\u00e0ng n\u1eb7ng<\/li>\n<li>Giao h\u00e0ng nhanh khu v\u1ef1c H\u00e0 N\u1ed9i<\/li>\n<li>Linh ho\u1ea1t theo nhu c\u1ea7u kh\u00e1ch h\u00e0ng<\/li>\n<\/ul>\n<p>\ud83d\udcde <strong data-start=\"2195\" data-end=\"2235\">Hotline Carton Sam Lan: 0348 744 689<\/strong><\/p>\n","protected":false},"excerpt":{"rendered":"<p>SamLanBox s\u1ea3n xu\u1ea5t th\u00f9ng carton 7 l\u1edbp t\u1ea1i H\u00e0 N\u1ed9i: ch\u1ecbu l\u1ef1c cao, \u0111\u00f3ng g\u00f3i h\u00e0ng n\u1eb7ng, xu\u1ea5t kh\u1ea9u, l\u00e0m theo k\u00edch th\u01b0\u1edbc, gi\u00e1 x\u01b0\u1edfng.<\/p>\n<p>Th\u00f9ng carton 7 l\u1edbp c\u00f3 c\u1ea5u t\u1ea1o g\u1ed3m:<\/p>\n<ul>\n<li>4 l\u1edbp gi\u1ea5y m\u1eb7t<\/li>\n<li>3 l\u1edbp s\u00f3ng gi\u1ea5y xen k\u1ebd<\/li>\n<\/ul>\n<p>C\u1ea5u tr\u00fac n\u00e0y gi\u00fap:<\/p>\n<ul>\n<li>Ch\u1ecbu l\u1ef1c n\u00e9n, l\u1ef1c x\u1ebfp ch\u1ed3ng l\u1edbn<\/li>\n<li>B\u1ea3o v\u1ec7 h\u00e0ng h\u00f3a t\u1ed1i \u0111a<\/li>\n<\/ul>\n","protected":false},"featured_media":801,"comment_status":"open","ping_status":"closed","template":"","meta":{"_acf_changed":false,"ocean_post_layout":"","ocean_both_sidebars_style":"","ocean_both_sidebars_content_width":0,"ocean_both_sidebars_sidebars_width":0,"ocean_sidebar":"0","ocean_second_sidebar":"0","ocean_disable_margins":"enable","ocean_add_body_class":"","ocean_shortcode_before_top_bar":"","ocean_shortcode_after_top_bar":"","ocean_shortcode_before_header":"","ocean_shortcode_after_header":"","ocean_has_shortcode":"","ocean_shortcode_after_title":"","ocean_shortcode_before_footer_widgets":"","ocean_shortcode_after_footer_widgets":"","ocean_shortcode_before_footer_bottom":"","ocean_shortcode_after_footer_bottom":"","ocean_display_top_bar":"default","ocean_display_header":"default","ocean_header_style":"","ocean_center_header_left_menu":"0","ocean_custom_header_template":"0","ocean_custom_logo":0,"ocean_custom_retina_logo":0,"ocean_custom_logo_max_width":0,"ocean_custom_logo_tablet_max_width":0,"ocean_custom_logo_mobile_max_width":0,"ocean_custom_logo_max_height":0,"ocean_custom_logo_tablet_max_height":0,"ocean_custom_logo_mobile_max_height":0,"ocean_header_custom_menu":"0","ocean_menu_typo_font_family":"0","ocean_menu_typo_font_subset":"","ocean_menu_typo_font_size":0,"ocean_menu_typo_font_size_tablet":0,"ocean_menu_typo_font_size_mobile":0,"ocean_menu_typo_font_size_unit":"px","ocean_menu_typo_font_weight":"","ocean_menu_typo_font_weight_tablet":"","ocean_menu_typo_font_weight_mobile":"","ocean_menu_typo_transform":"","ocean_menu_typo_transform_tablet":"","ocean_menu_typo_transform_mobile":"","ocean_menu_typo_line_height":0,"ocean_menu_typo_line_height_tablet":0,"ocean_menu_typo_line_height_mobile":0,"ocean_menu_typo_line_height_unit":"","ocean_menu_typo_spacing":0,"ocean_menu_typo_spacing_tablet":0,"ocean_menu_typo_spacing_mobile":0,"ocean_menu_typo_spacing_unit":"","ocean_menu_link_color":"","ocean_menu_link_color_hover":"","ocean_menu_link_color_active":"","ocean_menu_link_background":"","ocean_menu_link_hover_background":"","ocean_menu_link_active_background":"","ocean_menu_social_links_bg":"","ocean_menu_social_hover_links_bg":"","ocean_menu_social_links_color":"","ocean_menu_social_hover_links_color":"","ocean_disable_title":"default","ocean_disable_heading":"default","ocean_post_title":"","ocean_post_subheading":"","ocean_post_title_style":"","ocean_post_title_background_color":"","ocean_post_title_background":0,"ocean_post_title_bg_image_position":"","ocean_post_title_bg_image_attachment":"","ocean_post_title_bg_image_repeat":"","ocean_post_title_bg_image_size":"","ocean_post_title_height":0,"ocean_post_title_bg_overlay":0.5,"ocean_post_title_bg_overlay_color":"","ocean_disable_breadcrumbs":"default","ocean_breadcrumbs_color":"","ocean_breadcrumbs_separator_color":"","ocean_breadcrumbs_links_color":"","ocean_breadcrumbs_links_hover_color":"","ocean_display_footer_widgets":"default","ocean_display_footer_bottom":"default","ocean_custom_footer_template":"0"},"product_brand":[86],"product_cat":[63,77],"product_tag":[],"class_list":{"0":"post-799","1":"product","2":"type-product","3":"status-publish","4":"has-post-thumbnail","6":"product_brand-sam-lan-box","7":"product_cat-thung-carton","8":"product_cat-thung-carton-7-lop","10":"entry","11":"has-media","13":"first","14":"instock","15":"shipping-taxable","16":"product-type-simple","17":"has-product-nav","18":"col","19":"span_1_of_3","20":"owp-content-center","21":"owp-thumbs-layout-horizontal","22":"owp-btn-normal","23":"owp-tabs-layout-horizontal"},"acf":[],"yoast_head":"<!-- This site is optimized with the Yoast SEO plugin v27.0 - https:\/\/yoast.com\/product\/yoast-seo-wordpress\/ -->\n<title>Th\u00f9ng carton 7 l\u1edbp t\u1ea1i H\u00e0 N\u1ed9i | S\u1ea3n xu\u1ea5t theo y\u00eau c\u1ea7u \u2013 SamLanBox -<\/title>\n<meta name=\"robots\" content=\"index, follow, max-snippet:-1, max-image-preview:large, max-video-preview:-1\" \/>\n<link rel=\"canonical\" href=\"https:\/\/samlanbox.com\/?product=thung-carton-7-lop-tai-ha-noi-san-xuat-theo-yeu-cau-samlanbox\" \/>\n<meta property=\"og:locale\" content=\"vi_VN\" \/>\n<meta property=\"og:type\" content=\"article\" \/>\n<meta property=\"og:title\" content=\"Th\u00f9ng carton 7 l\u1edbp t\u1ea1i H\u00e0 N\u1ed9i | S\u1ea3n xu\u1ea5t theo y\u00eau c\u1ea7u \u2013 SamLanBox -\" \/>\n<meta property=\"og:description\" content=\"SamLanBox s\u1ea3n xu\u1ea5t th\u00f9ng carton 7 l\u1edbp t\u1ea1i H\u00e0 N\u1ed9i: ch\u1ecbu l\u1ef1c cao, \u0111\u00f3ng g\u00f3i h\u00e0ng n\u1eb7ng, xu\u1ea5t kh\u1ea9u, l\u00e0m theo k\u00edch th\u01b0\u1edbc, gi\u00e1 x\u01b0\u1edfng.  Th\u00f9ng carton 7 l\u1edbp c\u00f3 c\u1ea5u t\u1ea1o g\u1ed3m:   4 l\u1edbp gi\u1ea5y m\u1eb7t  3 l\u1edbp s\u00f3ng gi\u1ea5y xen k\u1ebd  C\u1ea5u tr\u00fac n\u00e0y gi\u00fap:   Ch\u1ecbu l\u1ef1c n\u00e9n, l\u1ef1c x\u1ebfp ch\u1ed3ng l\u1edbn  B\u1ea3o v\u1ec7 h\u00e0ng h\u00f3a t\u1ed1i \u0111a\" \/>\n<meta property=\"og:url\" content=\"https:\/\/samlanbox.com\/?product=thung-carton-7-lop-tai-ha-noi-san-xuat-theo-yeu-cau-samlanbox\" \/>\n<meta property=\"article:modified_time\" content=\"2026-01-25T02:43:11+00:00\" \/>\n<meta property=\"og:image\" content=\"https:\/\/samlanbox.com\/wp-content\/uploads\/2026\/01\/4.png\" \/>\n\t<meta property=\"og:image:width\" content=\"1000\" \/>\n\t<meta property=\"og:image:height\" content=\"1000\" \/>\n\t<meta property=\"og:image:type\" content=\"image\/png\" \/>\n<meta name=\"twitter:card\" content=\"summary_large_image\" \/>\n<meta name=\"twitter:label1\" content=\"\u01af\u1edbc t\u00ednh th\u1eddi gian \u0111\u1ecdc\" \/>\n\t<meta name=\"twitter:data1\" content=\"4 ph\u00fat\" \/>\n<script type=\"application\/ld+json\" class=\"yoast-schema-graph\">{\"@context\":\"https:\/\/schema.org\",\"@graph\":[{\"@type\":\"WebPage\",\"@id\":\"https:\/\/samlanbox.com\/?product=thung-carton-7-lop-tai-ha-noi-san-xuat-theo-yeu-cau-samlanbox\",\"url\":\"https:\/\/samlanbox.com\/?product=thung-carton-7-lop-tai-ha-noi-san-xuat-theo-yeu-cau-samlanbox\",\"name\":\"Th\u00f9ng carton 7 l\u1edbp t\u1ea1i H\u00e0 N\u1ed9i | S\u1ea3n xu\u1ea5t theo y\u00eau c\u1ea7u \u2013 SamLanBox -\",\"isPartOf\":{\"@id\":\"https:\/\/samlanbox.com\/#website\"},\"primaryImageOfPage\":{\"@id\":\"https:\/\/samlanbox.com\/?product=thung-carton-7-lop-tai-ha-noi-san-xuat-theo-yeu-cau-samlanbox#primaryimage\"},\"image\":{\"@id\":\"https:\/\/samlanbox.com\/?product=thung-carton-7-lop-tai-ha-noi-san-xuat-theo-yeu-cau-samlanbox#primaryimage\"},\"thumbnailUrl\":\"https:\/\/samlanbox.com\/wp-content\/uploads\/2026\/01\/4.png\",\"datePublished\":\"2026-01-06T14:49:49+00:00\",\"dateModified\":\"2026-01-25T02:43:11+00:00\",\"breadcrumb\":{\"@id\":\"https:\/\/samlanbox.com\/?product=thung-carton-7-lop-tai-ha-noi-san-xuat-theo-yeu-cau-samlanbox#breadcrumb\"},\"inLanguage\":\"vi\",\"potentialAction\":[{\"@type\":\"ReadAction\",\"target\":[\"https:\/\/samlanbox.com\/?product=thung-carton-7-lop-tai-ha-noi-san-xuat-theo-yeu-cau-samlanbox\"]}]},{\"@type\":\"ImageObject\",\"inLanguage\":\"vi\",\"@id\":\"https:\/\/samlanbox.com\/?product=thung-carton-7-lop-tai-ha-noi-san-xuat-theo-yeu-cau-samlanbox#primaryimage\",\"url\":\"https:\/\/samlanbox.com\/wp-content\/uploads\/2026\/01\/4.png\",\"contentUrl\":\"https:\/\/samlanbox.com\/wp-content\/uploads\/2026\/01\/4.png\",\"width\":1000,\"height\":1000,\"caption\":\"Th\u00f9ng carton 7 l\u1edbp c\u1ef1c b\u1ec1n\"},{\"@type\":\"BreadcrumbList\",\"@id\":\"https:\/\/samlanbox.com\/?product=thung-carton-7-lop-tai-ha-noi-san-xuat-theo-yeu-cau-samlanbox#breadcrumb\",\"itemListElement\":[{\"@type\":\"ListItem\",\"position\":1,\"name\":\"Trang ch\u1ee7\",\"item\":\"https:\/\/samlanbox.com\/\"},{\"@type\":\"ListItem\",\"position\":2,\"name\":\"S\u1ea3n Ph\u1ea9m\",\"item\":\"https:\/\/samlanbox.com\/?page_id=8\"},{\"@type\":\"ListItem\",\"position\":3,\"name\":\"Th\u00f9ng carton 7 l\u1edbp t\u1ea1i H\u00e0 N\u1ed9i | S\u1ea3n xu\u1ea5t theo y\u00eau c\u1ea7u \u2013 SamLanBox\"}]},{\"@type\":\"WebSite\",\"@id\":\"https:\/\/samlanbox.com\/#website\",\"url\":\"https:\/\/samlanbox.com\/\",\"name\":\"samlanbox.com\",\"description\":\"\",\"publisher\":{\"@id\":\"https:\/\/samlanbox.com\/#organization\"},\"potentialAction\":[{\"@type\":\"SearchAction\",\"target\":{\"@type\":\"EntryPoint\",\"urlTemplate\":\"https:\/\/samlanbox.com\/?s={search_term_string}\"},\"query-input\":{\"@type\":\"PropertyValueSpecification\",\"valueRequired\":true,\"valueName\":\"search_term_string\"}}],\"inLanguage\":\"vi\"},{\"@type\":\"Organization\",\"@id\":\"https:\/\/samlanbox.com\/#organization\",\"name\":\"C\u00f4ng Ty C\u1ed5 Ph\u1ea7n Bao B\u00ec Carton Sam Lan\",\"url\":\"https:\/\/samlanbox.com\/\",\"logo\":{\"@type\":\"ImageObject\",\"inLanguage\":\"vi\",\"@id\":\"https:\/\/samlanbox.com\/#\/schema\/logo\/image\/\",\"url\":\"http:\/\/samlanbox.com\/wp-content\/uploads\/2026\/02\/thung-carton-Sam-Lan-8.png\",\"contentUrl\":\"http:\/\/samlanbox.com\/wp-content\/uploads\/2026\/02\/thung-carton-Sam-Lan-8.png\",\"width\":1000,\"height\":1000,\"caption\":\"C\u00f4ng Ty C\u1ed5 Ph\u1ea7n Bao B\u00ec Carton Sam Lan\"},\"image\":{\"@id\":\"https:\/\/samlanbox.com\/#\/schema\/logo\/image\/\"}}]}<\/script>\n<!-- \/ Yoast SEO plugin. -->","yoast_head_json":{"title":"Th\u00f9ng carton 7 l\u1edbp t\u1ea1i H\u00e0 N\u1ed9i | S\u1ea3n xu\u1ea5t theo y\u00eau c\u1ea7u \u2013 SamLanBox -","robots":{"index":"index","follow":"follow","max-snippet":"max-snippet:-1","max-image-preview":"max-image-preview:large","max-video-preview":"max-video-preview:-1"},"canonical":"https:\/\/samlanbox.com\/?product=thung-carton-7-lop-tai-ha-noi-san-xuat-theo-yeu-cau-samlanbox","og_locale":"vi_VN","og_type":"article","og_title":"Th\u00f9ng carton 7 l\u1edbp t\u1ea1i H\u00e0 N\u1ed9i | S\u1ea3n xu\u1ea5t theo y\u00eau c\u1ea7u \u2013 SamLanBox -","og_description":"SamLanBox s\u1ea3n xu\u1ea5t th\u00f9ng carton 7 l\u1edbp t\u1ea1i H\u00e0 N\u1ed9i: ch\u1ecbu l\u1ef1c cao, \u0111\u00f3ng g\u00f3i h\u00e0ng n\u1eb7ng, xu\u1ea5t kh\u1ea9u, l\u00e0m theo k\u00edch th\u01b0\u1edbc, gi\u00e1 x\u01b0\u1edfng.  Th\u00f9ng carton 7 l\u1edbp c\u00f3 c\u1ea5u t\u1ea1o g\u1ed3m:   4 l\u1edbp gi\u1ea5y m\u1eb7t  3 l\u1edbp s\u00f3ng gi\u1ea5y xen k\u1ebd  C\u1ea5u tr\u00fac n\u00e0y gi\u00fap:   Ch\u1ecbu l\u1ef1c n\u00e9n, l\u1ef1c x\u1ebfp ch\u1ed3ng l\u1edbn  B\u1ea3o v\u1ec7 h\u00e0ng h\u00f3a t\u1ed1i \u0111a","og_url":"https:\/\/samlanbox.com\/?product=thung-carton-7-lop-tai-ha-noi-san-xuat-theo-yeu-cau-samlanbox","article_modified_time":"2026-01-25T02:43:11+00:00","og_image":[{"width":1000,"height":1000,"url":"https:\/\/samlanbox.com\/wp-content\/uploads\/2026\/01\/4.png","type":"image\/png"}],"twitter_card":"summary_large_image","twitter_misc":{"\u01af\u1edbc t\u00ednh th\u1eddi gian \u0111\u1ecdc":"4 ph\u00fat"},"schema":{"@context":"https:\/\/schema.org","@graph":[{"@type":"WebPage","@id":"https:\/\/samlanbox.com\/?product=thung-carton-7-lop-tai-ha-noi-san-xuat-theo-yeu-cau-samlanbox","url":"https:\/\/samlanbox.com\/?product=thung-carton-7-lop-tai-ha-noi-san-xuat-theo-yeu-cau-samlanbox","name":"Th\u00f9ng carton 7 l\u1edbp t\u1ea1i H\u00e0 N\u1ed9i | S\u1ea3n xu\u1ea5t theo y\u00eau c\u1ea7u \u2013 SamLanBox -","isPartOf":{"@id":"https:\/\/samlanbox.com\/#website"},"primaryImageOfPage":{"@id":"https:\/\/samlanbox.com\/?product=thung-carton-7-lop-tai-ha-noi-san-xuat-theo-yeu-cau-samlanbox#primaryimage"},"image":{"@id":"https:\/\/samlanbox.com\/?product=thung-carton-7-lop-tai-ha-noi-san-xuat-theo-yeu-cau-samlanbox#primaryimage"},"thumbnailUrl":"https:\/\/samlanbox.com\/wp-content\/uploads\/2026\/01\/4.png","datePublished":"2026-01-06T14:49:49+00:00","dateModified":"2026-01-25T02:43:11+00:00","breadcrumb":{"@id":"https:\/\/samlanbox.com\/?product=thung-carton-7-lop-tai-ha-noi-san-xuat-theo-yeu-cau-samlanbox#breadcrumb"},"inLanguage":"vi","potentialAction":[{"@type":"ReadAction","target":["https:\/\/samlanbox.com\/?product=thung-carton-7-lop-tai-ha-noi-san-xuat-theo-yeu-cau-samlanbox"]}]},{"@type":"ImageObject","inLanguage":"vi","@id":"https:\/\/samlanbox.com\/?product=thung-carton-7-lop-tai-ha-noi-san-xuat-theo-yeu-cau-samlanbox#primaryimage","url":"https:\/\/samlanbox.com\/wp-content\/uploads\/2026\/01\/4.png","contentUrl":"https:\/\/samlanbox.com\/wp-content\/uploads\/2026\/01\/4.png","width":1000,"height":1000,"caption":"Th\u00f9ng carton 7 l\u1edbp c\u1ef1c b\u1ec1n"},{"@type":"BreadcrumbList","@id":"https:\/\/samlanbox.com\/?product=thung-carton-7-lop-tai-ha-noi-san-xuat-theo-yeu-cau-samlanbox#breadcrumb","itemListElement":[{"@type":"ListItem","position":1,"name":"Trang ch\u1ee7","item":"https:\/\/samlanbox.com\/"},{"@type":"ListItem","position":2,"name":"S\u1ea3n Ph\u1ea9m","item":"https:\/\/samlanbox.com\/?page_id=8"},{"@type":"ListItem","position":3,"name":"Th\u00f9ng carton 7 l\u1edbp t\u1ea1i H\u00e0 N\u1ed9i | S\u1ea3n xu\u1ea5t theo y\u00eau c\u1ea7u \u2013 SamLanBox"}]},{"@type":"WebSite","@id":"https:\/\/samlanbox.com\/#website","url":"https:\/\/samlanbox.com\/","name":"samlanbox.com","description":"","publisher":{"@id":"https:\/\/samlanbox.com\/#organization"},"potentialAction":[{"@type":"SearchAction","target":{"@type":"EntryPoint","urlTemplate":"https:\/\/samlanbox.com\/?s={search_term_string}"},"query-input":{"@type":"PropertyValueSpecification","valueRequired":true,"valueName":"search_term_string"}}],"inLanguage":"vi"},{"@type":"Organization","@id":"https:\/\/samlanbox.com\/#organization","name":"C\u00f4ng Ty C\u1ed5 Ph\u1ea7n Bao B\u00ec Carton Sam Lan","url":"https:\/\/samlanbox.com\/","logo":{"@type":"ImageObject","inLanguage":"vi","@id":"https:\/\/samlanbox.com\/#\/schema\/logo\/image\/","url":"http:\/\/samlanbox.com\/wp-content\/uploads\/2026\/02\/thung-carton-Sam-Lan-8.png","contentUrl":"http:\/\/samlanbox.com\/wp-content\/uploads\/2026\/02\/thung-carton-Sam-Lan-8.png","width":1000,"height":1000,"caption":"C\u00f4ng Ty C\u1ed5 Ph\u1ea7n Bao B\u00ec Carton Sam Lan"},"image":{"@id":"https:\/\/samlanbox.com\/#\/schema\/logo\/image\/"}}]}},"jetpack_sharing_enabled":true,"_links":{"self":[{"href":"https:\/\/samlanbox.com\/index.php?rest_route=\/wp\/v2\/product\/799","targetHints":{"allow":["GET"]}}],"collection":[{"href":"https:\/\/samlanbox.com\/index.php?rest_route=\/wp\/v2\/product"}],"about":[{"href":"https:\/\/samlanbox.com\/index.php?rest_route=\/wp\/v2\/types\/product"}],"replies":[{"embeddable":true,"href":"https:\/\/samlanbox.com\/index.php?rest_route=%2Fwp%2Fv2%2Fcomments&post=799"}],"wp:featuredmedia":[{"embeddable":true,"href":"https:\/\/samlanbox.com\/index.php?rest_route=\/wp\/v2\/media\/801"}],"wp:attachment":[{"href":"https:\/\/samlanbox.com\/index.php?rest_route=%2Fwp%2Fv2%2Fmedia&parent=799"}],"wp:term":[{"taxonomy":"product_brand","embeddable":true,"href":"https:\/\/samlanbox.com\/index.php?rest_route=%2Fwp%2Fv2%2Fproduct_brand&post=799"},{"taxonomy":"product_cat","embeddable":true,"href":"https:\/\/samlanbox.com\/index.php?rest_route=%2Fwp%2Fv2%2Fproduct_cat&post=799"},{"taxonomy":"product_tag","embeddable":true,"href":"https:\/\/samlanbox.com\/index.php?rest_route=%2Fwp%2Fv2%2Fproduct_tag&post=799"}],"curies":[{"name":"wp","href":"https:\/\/api.w.org\/{rel}","templated":true}]}}