{"id":745,"date":"2026-01-04T14:01:26","date_gmt":"2026-01-04T14:01:26","guid":{"rendered":"http:\/\/samlanbox.com\/?post_type=product&#038;p=745"},"modified":"2026-01-20T14:40:32","modified_gmt":"2026-01-20T14:40:32","slug":"thung-carton-3-lop-dong-goi-hang-shop-online-san-xuat-theo-yeu-cau-carton-sam-lan","status":"publish","type":"product","link":"https:\/\/samlanbox.com\/?product=thung-carton-3-lop-dong-goi-hang-shop-online-san-xuat-theo-yeu-cau-carton-sam-lan","title":{"rendered":"Th\u00f9ng Carton 3 L\u1edbp \u0110\u00f3ng G\u00f3i H\u00e0ng Shop Online \u2013 S\u1ea3n Xu\u1ea5t Theo Y\u00eau C\u1ea7u | Carton Sam Lan"},"content":{"rendered":"<p data-start=\"686\" data-end=\"917\"><strong data-start=\"686\" data-end=\"734\">Th\u00f9ng carton 3 l\u1edbp \u0111\u00f3ng g\u00f3i h\u00e0ng shop online<\/strong> c\u1ee7a Carton Sam Lan l\u00e0 d\u00f2ng th\u00f9ng carton ti\u00eau chu\u1ea9n, \u0111\u01b0\u1ee3c thi\u1ebft k\u1ebf t\u1ed1i \u01b0u cho <strong data-start=\"812\" data-end=\"881\">\u0111\u00f3ng h\u00e0ng th\u01b0\u01a1ng m\u1ea1i \u0111i\u1ec7n t\u1eed, giao h\u00e0ng nhanh, v\u1eadn chuy\u1ec3n n\u1ed9i \u0111\u1ecba<\/strong> v\u1edbi chi ph\u00ed th\u1ea5p v\u00e0 \u0111\u1ed9 b\u1ec1n \u1ed5n \u0111\u1ecbnh.<\/p>\n<figure id=\"attachment_241\" aria-describedby=\"caption-attachment-241\" style=\"width: 300px\" class=\"wp-caption alignnone\"><img fetchpriority=\"high\" decoding=\"async\" class=\"size-medium wp-image-241\" src=\"https:\/\/samlanbox.com\/wp-content\/uploads\/2025\/12\/11-300x300.png\" alt=\"Th\u00f9ng carton 3 l\u1edbp \u0111\u00f3ng g\u00f3i h\u00e0ng shop online\" width=\"300\" height=\"300\" srcset=\"https:\/\/samlanbox.com\/wp-content\/uploads\/2025\/12\/11-300x300.png 300w, https:\/\/samlanbox.com\/wp-content\/uploads\/2025\/12\/11-150x150.png 150w, https:\/\/samlanbox.com\/wp-content\/uploads\/2025\/12\/11-768x768.png 768w, https:\/\/samlanbox.com\/wp-content\/uploads\/2025\/12\/11-600x600.png 600w, https:\/\/samlanbox.com\/wp-content\/uploads\/2025\/12\/11-100x100.png 100w, https:\/\/samlanbox.com\/wp-content\/uploads\/2025\/12\/11.png 1024w\" sizes=\"(max-width: 300px) 100vw, 300px\" \/><figcaption id=\"caption-attachment-241\" class=\"wp-caption-text\">Th\u00f9ng carton 3 l\u1edbp \u0111\u00f3ng g\u00f3i h\u00e0ng shop online<\/figcaption><\/figure>\n<h4 data-start=\"919\" data-end=\"942\">Th\u00f4ng tin k\u1ef9 thu\u1eadt<\/h4>\n<ul data-start=\"943\" data-end=\"1162\">\n<li data-start=\"943\" data-end=\"1002\">\n<p data-start=\"945\" data-end=\"1002\">C\u1ea5u t\u1ea1o: 2 l\u1edbp gi\u1ea5y ph\u1eb3ng + 1 l\u1edbp s\u00f3ng carton (B \/ C \/ E)<\/p>\n<\/li>\n<li data-start=\"1003\" data-end=\"1035\">\n<p data-start=\"1005\" data-end=\"1035\">\u0110\u1ecbnh l\u01b0\u1ee3ng gi\u1ea5y: 125 \u2013 175 gsm<\/p>\n<\/li>\n<li data-start=\"1036\" data-end=\"1079\">\n<p data-start=\"1038\" data-end=\"1079\">K\u00edch th\u01b0\u1edbc: s\u1ea3n xu\u1ea5t theo y\u00eau c\u1ea7u th\u1ef1c t\u1ebf<\/p>\n<\/li>\n<li data-start=\"1080\" data-end=\"1116\">\n<p data-start=\"1082\" data-end=\"1116\">M\u00e0u s\u1eafc: carton n\u00e2u \/ carton tr\u1eafng<\/p>\n<\/li>\n<li data-start=\"1117\" data-end=\"1162\">\n<p data-start=\"1119\" data-end=\"1162\">In \u1ea5n: in flexo logo, th\u00f4ng tin th\u01b0\u01a1ng hi\u1ec7u<\/p>\n<\/li>\n<\/ul>\n<h4 data-start=\"1164\" data-end=\"1184\">L\u1ee3i \u00edch n\u1ed5i b\u1eadt<\/h4>\n<ul data-start=\"1185\" data-end=\"1340\">\n<li data-start=\"1185\" data-end=\"1216\">\n<p data-start=\"1187\" data-end=\"1216\">Tr\u1ecdng l\u01b0\u1ee3ng nh\u1eb9, d\u1ec5 x\u1ebfp ch\u1ed3ng<\/p>\n<\/li>\n<li data-start=\"1217\" data-end=\"1257\">\n<p data-start=\"1219\" data-end=\"1257\">\u0110\u1ee7 c\u1ee9ng cho h\u00e0ng h\u00f3a nh\u1eb9 v\u00e0 trung b\u00ecnh<\/p>\n<\/li>\n<li data-start=\"1258\" data-end=\"1294\">\n<p data-start=\"1260\" data-end=\"1294\">Gi\u1ea3m chi ph\u00ed \u0111\u00f3ng g\u00f3i &amp; v\u1eadn chuy\u1ec3n<\/p>\n<\/li>\n<li data-start=\"1295\" data-end=\"1340\">\n<p data-start=\"1297\" data-end=\"1340\">Ph\u00f9 h\u1ee3p shop online, doanh nghi\u1ec7p v\u1eeba &amp; nh\u1ecf<\/p>\n<\/li>\n<\/ul>\n<h4 data-start=\"1342\" data-end=\"1355\">\u1ee8ng d\u1ee5ng<\/h4>\n<ul data-start=\"1356\" data-end=\"1439\">\n<li data-start=\"1356\" data-end=\"1393\">\n<p data-start=\"1358\" data-end=\"1393\">\u0110\u00f3ng g\u00f3i qu\u1ea7n \u00e1o, m\u1ef9 ph\u1ea9m, ph\u1ee5 ki\u1ec7n<\/p>\n<\/li>\n<li data-start=\"1394\" data-end=\"1419\">\n<p data-start=\"1396\" data-end=\"1419\">Giao h\u00e0ng COD, s\u00e0n TM\u0110T<\/p>\n<\/li>\n<li data-start=\"1420\" data-end=\"1439\">\n<p data-start=\"1422\" data-end=\"1439\">L\u01b0u kho ng\u1eafn ng\u00e0y<\/p>\n<\/li>\n<\/ul>\n<p data-start=\"1441\" data-end=\"1501\">\ud83d\udcde <strong data-start=\"1444\" data-end=\"1501\">Carton Sam Lan \u2013 T\u01b0 v\u1ea5n &amp; b\u00e1o gi\u00e1 nhanh: 0348 744 689<\/strong><\/p>\n","protected":false},"excerpt":{"rendered":"<h4 data-start=\"919\" data-end=\"942\">Th\u00f4ng tin k\u1ef9 thu\u1eadt<\/h4>\n<ul data-start=\"943\" data-end=\"1162\">\n<li data-start=\"943\" data-end=\"1002\">\n<p data-start=\"945\" data-end=\"1002\">C\u1ea5u t\u1ea1o: 2 l\u1edbp gi\u1ea5y ph\u1eb3ng + 1 l\u1edbp s\u00f3ng carton (B \/ C \/ E)<\/p>\n<\/li>\n<li data-start=\"1003\" data-end=\"1035\">\n<p data-start=\"1005\" data-end=\"1035\">\u0110\u1ecbnh l\u01b0\u1ee3ng gi\u1ea5y: 125 \u2013 175 gsm<\/p>\n<\/li>\n<li data-start=\"1036\" data-end=\"1079\">\n<p data-start=\"1038\" data-end=\"1079\">K\u00edch th\u01b0\u1edbc: s\u1ea3n xu\u1ea5t theo y\u00eau c\u1ea7u th\u1ef1c t\u1ebf<\/p>\n<\/li>\n<li data-start=\"1080\" data-end=\"1116\">\n<p data-start=\"1082\" data-end=\"1116\">M\u00e0u s\u1eafc: carton n\u00e2u \/ carton tr\u1eafng<\/p>\n<\/li>\n<li data-start=\"1117\" data-end=\"1162\">\n<p data-start=\"1119\" data-end=\"1162\">In \u1ea5n: in flexo logo, th\u00f4ng tin th\u01b0\u01a1ng hi\u1ec7u<\/p>\n<\/li>\n<\/ul>\n","protected":false},"featured_media":797,"comment_status":"open","ping_status":"closed","template":"","meta":{"_acf_changed":false,"ocean_post_layout":"","ocean_both_sidebars_style":"","ocean_both_sidebars_content_width":0,"ocean_both_sidebars_sidebars_width":0,"ocean_sidebar":"0","ocean_second_sidebar":"0","ocean_disable_margins":"enable","ocean_add_body_class":"","ocean_shortcode_before_top_bar":"","ocean_shortcode_after_top_bar":"","ocean_shortcode_before_header":"","ocean_shortcode_after_header":"","ocean_has_shortcode":"","ocean_shortcode_after_title":"","ocean_shortcode_before_footer_widgets":"","ocean_shortcode_after_footer_widgets":"","ocean_shortcode_before_footer_bottom":"","ocean_shortcode_after_footer_bottom":"","ocean_display_top_bar":"default","ocean_display_header":"default","ocean_header_style":"","ocean_center_header_left_menu":"0","ocean_custom_header_template":"0","ocean_custom_logo":0,"ocean_custom_retina_logo":0,"ocean_custom_logo_max_width":0,"ocean_custom_logo_tablet_max_width":0,"ocean_custom_logo_mobile_max_width":0,"ocean_custom_logo_max_height":0,"ocean_custom_logo_tablet_max_height":0,"ocean_custom_logo_mobile_max_height":0,"ocean_header_custom_menu":"0","ocean_menu_typo_font_family":"0","ocean_menu_typo_font_subset":"","ocean_menu_typo_font_size":0,"ocean_menu_typo_font_size_tablet":0,"ocean_menu_typo_font_size_mobile":0,"ocean_menu_typo_font_size_unit":"px","ocean_menu_typo_font_weight":"","ocean_menu_typo_font_weight_tablet":"","ocean_menu_typo_font_weight_mobile":"","ocean_menu_typo_transform":"","ocean_menu_typo_transform_tablet":"","ocean_menu_typo_transform_mobile":"","ocean_menu_typo_line_height":0,"ocean_menu_typo_line_height_tablet":0,"ocean_menu_typo_line_height_mobile":0,"ocean_menu_typo_line_height_unit":"","ocean_menu_typo_spacing":0,"ocean_menu_typo_spacing_tablet":0,"ocean_menu_typo_spacing_mobile":0,"ocean_menu_typo_spacing_unit":"","ocean_menu_link_color":"","ocean_menu_link_color_hover":"","ocean_menu_link_color_active":"","ocean_menu_link_background":"","ocean_menu_link_hover_background":"","ocean_menu_link_active_background":"","ocean_menu_social_links_bg":"","ocean_menu_social_hover_links_bg":"","ocean_menu_social_links_color":"","ocean_menu_social_hover_links_color":"","ocean_disable_title":"default","ocean_disable_heading":"default","ocean_post_title":"","ocean_post_subheading":"","ocean_post_title_style":"","ocean_post_title_background_color":"","ocean_post_title_background":0,"ocean_post_title_bg_image_position":"","ocean_post_title_bg_image_attachment":"","ocean_post_title_bg_image_repeat":"","ocean_post_title_bg_image_size":"","ocean_post_title_height":0,"ocean_post_title_bg_overlay":0.5,"ocean_post_title_bg_overlay_color":"","ocean_disable_breadcrumbs":"default","ocean_breadcrumbs_color":"","ocean_breadcrumbs_separator_color":"","ocean_breadcrumbs_links_color":"","ocean_breadcrumbs_links_hover_color":"","ocean_display_footer_widgets":"default","ocean_display_footer_bottom":"default","ocean_custom_footer_template":"0"},"product_brand":[86],"product_cat":[65,75],"product_tag":[88,87,90,89],"class_list":{"0":"post-745","1":"product","2":"type-product","3":"status-publish","4":"has-post-thumbnail","6":"product_brand-sam-lan-box","7":"product_cat-hop-carton-3lop","8":"product_cat-thung-carton-3-lop","9":"product_tag-thung-carton-3-lop","10":"product_tag-thung-carton-3-lop-dong-hang","11":"product_tag-thung-carton-ben","12":"product_tag-thung-carton-gia-re","14":"entry","15":"has-media","17":"first","18":"instock","19":"shipping-taxable","20":"product-type-simple","21":"has-product-nav","22":"col","23":"span_1_of_3","24":"owp-content-center","25":"owp-thumbs-layout-horizontal","26":"owp-btn-normal","27":"owp-tabs-layout-horizontal"},"acf":[],"yoast_head":"<!-- This site is optimized with the Yoast SEO plugin v27.0 - https:\/\/yoast.com\/product\/yoast-seo-wordpress\/ -->\n<title>Th\u00f9ng Carton 3 L\u1edbp \u0110\u00f3ng G\u00f3i H\u00e0ng Shop Online \u2013 S\u1ea3n Xu\u1ea5t Theo Y\u00eau C\u1ea7u | Carton Sam Lan -<\/title>\n<meta name=\"robots\" content=\"index, follow, max-snippet:-1, max-image-preview:large, max-video-preview:-1\" \/>\n<link rel=\"canonical\" href=\"https:\/\/samlanbox.com\/?product=thung-carton-3-lop-dong-goi-hang-shop-online-san-xuat-theo-yeu-cau-carton-sam-lan\" \/>\n<meta property=\"og:locale\" content=\"vi_VN\" \/>\n<meta property=\"og:type\" content=\"article\" \/>\n<meta property=\"og:title\" content=\"Th\u00f9ng Carton 3 L\u1edbp \u0110\u00f3ng G\u00f3i H\u00e0ng Shop Online \u2013 S\u1ea3n Xu\u1ea5t Theo Y\u00eau C\u1ea7u | Carton Sam Lan -\" \/>\n<meta property=\"og:description\" content=\"Th\u00f4ng tin k\u1ef9 thu\u1eadt    C\u1ea5u t\u1ea1o: 2 l\u1edbp gi\u1ea5y ph\u1eb3ng + 1 l\u1edbp s\u00f3ng carton (B \/ C \/ E)    \u0110\u1ecbnh l\u01b0\u1ee3ng gi\u1ea5y: 125 \u2013 175 gsm    K\u00edch th\u01b0\u1edbc: s\u1ea3n xu\u1ea5t theo y\u00eau c\u1ea7u th\u1ef1c t\u1ebf    M\u00e0u s\u1eafc: carton n\u00e2u \/ carton tr\u1eafng    In \u1ea5n: in flexo logo, th\u00f4ng tin th\u01b0\u01a1ng hi\u1ec7u\" \/>\n<meta property=\"og:url\" content=\"https:\/\/samlanbox.com\/?product=thung-carton-3-lop-dong-goi-hang-shop-online-san-xuat-theo-yeu-cau-carton-sam-lan\" \/>\n<meta property=\"article:modified_time\" content=\"2026-01-20T14:40:32+00:00\" \/>\n<meta property=\"og:image\" content=\"https:\/\/samlanbox.com\/wp-content\/uploads\/2026\/01\/2.png\" \/>\n\t<meta property=\"og:image:width\" content=\"1000\" \/>\n\t<meta property=\"og:image:height\" content=\"1000\" \/>\n\t<meta property=\"og:image:type\" content=\"image\/png\" \/>\n<meta name=\"twitter:card\" content=\"summary_large_image\" \/>\n<meta name=\"twitter:label1\" content=\"\u01af\u1edbc t\u00ednh th\u1eddi gian \u0111\u1ecdc\" \/>\n\t<meta name=\"twitter:data1\" content=\"1 ph\u00fat\" \/>\n<script type=\"application\/ld+json\" class=\"yoast-schema-graph\">{\"@context\":\"https:\/\/schema.org\",\"@graph\":[{\"@type\":\"WebPage\",\"@id\":\"https:\/\/samlanbox.com\/?product=thung-carton-3-lop-dong-goi-hang-shop-online-san-xuat-theo-yeu-cau-carton-sam-lan\",\"url\":\"https:\/\/samlanbox.com\/?product=thung-carton-3-lop-dong-goi-hang-shop-online-san-xuat-theo-yeu-cau-carton-sam-lan\",\"name\":\"Th\u00f9ng Carton 3 L\u1edbp \u0110\u00f3ng G\u00f3i H\u00e0ng Shop Online \u2013 S\u1ea3n Xu\u1ea5t Theo Y\u00eau C\u1ea7u | Carton Sam Lan -\",\"isPartOf\":{\"@id\":\"https:\/\/samlanbox.com\/#website\"},\"primaryImageOfPage\":{\"@id\":\"https:\/\/samlanbox.com\/?product=thung-carton-3-lop-dong-goi-hang-shop-online-san-xuat-theo-yeu-cau-carton-sam-lan#primaryimage\"},\"image\":{\"@id\":\"https:\/\/samlanbox.com\/?product=thung-carton-3-lop-dong-goi-hang-shop-online-san-xuat-theo-yeu-cau-carton-sam-lan#primaryimage\"},\"thumbnailUrl\":\"https:\/\/samlanbox.com\/wp-content\/uploads\/2026\/01\/2.png\",\"datePublished\":\"2026-01-04T14:01:26+00:00\",\"dateModified\":\"2026-01-20T14:40:32+00:00\",\"breadcrumb\":{\"@id\":\"https:\/\/samlanbox.com\/?product=thung-carton-3-lop-dong-goi-hang-shop-online-san-xuat-theo-yeu-cau-carton-sam-lan#breadcrumb\"},\"inLanguage\":\"vi\",\"potentialAction\":[{\"@type\":\"ReadAction\",\"target\":[\"https:\/\/samlanbox.com\/?product=thung-carton-3-lop-dong-goi-hang-shop-online-san-xuat-theo-yeu-cau-carton-sam-lan\"]}]},{\"@type\":\"ImageObject\",\"inLanguage\":\"vi\",\"@id\":\"https:\/\/samlanbox.com\/?product=thung-carton-3-lop-dong-goi-hang-shop-online-san-xuat-theo-yeu-cau-carton-sam-lan#primaryimage\",\"url\":\"https:\/\/samlanbox.com\/wp-content\/uploads\/2026\/01\/2.png\",\"contentUrl\":\"https:\/\/samlanbox.com\/wp-content\/uploads\/2026\/01\/2.png\",\"width\":1000,\"height\":1000,\"caption\":\"Th\u00f9ng carton 3 l\u1edbp c\u1ee7a Sam Lan Box\"},{\"@type\":\"BreadcrumbList\",\"@id\":\"https:\/\/samlanbox.com\/?product=thung-carton-3-lop-dong-goi-hang-shop-online-san-xuat-theo-yeu-cau-carton-sam-lan#breadcrumb\",\"itemListElement\":[{\"@type\":\"ListItem\",\"position\":1,\"name\":\"Trang ch\u1ee7\",\"item\":\"https:\/\/samlanbox.com\/\"},{\"@type\":\"ListItem\",\"position\":2,\"name\":\"S\u1ea3n Ph\u1ea9m\",\"item\":\"https:\/\/samlanbox.com\/?page_id=8\"},{\"@type\":\"ListItem\",\"position\":3,\"name\":\"Th\u00f9ng Carton 3 L\u1edbp \u0110\u00f3ng G\u00f3i H\u00e0ng Shop Online \u2013 S\u1ea3n Xu\u1ea5t Theo Y\u00eau C\u1ea7u | Carton Sam Lan\"}]},{\"@type\":\"WebSite\",\"@id\":\"https:\/\/samlanbox.com\/#website\",\"url\":\"https:\/\/samlanbox.com\/\",\"name\":\"samlanbox.com\",\"description\":\"\",\"publisher\":{\"@id\":\"https:\/\/samlanbox.com\/#organization\"},\"potentialAction\":[{\"@type\":\"SearchAction\",\"target\":{\"@type\":\"EntryPoint\",\"urlTemplate\":\"https:\/\/samlanbox.com\/?s={search_term_string}\"},\"query-input\":{\"@type\":\"PropertyValueSpecification\",\"valueRequired\":true,\"valueName\":\"search_term_string\"}}],\"inLanguage\":\"vi\"},{\"@type\":\"Organization\",\"@id\":\"https:\/\/samlanbox.com\/#organization\",\"name\":\"C\u00f4ng Ty C\u1ed5 Ph\u1ea7n Bao B\u00ec Carton Sam Lan\",\"url\":\"https:\/\/samlanbox.com\/\",\"logo\":{\"@type\":\"ImageObject\",\"inLanguage\":\"vi\",\"@id\":\"https:\/\/samlanbox.com\/#\/schema\/logo\/image\/\",\"url\":\"http:\/\/samlanbox.com\/wp-content\/uploads\/2026\/02\/thung-carton-Sam-Lan-8.png\",\"contentUrl\":\"http:\/\/samlanbox.com\/wp-content\/uploads\/2026\/02\/thung-carton-Sam-Lan-8.png\",\"width\":1000,\"height\":1000,\"caption\":\"C\u00f4ng Ty C\u1ed5 Ph\u1ea7n Bao B\u00ec Carton Sam Lan\"},\"image\":{\"@id\":\"https:\/\/samlanbox.com\/#\/schema\/logo\/image\/\"}}]}<\/script>\n<!-- \/ Yoast SEO plugin. -->","yoast_head_json":{"title":"Th\u00f9ng Carton 3 L\u1edbp \u0110\u00f3ng G\u00f3i H\u00e0ng Shop Online \u2013 S\u1ea3n Xu\u1ea5t Theo Y\u00eau C\u1ea7u | Carton Sam Lan -","robots":{"index":"index","follow":"follow","max-snippet":"max-snippet:-1","max-image-preview":"max-image-preview:large","max-video-preview":"max-video-preview:-1"},"canonical":"https:\/\/samlanbox.com\/?product=thung-carton-3-lop-dong-goi-hang-shop-online-san-xuat-theo-yeu-cau-carton-sam-lan","og_locale":"vi_VN","og_type":"article","og_title":"Th\u00f9ng Carton 3 L\u1edbp \u0110\u00f3ng G\u00f3i H\u00e0ng Shop Online \u2013 S\u1ea3n Xu\u1ea5t Theo Y\u00eau C\u1ea7u | Carton Sam Lan -","og_description":"Th\u00f4ng tin k\u1ef9 thu\u1eadt    C\u1ea5u t\u1ea1o: 2 l\u1edbp gi\u1ea5y ph\u1eb3ng + 1 l\u1edbp s\u00f3ng carton (B \/ C \/ E)    \u0110\u1ecbnh l\u01b0\u1ee3ng gi\u1ea5y: 125 \u2013 175 gsm    K\u00edch th\u01b0\u1edbc: s\u1ea3n xu\u1ea5t theo y\u00eau c\u1ea7u th\u1ef1c t\u1ebf    M\u00e0u s\u1eafc: carton n\u00e2u \/ carton tr\u1eafng    In \u1ea5n: in flexo logo, th\u00f4ng tin th\u01b0\u01a1ng hi\u1ec7u","og_url":"https:\/\/samlanbox.com\/?product=thung-carton-3-lop-dong-goi-hang-shop-online-san-xuat-theo-yeu-cau-carton-sam-lan","article_modified_time":"2026-01-20T14:40:32+00:00","og_image":[{"width":1000,"height":1000,"url":"https:\/\/samlanbox.com\/wp-content\/uploads\/2026\/01\/2.png","type":"image\/png"}],"twitter_card":"summary_large_image","twitter_misc":{"\u01af\u1edbc t\u00ednh th\u1eddi gian \u0111\u1ecdc":"1 ph\u00fat"},"schema":{"@context":"https:\/\/schema.org","@graph":[{"@type":"WebPage","@id":"https:\/\/samlanbox.com\/?product=thung-carton-3-lop-dong-goi-hang-shop-online-san-xuat-theo-yeu-cau-carton-sam-lan","url":"https:\/\/samlanbox.com\/?product=thung-carton-3-lop-dong-goi-hang-shop-online-san-xuat-theo-yeu-cau-carton-sam-lan","name":"Th\u00f9ng Carton 3 L\u1edbp \u0110\u00f3ng G\u00f3i H\u00e0ng Shop Online \u2013 S\u1ea3n Xu\u1ea5t Theo Y\u00eau C\u1ea7u | Carton Sam Lan -","isPartOf":{"@id":"https:\/\/samlanbox.com\/#website"},"primaryImageOfPage":{"@id":"https:\/\/samlanbox.com\/?product=thung-carton-3-lop-dong-goi-hang-shop-online-san-xuat-theo-yeu-cau-carton-sam-lan#primaryimage"},"image":{"@id":"https:\/\/samlanbox.com\/?product=thung-carton-3-lop-dong-goi-hang-shop-online-san-xuat-theo-yeu-cau-carton-sam-lan#primaryimage"},"thumbnailUrl":"https:\/\/samlanbox.com\/wp-content\/uploads\/2026\/01\/2.png","datePublished":"2026-01-04T14:01:26+00:00","dateModified":"2026-01-20T14:40:32+00:00","breadcrumb":{"@id":"https:\/\/samlanbox.com\/?product=thung-carton-3-lop-dong-goi-hang-shop-online-san-xuat-theo-yeu-cau-carton-sam-lan#breadcrumb"},"inLanguage":"vi","potentialAction":[{"@type":"ReadAction","target":["https:\/\/samlanbox.com\/?product=thung-carton-3-lop-dong-goi-hang-shop-online-san-xuat-theo-yeu-cau-carton-sam-lan"]}]},{"@type":"ImageObject","inLanguage":"vi","@id":"https:\/\/samlanbox.com\/?product=thung-carton-3-lop-dong-goi-hang-shop-online-san-xuat-theo-yeu-cau-carton-sam-lan#primaryimage","url":"https:\/\/samlanbox.com\/wp-content\/uploads\/2026\/01\/2.png","contentUrl":"https:\/\/samlanbox.com\/wp-content\/uploads\/2026\/01\/2.png","width":1000,"height":1000,"caption":"Th\u00f9ng carton 3 l\u1edbp c\u1ee7a Sam Lan Box"},{"@type":"BreadcrumbList","@id":"https:\/\/samlanbox.com\/?product=thung-carton-3-lop-dong-goi-hang-shop-online-san-xuat-theo-yeu-cau-carton-sam-lan#breadcrumb","itemListElement":[{"@type":"ListItem","position":1,"name":"Trang ch\u1ee7","item":"https:\/\/samlanbox.com\/"},{"@type":"ListItem","position":2,"name":"S\u1ea3n Ph\u1ea9m","item":"https:\/\/samlanbox.com\/?page_id=8"},{"@type":"ListItem","position":3,"name":"Th\u00f9ng Carton 3 L\u1edbp \u0110\u00f3ng G\u00f3i H\u00e0ng Shop Online \u2013 S\u1ea3n Xu\u1ea5t Theo Y\u00eau C\u1ea7u | Carton Sam Lan"}]},{"@type":"WebSite","@id":"https:\/\/samlanbox.com\/#website","url":"https:\/\/samlanbox.com\/","name":"samlanbox.com","description":"","publisher":{"@id":"https:\/\/samlanbox.com\/#organization"},"potentialAction":[{"@type":"SearchAction","target":{"@type":"EntryPoint","urlTemplate":"https:\/\/samlanbox.com\/?s={search_term_string}"},"query-input":{"@type":"PropertyValueSpecification","valueRequired":true,"valueName":"search_term_string"}}],"inLanguage":"vi"},{"@type":"Organization","@id":"https:\/\/samlanbox.com\/#organization","name":"C\u00f4ng Ty C\u1ed5 Ph\u1ea7n Bao B\u00ec Carton Sam Lan","url":"https:\/\/samlanbox.com\/","logo":{"@type":"ImageObject","inLanguage":"vi","@id":"https:\/\/samlanbox.com\/#\/schema\/logo\/image\/","url":"http:\/\/samlanbox.com\/wp-content\/uploads\/2026\/02\/thung-carton-Sam-Lan-8.png","contentUrl":"http:\/\/samlanbox.com\/wp-content\/uploads\/2026\/02\/thung-carton-Sam-Lan-8.png","width":1000,"height":1000,"caption":"C\u00f4ng Ty C\u1ed5 Ph\u1ea7n Bao B\u00ec Carton Sam Lan"},"image":{"@id":"https:\/\/samlanbox.com\/#\/schema\/logo\/image\/"}}]}},"jetpack_sharing_enabled":true,"_links":{"self":[{"href":"https:\/\/samlanbox.com\/index.php?rest_route=\/wp\/v2\/product\/745","targetHints":{"allow":["GET"]}}],"collection":[{"href":"https:\/\/samlanbox.com\/index.php?rest_route=\/wp\/v2\/product"}],"about":[{"href":"https:\/\/samlanbox.com\/index.php?rest_route=\/wp\/v2\/types\/product"}],"replies":[{"embeddable":true,"href":"https:\/\/samlanbox.com\/index.php?rest_route=%2Fwp%2Fv2%2Fcomments&post=745"}],"wp:featuredmedia":[{"embeddable":true,"href":"https:\/\/samlanbox.com\/index.php?rest_route=\/wp\/v2\/media\/797"}],"wp:attachment":[{"href":"https:\/\/samlanbox.com\/index.php?rest_route=%2Fwp%2Fv2%2Fmedia&parent=745"}],"wp:term":[{"taxonomy":"product_brand","embeddable":true,"href":"https:\/\/samlanbox.com\/index.php?rest_route=%2Fwp%2Fv2%2Fproduct_brand&post=745"},{"taxonomy":"product_cat","embeddable":true,"href":"https:\/\/samlanbox.com\/index.php?rest_route=%2Fwp%2Fv2%2Fproduct_cat&post=745"},{"taxonomy":"product_tag","embeddable":true,"href":"https:\/\/samlanbox.com\/index.php?rest_route=%2Fwp%2Fv2%2Fproduct_tag&post=745"}],"curies":[{"name":"wp","href":"https:\/\/api.w.org\/{rel}","templated":true}]}}