{"id":9,"date":"2025-12-12T14:18:12","date_gmt":"2025-12-12T14:18:12","guid":{"rendered":"http:\/\/samlanbox.com\/gio-hang\/"},"modified":"2025-12-16T07:55:03","modified_gmt":"2025-12-16T07:55:03","slug":"gio-hang","status":"publish","type":"page","link":"https:\/\/samlanbox.com\/?page_id=9","title":{"rendered":"Gi\u1ecf h\u00e0ng"},"content":{"rendered":"\n<div data-block-name=\"woocommerce\/cart\" class=\"wp-block-woocommerce-cart alignwide is-loading\">\n<div data-block-name=\"woocommerce\/filled-cart-block\" class=\"wp-block-woocommerce-filled-cart-block\">\n<div data-block-name=\"woocommerce\/cart-items-block\" class=\"wp-block-woocommerce-cart-items-block\">\n<div data-block-name=\"woocommerce\/cart-line-items-block\" class=\"wp-block-woocommerce-cart-line-items-block\"><\/div>\n\n\n<\/div>\n\n\n\n\n<div data-block-name=\"woocommerce\/cart-totals-block\" class=\"wp-block-woocommerce-cart-totals-block\">\n<div data-block-name=\"woocommerce\/cart-order-summary-block\" class=\"wp-block-woocommerce-cart-order-summary-block\">\n<div data-block-name=\"woocommerce\/cart-order-summary-heading-block\" class=\"wp-block-woocommerce-cart-order-summary-heading-block\"><\/div><div data-block-name=\"woocommerce\/cart-order-summary-coupon-form-block\" class=\"wp-block-woocommerce-cart-order-summary-coupon-form-block\"><\/div><div data-block-name=\"woocommerce\/cart-order-summary-totals-block\" class=\"wp-block-woocommerce-cart-order-summary-totals-block\">\n<div data-block-name=\"woocommerce\/cart-order-summary-subtotal-block\" class=\"wp-block-woocommerce-cart-order-summary-subtotal-block\"><\/div>\n<div data-block-name=\"woocommerce\/cart-order-summary-discount-block\" class=\"wp-block-woocommerce-cart-order-summary-discount-block\"><\/div>\n<div data-block-name=\"woocommerce\/cart-order-summary-fee-block\" class=\"wp-block-woocommerce-cart-order-summary-fee-block\"><\/div>\n<div data-block-name=\"woocommerce\/cart-order-summary-shipping-block\" class=\"wp-block-woocommerce-cart-order-summary-shipping-block\"><\/div>\n<div data-block-name=\"woocommerce\/cart-order-summary-taxes-block\" class=\"wp-block-woocommerce-cart-order-summary-taxes-block\"><\/div><\/div>\n<\/div>\n\n\n\n<div data-block-name=\"woocommerce\/cart-express-payment-block\" class=\"wp-block-woocommerce-cart-express-payment-block\"><\/div>\n\n\n\n<div data-block-name=\"woocommerce\/proceed-to-checkout-block\" class=\"wp-block-woocommerce-proceed-to-checkout-block\"><\/div>\n\n\n\n<div data-block-name=\"woocommerce\/cart-accepted-payment-methods-block\" class=\"wp-block-woocommerce-cart-accepted-payment-methods-block\"><\/div>\n<\/div>\n<\/div>\n\n\n\n<div data-block-name=\"woocommerce\/empty-cart-block\" class=\"wp-block-woocommerce-empty-cart-block\">\n<h2 class=\"wp-block-heading has-text-align-center with-empty-cart-icon wc-block-cart__empty-cart__title\">Gi\u1ecf h\u00e0ng hi\u1ec7n t\u1ea1i ch\u01b0a c\u00f3 s\u1ea3n ph\u1ea9m n\u00e0o!<\/h2>\n\n\n\n<hr class=\"wp-block-separator has-alpha-channel-opacity is-style-dots\"\/>\n\n\n\n<h2 class=\"wp-block-heading has-text-align-center\">M\u1edbi trong c\u1eeda h\u00e0ng<\/h2>\n\n\n<div data-block-name=\"woocommerce\/product-new\" data-columns=\"4\" data-rows=\"1\" class=\"wc-block-grid wp-block-product-new wp-block-woocommerce-product-new wc-block-product-new has-4-columns\"><ul class=\"wc-block-grid__products\"><li class=\"wc-block-grid__product\">\n\t\t\t\t<a href=\"https:\/\/samlanbox.com\/?product=thung-carton-60x40x40-di-may-bay\" class=\"wc-block-grid__product-link\">\n\t\t\t\t\t\n\t\t\t\t\t<div class=\"wc-block-grid__product-image\"><img fetchpriority=\"high\" decoding=\"async\" width=\"300\" height=\"300\" src=\"https:\/\/samlanbox.com\/wp-content\/uploads\/2026\/02\/Thung-carton-60x40x40-300x300.png\" class=\"attachment-woocommerce_thumbnail size-woocommerce_thumbnail\" alt=\"Th\u00f9ng carton 60x40x40\" srcset=\"https:\/\/samlanbox.com\/wp-content\/uploads\/2026\/02\/Thung-carton-60x40x40-300x300.png 300w, https:\/\/samlanbox.com\/wp-content\/uploads\/2026\/02\/Thung-carton-60x40x40-150x150.png 150w, https:\/\/samlanbox.com\/wp-content\/uploads\/2026\/02\/Thung-carton-60x40x40-768x768.png 768w, https:\/\/samlanbox.com\/wp-content\/uploads\/2026\/02\/Thung-carton-60x40x40-600x600.png 600w, https:\/\/samlanbox.com\/wp-content\/uploads\/2026\/02\/Thung-carton-60x40x40-100x100.png 100w, https:\/\/samlanbox.com\/wp-content\/uploads\/2026\/02\/Thung-carton-60x40x40.png 1000w\" sizes=\"(max-width: 300px) 100vw, 300px\" \/><\/div>\n\t\t\t\t\t<div class=\"wc-block-grid__product-title\">Th\u00f9ng Carton 60x40x40 \u0111i m\u00e1y bay: K\u00edch th\u01b0\u1edbc chu\u1ea9n k\u00fd g\u1eedi v\u00e0 kinh nghi\u1ec7m \u0111\u00f3ng h\u00e0ng qu\u1ed1c t\u1ebf<\/div>\n\t\t\t\t<\/a>\n\t\t\t\t<div class=\"wc-block-grid__product-price price\"><\/div>\n\t\t\t\t\n\t\t\t\t<div class=\"wp-block-button wc-block-grid__product-add-to-cart\"><a href=\"https:\/\/samlanbox.com\/?product=thung-carton-60x40x40-di-may-bay\" aria-label=\"\u0110\u1ecdc th\u00eam v\u1ec1 &ldquo;Th\u00f9ng Carton 60x40x40 \u0111i m\u00e1y bay: K\u00edch th\u01b0\u1edbc chu\u1ea9n k\u00fd g\u1eedi v\u00e0 kinh nghi\u1ec7m \u0111\u00f3ng h\u00e0ng qu\u1ed1c t\u1ebf&rdquo;\" data-quantity=\"1\" data-product_id=\"876\" data-product_sku=\"\" data-price=\"0\" rel=\"nofollow\" class=\"wp-block-button__link  add_to_cart_button\">\u0110\u1ecdc ti\u1ebfp<\/a><\/div>\n\t\t\t<\/li><li class=\"wc-block-grid__product\">\n\t\t\t\t<a href=\"https:\/\/samlanbox.com\/?product=thung-carton-co-vach-ngan-partition-box\" class=\"wc-block-grid__product-link\">\n\t\t\t\t\t\n\t\t\t\t\t<div class=\"wc-block-grid__product-image\"><img decoding=\"async\" width=\"300\" height=\"300\" src=\"https:\/\/samlanbox.com\/wp-content\/uploads\/2026\/01\/11-300x300.png\" class=\"attachment-woocommerce_thumbnail size-woocommerce_thumbnail\" alt=\"Th\u00f9ng carton c\u00f3 v\u00e1ch ng\u0103n, v\u00e1ch ng\u0103n carton.\" srcset=\"https:\/\/samlanbox.com\/wp-content\/uploads\/2026\/01\/11-300x300.png 300w, https:\/\/samlanbox.com\/wp-content\/uploads\/2026\/01\/11-150x150.png 150w, https:\/\/samlanbox.com\/wp-content\/uploads\/2026\/01\/11-768x768.png 768w, https:\/\/samlanbox.com\/wp-content\/uploads\/2026\/01\/11-600x600.png 600w, https:\/\/samlanbox.com\/wp-content\/uploads\/2026\/01\/11-100x100.png 100w, https:\/\/samlanbox.com\/wp-content\/uploads\/2026\/01\/11.png 1000w\" sizes=\"(max-width: 300px) 100vw, 300px\" \/><\/div>\n\t\t\t\t\t<div class=\"wc-block-grid__product-title\">Th\u00f9ng Carton C\u00f3 V\u00e1ch Ng\u0103n (Partition Box)<\/div>\n\t\t\t\t<\/a>\n\t\t\t\t<div class=\"wc-block-grid__product-price price\"><\/div>\n\t\t\t\t\n\t\t\t\t<div class=\"wp-block-button wc-block-grid__product-add-to-cart\"><a href=\"https:\/\/samlanbox.com\/?product=thung-carton-co-vach-ngan-partition-box\" aria-label=\"\u0110\u1ecdc th\u00eam v\u1ec1 &ldquo;Th\u00f9ng Carton C\u00f3 V\u00e1ch Ng\u0103n (Partition Box)&rdquo;\" data-quantity=\"1\" data-product_id=\"824\" data-product_sku=\"\" data-price=\"0\" rel=\"nofollow\" class=\"wp-block-button__link  add_to_cart_button\">\u0110\u1ecdc ti\u1ebfp<\/a><\/div>\n\t\t\t<\/li><li class=\"wc-block-grid__product\">\n\t\t\t\t<a href=\"https:\/\/samlanbox.com\/?product=thung-carton-thiet-ke-dac-biet-hop-qua-tang-co-cua-so\" class=\"wc-block-grid__product-link\">\n\t\t\t\t\t\n\t\t\t\t\t<div class=\"wc-block-grid__product-image\"><img decoding=\"async\" width=\"300\" height=\"300\" src=\"https:\/\/samlanbox.com\/wp-content\/uploads\/2026\/01\/10-300x300.png\" class=\"attachment-woocommerce_thumbnail size-woocommerce_thumbnail\" alt=\"Th\u00f9ng carton thi\u1ebft k\u1ebf \u0111\u1eb7c bi\u1ec7t, h\u1ed9p carton c\u00f3 c\u1eeda s\u1ed5.\" srcset=\"https:\/\/samlanbox.com\/wp-content\/uploads\/2026\/01\/10-300x300.png 300w, https:\/\/samlanbox.com\/wp-content\/uploads\/2026\/01\/10-150x150.png 150w, https:\/\/samlanbox.com\/wp-content\/uploads\/2026\/01\/10-768x768.png 768w, https:\/\/samlanbox.com\/wp-content\/uploads\/2026\/01\/10-600x600.png 600w, https:\/\/samlanbox.com\/wp-content\/uploads\/2026\/01\/10-100x100.png 100w, https:\/\/samlanbox.com\/wp-content\/uploads\/2026\/01\/10.png 1000w\" sizes=\"(max-width: 300px) 100vw, 300px\" \/><\/div>\n\t\t\t\t\t<div class=\"wc-block-grid__product-title\">Th\u00f9ng Carton Thi\u1ebft K\u1ebf \u0110\u1eb7c Bi\u1ec7t (H\u1ed9p Qu\u00e0 T\u1eb7ng C\u00f3 C\u1eeda S\u1ed5)<\/div>\n\t\t\t\t<\/a>\n\t\t\t\t<div class=\"wc-block-grid__product-price price\"><\/div>\n\t\t\t\t\n\t\t\t\t<div class=\"wp-block-button wc-block-grid__product-add-to-cart\"><a href=\"https:\/\/samlanbox.com\/?product=thung-carton-thiet-ke-dac-biet-hop-qua-tang-co-cua-so\" aria-label=\"\u0110\u1ecdc th\u00eam v\u1ec1 &ldquo;Th\u00f9ng Carton Thi\u1ebft K\u1ebf \u0110\u1eb7c Bi\u1ec7t (H\u1ed9p Qu\u00e0 T\u1eb7ng C\u00f3 C\u1eeda S\u1ed5)&rdquo;\" data-quantity=\"1\" data-product_id=\"822\" data-product_sku=\"\" data-price=\"0\" rel=\"nofollow\" class=\"wp-block-button__link  add_to_cart_button\">\u0110\u1ecdc ti\u1ebfp<\/a><\/div>\n\t\t\t<\/li><li class=\"wc-block-grid__product\">\n\t\t\t\t<a href=\"https:\/\/samlanbox.com\/?product=thung-carton-co-nap-chom\" class=\"wc-block-grid__product-link\">\n\t\t\t\t\t\n\t\t\t\t\t<div class=\"wc-block-grid__product-image\"><img loading=\"lazy\" decoding=\"async\" width=\"300\" height=\"300\" src=\"https:\/\/samlanbox.com\/wp-content\/uploads\/2026\/01\/9-300x300.png\" class=\"attachment-woocommerce_thumbnail size-woocommerce_thumbnail\" alt=\"Th\u00f9ng carton n\u1eafp ch\u1ed3m, h\u1ed9p carton n\u1eafp ch\u1ed3m\" srcset=\"https:\/\/samlanbox.com\/wp-content\/uploads\/2026\/01\/9-300x300.png 300w, https:\/\/samlanbox.com\/wp-content\/uploads\/2026\/01\/9-150x150.png 150w, https:\/\/samlanbox.com\/wp-content\/uploads\/2026\/01\/9-768x768.png 768w, https:\/\/samlanbox.com\/wp-content\/uploads\/2026\/01\/9-600x600.png 600w, https:\/\/samlanbox.com\/wp-content\/uploads\/2026\/01\/9-100x100.png 100w, https:\/\/samlanbox.com\/wp-content\/uploads\/2026\/01\/9.png 1000w\" sizes=\"(max-width: 300px) 100vw, 300px\" \/><\/div>\n\t\t\t\t\t<div class=\"wc-block-grid__product-title\">Th\u00f9ng Carton C\u00f3 N\u1eafp Ch\u1ed3m<\/div>\n\t\t\t\t<\/a>\n\t\t\t\t<div class=\"wc-block-grid__product-price price\"><\/div>\n\t\t\t\t\n\t\t\t\t<div class=\"wp-block-button wc-block-grid__product-add-to-cart\"><a href=\"https:\/\/samlanbox.com\/?product=thung-carton-co-nap-chom\" aria-label=\"\u0110\u1ecdc th\u00eam v\u1ec1 &ldquo;Th\u00f9ng Carton C\u00f3 N\u1eafp Ch\u1ed3m&rdquo;\" data-quantity=\"1\" data-product_id=\"820\" data-product_sku=\"\" data-price=\"0\" rel=\"nofollow\" class=\"wp-block-button__link  add_to_cart_button\">\u0110\u1ecdc ti\u1ebfp<\/a><\/div>\n\t\t\t<\/li><\/ul><\/div><\/div>\n<\/div>\n","protected":false},"excerpt":{"rendered":"","protected":false},"author":1,"featured_media":0,"parent":0,"menu_order":0,"comment_status":"closed","ping_status":"closed","template":"","meta":{"_acf_changed":false,"ocean_post_layout":"","ocean_both_sidebars_style":"","ocean_both_sidebars_content_width":0,"ocean_both_sidebars_sidebars_width":0,"ocean_sidebar":"","ocean_second_sidebar":"","ocean_disable_margins":"enable","ocean_add_body_class":"","ocean_shortcode_before_top_bar":"","ocean_shortcode_after_top_bar":"","ocean_shortcode_before_header":"","ocean_shortcode_after_header":"","ocean_has_shortcode":"","ocean_shortcode_after_title":"","ocean_shortcode_before_footer_widgets":"","ocean_shortcode_after_footer_widgets":"","ocean_shortcode_before_footer_bottom":"","ocean_shortcode_after_footer_bottom":"","ocean_display_top_bar":"default","ocean_display_header":"default","ocean_header_style":"","ocean_center_header_left_menu":"","ocean_custom_header_template":"","ocean_custom_logo":0,"ocean_custom_retina_logo":0,"ocean_custom_logo_max_width":0,"ocean_custom_logo_tablet_max_width":0,"ocean_custom_logo_mobile_max_width":0,"ocean_custom_logo_max_height":0,"ocean_custom_logo_tablet_max_height":0,"ocean_custom_logo_mobile_max_height":0,"ocean_header_custom_menu":"","ocean_menu_typo_font_family":"","ocean_menu_typo_font_subset":"","ocean_menu_typo_font_size":0,"ocean_menu_typo_font_size_tablet":0,"ocean_menu_typo_font_size_mobile":0,"ocean_menu_typo_font_size_unit":"px","ocean_menu_typo_font_weight":"","ocean_menu_typo_font_weight_tablet":"","ocean_menu_typo_font_weight_mobile":"","ocean_menu_typo_transform":"","ocean_menu_typo_transform_tablet":"","ocean_menu_typo_transform_mobile":"","ocean_menu_typo_line_height":0,"ocean_menu_typo_line_height_tablet":0,"ocean_menu_typo_line_height_mobile":0,"ocean_menu_typo_line_height_unit":"","ocean_menu_typo_spacing":0,"ocean_menu_typo_spacing_tablet":0,"ocean_menu_typo_spacing_mobile":0,"ocean_menu_typo_spacing_unit":"","ocean_menu_link_color":"","ocean_menu_link_color_hover":"","ocean_menu_link_color_active":"","ocean_menu_link_background":"","ocean_menu_link_hover_background":"","ocean_menu_link_active_background":"","ocean_menu_social_links_bg":"","ocean_menu_social_hover_links_bg":"","ocean_menu_social_links_color":"","ocean_menu_social_hover_links_color":"","ocean_disable_title":"default","ocean_disable_heading":"default","ocean_post_title":"","ocean_post_subheading":"","ocean_post_title_style":"","ocean_post_title_background_color":"","ocean_post_title_background":0,"ocean_post_title_bg_image_position":"","ocean_post_title_bg_image_attachment":"","ocean_post_title_bg_image_repeat":"","ocean_post_title_bg_image_size":"","ocean_post_title_height":0,"ocean_post_title_bg_overlay":0.5,"ocean_post_title_bg_overlay_color":"","ocean_disable_breadcrumbs":"default","ocean_breadcrumbs_color":"","ocean_breadcrumbs_separator_color":"","ocean_breadcrumbs_links_color":"","ocean_breadcrumbs_links_hover_color":"","ocean_display_footer_widgets":"default","ocean_display_footer_bottom":"default","ocean_custom_footer_template":"","footnotes":""},"class_list":["post-9","page","type-page","status-publish","hentry","entry","owp-thumbs-layout-horizontal","owp-btn-normal","owp-tabs-layout-horizontal","has-no-thumbnails","has-product-nav"],"acf":[],"yoast_head":"<!-- This site is optimized with the Yoast SEO plugin v27.0 - https:\/\/yoast.com\/product\/yoast-seo-wordpress\/ -->\n<title>Gi\u1ecf h\u00e0ng -<\/title>\n<meta name=\"robots\" content=\"index, follow, max-snippet:-1, max-image-preview:large, max-video-preview:-1\" \/>\n<link rel=\"canonical\" href=\"https:\/\/samlanbox.com\/?page_id=9\" \/>\n<meta property=\"og:locale\" content=\"vi_VN\" \/>\n<meta property=\"og:type\" content=\"article\" \/>\n<meta property=\"og:title\" content=\"Gi\u1ecf h\u00e0ng -\" \/>\n<meta property=\"og:url\" content=\"https:\/\/samlanbox.com\/?page_id=9\" \/>\n<meta property=\"article:modified_time\" content=\"2025-12-16T07:55:03+00:00\" \/>\n<meta name=\"twitter:card\" content=\"summary_large_image\" \/>\n<script type=\"application\/ld+json\" class=\"yoast-schema-graph\">{\"@context\":\"https:\/\/schema.org\",\"@graph\":[{\"@type\":\"WebPage\",\"@id\":\"https:\/\/samlanbox.com\/?page_id=9\",\"url\":\"https:\/\/samlanbox.com\/?page_id=9\",\"name\":\"Gi\u1ecf h\u00e0ng -\",\"isPartOf\":{\"@id\":\"https:\/\/samlanbox.com\/#website\"},\"datePublished\":\"2025-12-12T14:18:12+00:00\",\"dateModified\":\"2025-12-16T07:55:03+00:00\",\"breadcrumb\":{\"@id\":\"https:\/\/samlanbox.com\/?page_id=9#breadcrumb\"},\"inLanguage\":\"vi\",\"potentialAction\":[{\"@type\":\"ReadAction\",\"target\":[\"https:\/\/samlanbox.com\/?page_id=9\"]}]},{\"@type\":\"BreadcrumbList\",\"@id\":\"https:\/\/samlanbox.com\/?page_id=9#breadcrumb\",\"itemListElement\":[{\"@type\":\"ListItem\",\"position\":1,\"name\":\"Trang ch\u1ee7\",\"item\":\"https:\/\/samlanbox.com\/\"},{\"@type\":\"ListItem\",\"position\":2,\"name\":\"Gi\u1ecf h\u00e0ng\"}]},{\"@type\":\"WebSite\",\"@id\":\"https:\/\/samlanbox.com\/#website\",\"url\":\"https:\/\/samlanbox.com\/\",\"name\":\"samlanbox.com\",\"description\":\"\",\"publisher\":{\"@id\":\"https:\/\/samlanbox.com\/#organization\"},\"potentialAction\":[{\"@type\":\"SearchAction\",\"target\":{\"@type\":\"EntryPoint\",\"urlTemplate\":\"https:\/\/samlanbox.com\/?s={search_term_string}\"},\"query-input\":{\"@type\":\"PropertyValueSpecification\",\"valueRequired\":true,\"valueName\":\"search_term_string\"}}],\"inLanguage\":\"vi\"},{\"@type\":\"Organization\",\"@id\":\"https:\/\/samlanbox.com\/#organization\",\"name\":\"C\u00f4ng Ty C\u1ed5 Ph\u1ea7n Bao B\u00ec Carton Sam Lan\",\"url\":\"https:\/\/samlanbox.com\/\",\"logo\":{\"@type\":\"ImageObject\",\"inLanguage\":\"vi\",\"@id\":\"https:\/\/samlanbox.com\/#\/schema\/logo\/image\/\",\"url\":\"http:\/\/samlanbox.com\/wp-content\/uploads\/2026\/02\/thung-carton-Sam-Lan-8.png\",\"contentUrl\":\"http:\/\/samlanbox.com\/wp-content\/uploads\/2026\/02\/thung-carton-Sam-Lan-8.png\",\"width\":1000,\"height\":1000,\"caption\":\"C\u00f4ng Ty C\u1ed5 Ph\u1ea7n Bao B\u00ec Carton Sam Lan\"},\"image\":{\"@id\":\"https:\/\/samlanbox.com\/#\/schema\/logo\/image\/\"}}]}<\/script>\n<!-- \/ Yoast SEO plugin. -->","yoast_head_json":{"title":"Gi\u1ecf h\u00e0ng -","robots":{"index":"index","follow":"follow","max-snippet":"max-snippet:-1","max-image-preview":"max-image-preview:large","max-video-preview":"max-video-preview:-1"},"canonical":"https:\/\/samlanbox.com\/?page_id=9","og_locale":"vi_VN","og_type":"article","og_title":"Gi\u1ecf h\u00e0ng -","og_url":"https:\/\/samlanbox.com\/?page_id=9","article_modified_time":"2025-12-16T07:55:03+00:00","twitter_card":"summary_large_image","schema":{"@context":"https:\/\/schema.org","@graph":[{"@type":"WebPage","@id":"https:\/\/samlanbox.com\/?page_id=9","url":"https:\/\/samlanbox.com\/?page_id=9","name":"Gi\u1ecf h\u00e0ng -","isPartOf":{"@id":"https:\/\/samlanbox.com\/#website"},"datePublished":"2025-12-12T14:18:12+00:00","dateModified":"2025-12-16T07:55:03+00:00","breadcrumb":{"@id":"https:\/\/samlanbox.com\/?page_id=9#breadcrumb"},"inLanguage":"vi","potentialAction":[{"@type":"ReadAction","target":["https:\/\/samlanbox.com\/?page_id=9"]}]},{"@type":"BreadcrumbList","@id":"https:\/\/samlanbox.com\/?page_id=9#breadcrumb","itemListElement":[{"@type":"ListItem","position":1,"name":"Trang ch\u1ee7","item":"https:\/\/samlanbox.com\/"},{"@type":"ListItem","position":2,"name":"Gi\u1ecf h\u00e0ng"}]},{"@type":"WebSite","@id":"https:\/\/samlanbox.com\/#website","url":"https:\/\/samlanbox.com\/","name":"samlanbox.com","description":"","publisher":{"@id":"https:\/\/samlanbox.com\/#organization"},"potentialAction":[{"@type":"SearchAction","target":{"@type":"EntryPoint","urlTemplate":"https:\/\/samlanbox.com\/?s={search_term_string}"},"query-input":{"@type":"PropertyValueSpecification","valueRequired":true,"valueName":"search_term_string"}}],"inLanguage":"vi"},{"@type":"Organization","@id":"https:\/\/samlanbox.com\/#organization","name":"C\u00f4ng Ty C\u1ed5 Ph\u1ea7n Bao B\u00ec Carton Sam Lan","url":"https:\/\/samlanbox.com\/","logo":{"@type":"ImageObject","inLanguage":"vi","@id":"https:\/\/samlanbox.com\/#\/schema\/logo\/image\/","url":"http:\/\/samlanbox.com\/wp-content\/uploads\/2026\/02\/thung-carton-Sam-Lan-8.png","contentUrl":"http:\/\/samlanbox.com\/wp-content\/uploads\/2026\/02\/thung-carton-Sam-Lan-8.png","width":1000,"height":1000,"caption":"C\u00f4ng Ty C\u1ed5 Ph\u1ea7n Bao B\u00ec Carton Sam Lan"},"image":{"@id":"https:\/\/samlanbox.com\/#\/schema\/logo\/image\/"}}]}},"jetpack_sharing_enabled":true,"_links":{"self":[{"href":"https:\/\/samlanbox.com\/index.php?rest_route=\/wp\/v2\/pages\/9","targetHints":{"allow":["GET"]}}],"collection":[{"href":"https:\/\/samlanbox.com\/index.php?rest_route=\/wp\/v2\/pages"}],"about":[{"href":"https:\/\/samlanbox.com\/index.php?rest_route=\/wp\/v2\/types\/page"}],"author":[{"embeddable":true,"href":"https:\/\/samlanbox.com\/index.php?rest_route=\/wp\/v2\/users\/1"}],"replies":[{"embeddable":true,"href":"https:\/\/samlanbox.com\/index.php?rest_route=%2Fwp%2Fv2%2Fcomments&post=9"}],"version-history":[{"count":1,"href":"https:\/\/samlanbox.com\/index.php?rest_route=\/wp\/v2\/pages\/9\/revisions"}],"predecessor-version":[{"id":61,"href":"https:\/\/samlanbox.com\/index.php?rest_route=\/wp\/v2\/pages\/9\/revisions\/61"}],"wp:attachment":[{"href":"https:\/\/samlanbox.com\/index.php?rest_route=%2Fwp%2Fv2%2Fmedia&parent=9"}],"curies":[{"name":"wp","href":"https:\/\/api.w.org\/{rel}","templated":true}]}}