{"id":165,"date":"2025-12-15T05:24:01","date_gmt":"2025-12-15T05:24:01","guid":{"rendered":"http:\/\/samlanbox.com\/?page_id=165"},"modified":"2026-01-26T13:41:50","modified_gmt":"2026-01-26T13:41:50","slug":"lien-he","status":"publish","type":"page","link":"https:\/\/samlanbox.com\/?page_id=165","title":{"rendered":"Li\u00ean H\u1ec7"},"content":{"rendered":"\n<h2 class=\"wp-block-heading\"><strong>Th\u00f4ng tin li\u00ean h\u1ec7 Bao b\u00ec Carton Sam Lan \u2013 T\u01b0 v\u1ea5n &amp; b\u00e1o gi\u00e1 nhanh<\/strong><\/h2>\n\n\n\n<p><strong>C\u00f4ng ty C\u1ed5 ph\u1ea7n Bao B\u00ec CARTON Sam Lan<\/strong> l\u00e0 \u0111\u01a1n v\u1ecb chuy\u00ean cung c\u1ea5p c\u00e1c gi\u1ea3i ph\u00e1p <strong>bao b\u00ec carton ch\u1ea5t l\u01b0\u1ee3ng cao<\/strong>, ph\u1ee5c v\u1ee5 \u0111a d\u1ea1ng ng\u00e0nh ngh\u1ec1 nh\u01b0 th\u1ef1c ph\u1ea9m, d\u01b0\u1ee3c ph\u1ea9m, m\u1ef9 ph\u1ea9m, \u0111i\u1ec7n t\u1eed, c\u00f4ng nghi\u1ec7p v\u00e0 xu\u1ea5t kh\u1ea9u.<\/p>\n\n\n\n<p>Ch\u00fang t\u00f4i lu\u00f4n s\u1eb5n s\u00e0ng <strong>t\u01b0 v\u1ea5n \u2013 thi\u1ebft k\u1ebf \u2013 b\u00e1o gi\u00e1 nhanh<\/strong> c\u00e1c lo\u1ea1i th\u00f9ng carton theo y\u00eau c\u1ea7u, \u0111\u1ea3m b\u1ea3o <strong>ch\u1ea5t l\u01b0\u1ee3ng \u2013 ti\u1ebfn \u0111\u1ed9 \u2013 chi ph\u00ed t\u1ed1i \u01b0u<\/strong> cho doanh nghi\u1ec7p.<\/p>\n\n\n\n<iframe src=\"https:\/\/www.google.com\/maps\/embed?pb=!1m18!1m12!1m3!1d3721.7133845987855!2d105.86049399999999!3d21.12399!2m3!1f0!2f0!3f0!3m2!1i1024!2i768!4f13.1!3m3!1m2!1s0x3135010060d3e37b%3A0xcea2430def87de1a!2zQ8O0bmcgdHkgY-G7lSBwaOG6p24gSEFMQSBWaeG7h3QgTmFt!5e0!3m2!1svi!2s!4v1769434843360!5m2!1svi!2s\" width=\"600\" height=\"450\" style=\"border:0;\" allowfullscreen=\"\" loading=\"lazy\" referrerpolicy=\"no-referrer-when-downgrade\"><\/iframe>\n\n\n\n<hr class=\"wp-block-separator has-alpha-channel-opacity\"\/>\n\n\n\n<h2 class=\"wp-block-heading\">Th\u00f4ng tin li\u00ean h\u1ec7 ch\u00ednh th\u1ee9c<\/h2>\n\n\n\n<p>Qu\u00fd kh\u00e1ch h\u00e0ng v\u00e0 \u0111\u1ed1i t\u00e1c c\u00f3 th\u1ec3 li\u00ean h\u1ec7 v\u1edbi Bao b\u00ec Carton Sam Lan qua c\u00e1c k\u00eanh sau:<\/p>\n\n\n\n<ul class=\"wp-block-list\">\n<li><strong>T\u00ean c\u00f4ng ty:<\/strong> C\u00f4ng ty C\u1ed5 ph\u1ea7n Bao B\u00ec CARTON Sam Lan<\/li>\n\n\n\n<li><strong>Hotline:<\/strong> <strong>0348 744 689<\/strong><\/li>\n\n\n\n<li><strong>Email:<\/strong> <strong><a>marketing.samlan@gmail.com<\/a><\/strong><\/li>\n\n\n\n<li><strong>Fanpage Facebook:<\/strong><br>\ud83d\udc49 <a href=\"https:\/\/www.facebook.com\/baobicartonSamLanVietNam\">https:\/\/www.facebook.com\/baobicartonSamLanVietNam<\/a><\/li>\n<\/ul>\n\n\n\n<p>\u0110\u1ed9i ng\u0169 t\u01b0 v\u1ea5n c\u1ee7a ch\u00fang t\u00f4i s\u1ebd ph\u1ea3n h\u1ed3i nhanh ch\u00f3ng v\u00e0 h\u1ed7 tr\u1ee3 t\u1eadn t\u00e2m.<\/p>\n\n\n\n<hr class=\"wp-block-separator has-alpha-channel-opacity\"\/>\n\n\n\n<h2 class=\"wp-block-heading\">V\u00ec sao n\u00ean li\u00ean h\u1ec7 Bao b\u00ec Carton Sam Lan?<\/h2>\n\n\n\n<ul class=\"wp-block-list\">\n<li>\u2714\ufe0f Chuy\u00ean s\u1ea3n xu\u1ea5t v\u00e0 cung c\u1ea5p <strong>th\u00f9ng carton 3 l\u1edbp, 5 l\u1edbp, 7 l\u1edbp<\/strong><\/li>\n\n\n\n<li>\u2714\ufe0f Nh\u1eadn <strong>in \u1ea5n logo, th\u01b0\u01a1ng hi\u1ec7u theo y\u00eau c\u1ea7u<\/strong><\/li>\n\n\n\n<li>\u2714\ufe0f Ch\u1ea5t li\u1ec7u gi\u1ea5y \u0111\u1ea1t ti\u00eau chu\u1ea9n, <strong>ch\u1ecbu l\u1ef1c t\u1ed1t \u2013 b\u1ea3o v\u1ec7 s\u1ea3n ph\u1ea9m t\u1ed1i \u01b0u<\/strong><\/li>\n\n\n\n<li>\u2714\ufe0f Ph\u00f9 h\u1ee3p cho <strong>\u0111\u00f3ng g\u00f3i \u2013 v\u1eadn chuy\u1ec3n \u2013 xu\u1ea5t kh\u1ea9u<\/strong><\/li>\n\n\n\n<li>\u2714\ufe0f T\u01b0 v\u1ea5n k\u1ef9 thu\u1eadt mi\u1ec5n ph\u00ed, b\u00e1o gi\u00e1 minh b\u1ea1ch<\/li>\n<\/ul>\n\n\n\n<p>Sam Lan kh\u00f4ng ch\u1ec9 cung c\u1ea5p bao b\u00ec carton, m\u00e0 c\u00f2n mang \u0111\u1ebfn <strong>gi\u1ea3i ph\u00e1p \u0111\u00f3ng g\u00f3i b\u1ec1n v\u1eefng<\/strong>, g\u00f3p ph\u1ea7n n\u00e2ng cao h\u00ecnh \u1ea3nh th\u01b0\u01a1ng hi\u1ec7u cho kh\u00e1ch h\u00e0ng.<\/p>\n\n\n\n<hr class=\"wp-block-separator has-alpha-channel-opacity\"\/>\n\n\n\n<h2 class=\"wp-block-heading\">Li\u00ean h\u1ec7 ngay \u0111\u1ec3 \u0111\u01b0\u1ee3c h\u1ed7 tr\u1ee3<\/h2>\n\n\n\n<p>N\u1ebfu b\u1ea1n \u0111ang c\u1ea7n:<\/p>\n\n\n\n<ul class=\"wp-block-list\">\n<li>T\u01b0 v\u1ea5n l\u1ef1a ch\u1ecdn <strong>bao b\u00ec carton ph\u00f9 h\u1ee3p<\/strong><\/li>\n\n\n\n<li>B\u00e1o gi\u00e1 th\u00f9ng carton theo k\u00edch th\u01b0\u1edbc ri\u00eang<\/li>\n\n\n\n<li>Thi\u1ebft k\u1ebf bao b\u00ec carton mang d\u1ea5u \u1ea5n th\u01b0\u01a1ng hi\u1ec7u<\/li>\n<\/ul>\n\n\n\n<p>\ud83d\udc49 <strong>H\u00e3y li\u00ean h\u1ec7 ngay v\u1edbi Bao b\u00ec Carton Sam Lan qua hotline 0348 744 689<\/strong> ho\u1eb7c fanpage ch\u00ednh th\u1ee9c \u0111\u1ec3 \u0111\u01b0\u1ee3c h\u1ed7 tr\u1ee3 nhanh nh\u1ea5t.<\/p>\n","protected":false},"excerpt":{"rendered":"<p>Th\u00f4ng tin li\u00ean h\u1ec7 Bao b\u00ec Carton Sam Lan \u2013 T\u01b0 v\u1ea5n &amp; b\u00e1o gi\u00e1 nhanh C\u00f4ng ty C\u1ed5 ph\u1ea7n Bao B\u00ec CARTON Sam Lan l\u00e0 \u0111\u01a1n v\u1ecb chuy\u00ean cung c\u1ea5p c\u00e1c gi\u1ea3i ph\u00e1p bao b\u00ec carton ch\u1ea5t l\u01b0\u1ee3ng cao, ph\u1ee5c v\u1ee5 \u0111a d\u1ea1ng ng\u00e0nh ngh\u1ec1 nh\u01b0 th\u1ef1c ph\u1ea9m, d\u01b0\u1ee3c ph\u1ea9m, m\u1ef9 ph\u1ea9m, \u0111i\u1ec7n t\u1eed, [&hellip;]<\/p>\n","protected":false},"author":1,"featured_media":0,"parent":0,"menu_order":0,"comment_status":"closed","ping_status":"closed","template":"","meta":{"_acf_changed":false,"ocean_post_layout":"","ocean_both_sidebars_style":"","ocean_both_sidebars_content_width":0,"ocean_both_sidebars_sidebars_width":0,"ocean_sidebar":"","ocean_second_sidebar":"","ocean_disable_margins":"enable","ocean_add_body_class":"","ocean_shortcode_before_top_bar":"","ocean_shortcode_after_top_bar":"","ocean_shortcode_before_header":"","ocean_shortcode_after_header":"","ocean_has_shortcode":"","ocean_shortcode_after_title":"","ocean_shortcode_before_footer_widgets":"","ocean_shortcode_after_footer_widgets":"","ocean_shortcode_before_footer_bottom":"","ocean_shortcode_after_footer_bottom":"","ocean_display_top_bar":"default","ocean_display_header":"default","ocean_header_style":"","ocean_center_header_left_menu":"","ocean_custom_header_template":"","ocean_custom_logo":0,"ocean_custom_retina_logo":0,"ocean_custom_logo_max_width":0,"ocean_custom_logo_tablet_max_width":0,"ocean_custom_logo_mobile_max_width":0,"ocean_custom_logo_max_height":0,"ocean_custom_logo_tablet_max_height":0,"ocean_custom_logo_mobile_max_height":0,"ocean_header_custom_menu":"","ocean_menu_typo_font_family":"","ocean_menu_typo_font_subset":"","ocean_menu_typo_font_size":0,"ocean_menu_typo_font_size_tablet":0,"ocean_menu_typo_font_size_mobile":0,"ocean_menu_typo_font_size_unit":"px","ocean_menu_typo_font_weight":"","ocean_menu_typo_font_weight_tablet":"","ocean_menu_typo_font_weight_mobile":"","ocean_menu_typo_transform":"","ocean_menu_typo_transform_tablet":"","ocean_menu_typo_transform_mobile":"","ocean_menu_typo_line_height":0,"ocean_menu_typo_line_height_tablet":0,"ocean_menu_typo_line_height_mobile":0,"ocean_menu_typo_line_height_unit":"","ocean_menu_typo_spacing":0,"ocean_menu_typo_spacing_tablet":0,"ocean_menu_typo_spacing_mobile":0,"ocean_menu_typo_spacing_unit":"","ocean_menu_link_color":"","ocean_menu_link_color_hover":"","ocean_menu_link_color_active":"","ocean_menu_link_background":"","ocean_menu_link_hover_background":"","ocean_menu_link_active_background":"","ocean_menu_social_links_bg":"","ocean_menu_social_hover_links_bg":"","ocean_menu_social_links_color":"","ocean_menu_social_hover_links_color":"","ocean_disable_title":"default","ocean_disable_heading":"default","ocean_post_title":"","ocean_post_subheading":"","ocean_post_title_style":"","ocean_post_title_background_color":"","ocean_post_title_background":0,"ocean_post_title_bg_image_position":"","ocean_post_title_bg_image_attachment":"","ocean_post_title_bg_image_repeat":"","ocean_post_title_bg_image_size":"","ocean_post_title_height":0,"ocean_post_title_bg_overlay":0.5,"ocean_post_title_bg_overlay_color":"","ocean_disable_breadcrumbs":"default","ocean_breadcrumbs_color":"","ocean_breadcrumbs_separator_color":"","ocean_breadcrumbs_links_color":"","ocean_breadcrumbs_links_hover_color":"","ocean_display_footer_widgets":"default","ocean_display_footer_bottom":"default","ocean_custom_footer_template":"","footnotes":""},"class_list":["post-165","page","type-page","status-publish","hentry","entry","owp-thumbs-layout-horizontal","owp-btn-normal","owp-tabs-layout-horizontal","has-no-thumbnails","has-product-nav"],"acf":[],"yoast_head":"<!-- This site is optimized with the Yoast SEO plugin v27.0 - https:\/\/yoast.com\/product\/yoast-seo-wordpress\/ -->\n<title>Li\u00ean H\u1ec7 -<\/title>\n<meta name=\"robots\" content=\"index, follow, max-snippet:-1, max-image-preview:large, max-video-preview:-1\" \/>\n<link rel=\"canonical\" href=\"https:\/\/samlanbox.com\/?page_id=165\" \/>\n<meta property=\"og:locale\" content=\"vi_VN\" \/>\n<meta property=\"og:type\" content=\"article\" \/>\n<meta property=\"og:title\" content=\"Li\u00ean H\u1ec7 -\" \/>\n<meta property=\"og:description\" content=\"Th\u00f4ng tin li\u00ean h\u1ec7 Bao b\u00ec Carton Sam Lan \u2013 T\u01b0 v\u1ea5n &amp; b\u00e1o gi\u00e1 nhanh C\u00f4ng ty C\u1ed5 ph\u1ea7n Bao B\u00ec CARTON Sam Lan l\u00e0 \u0111\u01a1n v\u1ecb chuy\u00ean cung c\u1ea5p c\u00e1c gi\u1ea3i ph\u00e1p bao b\u00ec carton ch\u1ea5t l\u01b0\u1ee3ng cao, ph\u1ee5c v\u1ee5 \u0111a d\u1ea1ng ng\u00e0nh ngh\u1ec1 nh\u01b0 th\u1ef1c ph\u1ea9m, d\u01b0\u1ee3c ph\u1ea9m, m\u1ef9 ph\u1ea9m, \u0111i\u1ec7n t\u1eed, [&hellip;]\" \/>\n<meta property=\"og:url\" content=\"https:\/\/samlanbox.com\/?page_id=165\" \/>\n<meta property=\"article:modified_time\" content=\"2026-01-26T13:41:50+00:00\" \/>\n<meta name=\"twitter:card\" content=\"summary_large_image\" \/>\n<meta name=\"twitter:label1\" content=\"\u01af\u1edbc t\u00ednh th\u1eddi gian \u0111\u1ecdc\" \/>\n\t<meta name=\"twitter:data1\" content=\"2 ph\u00fat\" \/>\n<script type=\"application\/ld+json\" class=\"yoast-schema-graph\">{\"@context\":\"https:\/\/schema.org\",\"@graph\":[{\"@type\":\"WebPage\",\"@id\":\"https:\/\/samlanbox.com\/?page_id=165\",\"url\":\"https:\/\/samlanbox.com\/?page_id=165\",\"name\":\"Li\u00ean H\u1ec7 -\",\"isPartOf\":{\"@id\":\"https:\/\/samlanbox.com\/#website\"},\"datePublished\":\"2025-12-15T05:24:01+00:00\",\"dateModified\":\"2026-01-26T13:41:50+00:00\",\"breadcrumb\":{\"@id\":\"https:\/\/samlanbox.com\/?page_id=165#breadcrumb\"},\"inLanguage\":\"vi\",\"potentialAction\":[{\"@type\":\"ReadAction\",\"target\":[\"https:\/\/samlanbox.com\/?page_id=165\"]}]},{\"@type\":\"BreadcrumbList\",\"@id\":\"https:\/\/samlanbox.com\/?page_id=165#breadcrumb\",\"itemListElement\":[{\"@type\":\"ListItem\",\"position\":1,\"name\":\"Trang ch\u1ee7\",\"item\":\"https:\/\/samlanbox.com\/\"},{\"@type\":\"ListItem\",\"position\":2,\"name\":\"Li\u00ean H\u1ec7\"}]},{\"@type\":\"WebSite\",\"@id\":\"https:\/\/samlanbox.com\/#website\",\"url\":\"https:\/\/samlanbox.com\/\",\"name\":\"samlanbox.com\",\"description\":\"\",\"publisher\":{\"@id\":\"https:\/\/samlanbox.com\/#organization\"},\"potentialAction\":[{\"@type\":\"SearchAction\",\"target\":{\"@type\":\"EntryPoint\",\"urlTemplate\":\"https:\/\/samlanbox.com\/?s={search_term_string}\"},\"query-input\":{\"@type\":\"PropertyValueSpecification\",\"valueRequired\":true,\"valueName\":\"search_term_string\"}}],\"inLanguage\":\"vi\"},{\"@type\":\"Organization\",\"@id\":\"https:\/\/samlanbox.com\/#organization\",\"name\":\"C\u00f4ng Ty C\u1ed5 Ph\u1ea7n Bao B\u00ec Carton Sam Lan\",\"url\":\"https:\/\/samlanbox.com\/\",\"logo\":{\"@type\":\"ImageObject\",\"inLanguage\":\"vi\",\"@id\":\"https:\/\/samlanbox.com\/#\/schema\/logo\/image\/\",\"url\":\"http:\/\/samlanbox.com\/wp-content\/uploads\/2026\/02\/thung-carton-Sam-Lan-8.png\",\"contentUrl\":\"http:\/\/samlanbox.com\/wp-content\/uploads\/2026\/02\/thung-carton-Sam-Lan-8.png\",\"width\":1000,\"height\":1000,\"caption\":\"C\u00f4ng Ty C\u1ed5 Ph\u1ea7n Bao B\u00ec Carton Sam Lan\"},\"image\":{\"@id\":\"https:\/\/samlanbox.com\/#\/schema\/logo\/image\/\"}}]}<\/script>\n<!-- \/ Yoast SEO plugin. -->","yoast_head_json":{"title":"Li\u00ean H\u1ec7 -","robots":{"index":"index","follow":"follow","max-snippet":"max-snippet:-1","max-image-preview":"max-image-preview:large","max-video-preview":"max-video-preview:-1"},"canonical":"https:\/\/samlanbox.com\/?page_id=165","og_locale":"vi_VN","og_type":"article","og_title":"Li\u00ean H\u1ec7 -","og_description":"Th\u00f4ng tin li\u00ean h\u1ec7 Bao b\u00ec Carton Sam Lan \u2013 T\u01b0 v\u1ea5n &amp; b\u00e1o gi\u00e1 nhanh C\u00f4ng ty C\u1ed5 ph\u1ea7n Bao B\u00ec CARTON Sam Lan l\u00e0 \u0111\u01a1n v\u1ecb chuy\u00ean cung c\u1ea5p c\u00e1c gi\u1ea3i ph\u00e1p bao b\u00ec carton ch\u1ea5t l\u01b0\u1ee3ng cao, ph\u1ee5c v\u1ee5 \u0111a d\u1ea1ng ng\u00e0nh ngh\u1ec1 nh\u01b0 th\u1ef1c ph\u1ea9m, d\u01b0\u1ee3c ph\u1ea9m, m\u1ef9 ph\u1ea9m, \u0111i\u1ec7n t\u1eed, [&hellip;]","og_url":"https:\/\/samlanbox.com\/?page_id=165","article_modified_time":"2026-01-26T13:41:50+00:00","twitter_card":"summary_large_image","twitter_misc":{"\u01af\u1edbc t\u00ednh th\u1eddi gian \u0111\u1ecdc":"2 ph\u00fat"},"schema":{"@context":"https:\/\/schema.org","@graph":[{"@type":"WebPage","@id":"https:\/\/samlanbox.com\/?page_id=165","url":"https:\/\/samlanbox.com\/?page_id=165","name":"Li\u00ean H\u1ec7 -","isPartOf":{"@id":"https:\/\/samlanbox.com\/#website"},"datePublished":"2025-12-15T05:24:01+00:00","dateModified":"2026-01-26T13:41:50+00:00","breadcrumb":{"@id":"https:\/\/samlanbox.com\/?page_id=165#breadcrumb"},"inLanguage":"vi","potentialAction":[{"@type":"ReadAction","target":["https:\/\/samlanbox.com\/?page_id=165"]}]},{"@type":"BreadcrumbList","@id":"https:\/\/samlanbox.com\/?page_id=165#breadcrumb","itemListElement":[{"@type":"ListItem","position":1,"name":"Trang ch\u1ee7","item":"https:\/\/samlanbox.com\/"},{"@type":"ListItem","position":2,"name":"Li\u00ean H\u1ec7"}]},{"@type":"WebSite","@id":"https:\/\/samlanbox.com\/#website","url":"https:\/\/samlanbox.com\/","name":"samlanbox.com","description":"","publisher":{"@id":"https:\/\/samlanbox.com\/#organization"},"potentialAction":[{"@type":"SearchAction","target":{"@type":"EntryPoint","urlTemplate":"https:\/\/samlanbox.com\/?s={search_term_string}"},"query-input":{"@type":"PropertyValueSpecification","valueRequired":true,"valueName":"search_term_string"}}],"inLanguage":"vi"},{"@type":"Organization","@id":"https:\/\/samlanbox.com\/#organization","name":"C\u00f4ng Ty C\u1ed5 Ph\u1ea7n Bao B\u00ec Carton Sam Lan","url":"https:\/\/samlanbox.com\/","logo":{"@type":"ImageObject","inLanguage":"vi","@id":"https:\/\/samlanbox.com\/#\/schema\/logo\/image\/","url":"http:\/\/samlanbox.com\/wp-content\/uploads\/2026\/02\/thung-carton-Sam-Lan-8.png","contentUrl":"http:\/\/samlanbox.com\/wp-content\/uploads\/2026\/02\/thung-carton-Sam-Lan-8.png","width":1000,"height":1000,"caption":"C\u00f4ng Ty C\u1ed5 Ph\u1ea7n Bao B\u00ec Carton Sam Lan"},"image":{"@id":"https:\/\/samlanbox.com\/#\/schema\/logo\/image\/"}}]}},"jetpack_sharing_enabled":true,"_links":{"self":[{"href":"https:\/\/samlanbox.com\/index.php?rest_route=\/wp\/v2\/pages\/165","targetHints":{"allow":["GET"]}}],"collection":[{"href":"https:\/\/samlanbox.com\/index.php?rest_route=\/wp\/v2\/pages"}],"about":[{"href":"https:\/\/samlanbox.com\/index.php?rest_route=\/wp\/v2\/types\/page"}],"author":[{"embeddable":true,"href":"https:\/\/samlanbox.com\/index.php?rest_route=\/wp\/v2\/users\/1"}],"replies":[{"embeddable":true,"href":"https:\/\/samlanbox.com\/index.php?rest_route=%2Fwp%2Fv2%2Fcomments&post=165"}],"version-history":[{"count":4,"href":"https:\/\/samlanbox.com\/index.php?rest_route=\/wp\/v2\/pages\/165\/revisions"}],"predecessor-version":[{"id":832,"href":"https:\/\/samlanbox.com\/index.php?rest_route=\/wp\/v2\/pages\/165\/revisions\/832"}],"wp:attachment":[{"href":"https:\/\/samlanbox.com\/index.php?rest_route=%2Fwp%2Fv2%2Fmedia&parent=165"}],"curies":[{"name":"wp","href":"https:\/\/api.w.org\/{rel}","templated":true}]}}