{"id":104,"date":"2025-12-15T03:43:54","date_gmt":"2025-12-15T03:43:54","guid":{"rendered":"http:\/\/samlanbox.com\/?page_id=104"},"modified":"2026-02-23T05:28:34","modified_gmt":"2026-02-23T05:28:34","slug":"tin-tuc","status":"publish","type":"page","link":"https:\/\/samlanbox.com\/?page_id=104","title":{"rendered":"Tin T\u1ee9c"},"content":{"rendered":"\n<div class=\"wp-block-group\" style=\"padding-top:30px;padding-right:30px;padding-bottom:30px;padding-left:30px\"><div class=\"wp-block-group__inner-container is-layout-flow wp-block-group-is-layout-flow\">\n<div class=\"wp-block-columns is-layout-flex wp-container-core-columns-is-layout-9d6595d7 wp-block-columns-is-layout-flex\">\n<div class=\"wp-block-column is-layout-flow wp-block-column-is-layout-flow\" style=\"flex-basis:50%\">\n<div class=\"wp-block-query is-layout-flow wp-block-query-is-layout-flow\"><ul class=\"wp-block-post-template is-layout-flow wp-block-post-template-is-layout-flow\"><li class=\"wp-block-post post-1051 post type-post status-publish format-standard has-post-thumbnail hentry category-hop-dung-thiet-bi-dien-tu category-tin-tuc tag-bao-bi-dien-tu-chong-tinh-dien tag-bao-ve-linh-kien-bang-hop-giay tag-samlanbox-giai-phap-b2b tag-thung-carton-3-lop-song-e-b tag-thung-carton-dung-linh-kien-dien-tu tag-tieu-chuan-bao-bi-linh-kien-dien-tu tag-xuong-san-xuat-thung-carton-khu-cong-nghiep entry has-media owp-thumbs-layout-horizontal owp-btn-normal owp-tabs-layout-horizontal has-no-thumbnails has-product-nav\">\n<figure class=\"wp-block-post-featured-image\"><img fetchpriority=\"high\" decoding=\"async\" width=\"268\" height=\"188\" src=\"https:\/\/samlanbox.com\/wp-content\/uploads\/2026\/03\/images-4.jpg\" class=\"attachment-post-thumbnail size-post-thumbnail wp-post-image\" alt=\"th\u00f9ng carton \u0111\u1ef1ng linh ki\u1ec7n \u0111i\u1ec7n t\u1eed\" style=\"object-fit:cover;\" \/><\/figure>\n\n<h2 class=\"wp-block-post-title\">Th\u00f9ng Carton \u0110\u1ef1ng Linh Ki\u1ec7n \u0110i\u1ec7n T\u1eed: Gi\u1ea3i Ph\u00e1p Ch\u1ed1ng T\u0129nh \u0110i\u1ec7n | Samlanbox<\/h2>\n\n<div class=\"wp-block-post-date\"><time datetime=\"2026-03-31T15:45:58+00:00\">31 Th\u00e1ng 3, 2026<\/time><\/div>\n\n\n<div style=\"height:200px\" aria-hidden=\"true\" class=\"wp-block-spacer\"><\/div>\n\n<\/li><li class=\"wp-block-post post-1047 post type-post status-publish format-standard has-post-thumbnail hentry category-tin-tuc tag-bao-gia-thung-giay-gia-si tag-dat-lam-thung-carton-tai-xuong tag-loi-ich-dat-hang-tai-xuong-sam-lan tag-mua-thung-carton-khong-qua-trung-gian tag-san-xuat-bao-bi-carton-theo-yeu-cau tag-xuong-san-xuat-thung-carton-gia-re tag-xuong-thung-carton-ha-noi-2 entry has-media owp-thumbs-layout-horizontal owp-btn-normal owp-tabs-layout-horizontal has-no-thumbnails has-product-nav\">\n<figure class=\"wp-block-post-featured-image\"><img decoding=\"async\" width=\"1000\" height=\"1000\" src=\"https:\/\/samlanbox.com\/wp-content\/uploads\/2026\/03\/Quy-Trinh-San-Xuat-Thung-Carton-Tai-Xuong.jpg\" class=\"attachment-post-thumbnail size-post-thumbnail wp-post-image\" alt=\"Quy Tr\u00ecnh S\u1ea3n Xu\u1ea5t Th\u00f9ng Carton T\u1ea1i X\u01b0\u1edfng\" style=\"object-fit:cover;\" srcset=\"https:\/\/samlanbox.com\/wp-content\/uploads\/2026\/03\/Quy-Trinh-San-Xuat-Thung-Carton-Tai-Xuong.jpg 1000w, https:\/\/samlanbox.com\/wp-content\/uploads\/2026\/03\/Quy-Trinh-San-Xuat-Thung-Carton-Tai-Xuong-300x300.jpg 300w, https:\/\/samlanbox.com\/wp-content\/uploads\/2026\/03\/Quy-Trinh-San-Xuat-Thung-Carton-Tai-Xuong-150x150.jpg 150w, https:\/\/samlanbox.com\/wp-content\/uploads\/2026\/03\/Quy-Trinh-San-Xuat-Thung-Carton-Tai-Xuong-768x768.jpg 768w, https:\/\/samlanbox.com\/wp-content\/uploads\/2026\/03\/Quy-Trinh-San-Xuat-Thung-Carton-Tai-Xuong-600x600.jpg 600w, https:\/\/samlanbox.com\/wp-content\/uploads\/2026\/03\/Quy-Trinh-San-Xuat-Thung-Carton-Tai-Xuong-100x100.jpg 100w\" sizes=\"(max-width: 1000px) 100vw, 1000px\" \/><\/figure>\n\n<h2 class=\"wp-block-post-title\">\u0110\u1eb7t L\u00e0m Th\u00f9ng Carton T\u1ea1i X\u01b0\u1edfng: Gi\u00e1 R\u1ebb &#8211; Ch\u1ea5t L\u01b0\u1ee3ng &#8211; Nhanh Ch\u00f3ng | Samlanbox<\/h2>\n\n<div class=\"wp-block-post-date\"><time datetime=\"2026-03-29T15:34:03+00:00\">29 Th\u00e1ng 3, 2026<\/time><\/div>\n\n\n<div style=\"height:200px\" aria-hidden=\"true\" class=\"wp-block-spacer\"><\/div>\n\n<\/li><\/ul><\/div>\n<\/div>\n\n\n\n<div class=\"wp-block-column is-layout-flow wp-block-column-is-layout-flow\" style=\"flex-basis:50%\">\n<div class=\"wp-block-query is-layout-flow wp-block-query-is-layout-flow\"><ul class=\"wp-block-post-template is-layout-flow wp-block-post-template-is-layout-flow\"><li class=\"wp-block-post post-1045 post type-post status-publish format-standard has-post-thumbnail hentry category-tin-tuc tag-cach-dong-goi-hang-thuy-tinh-gom-su tag-giai-phap-dong-goi-an-toan tag-mau-hop-carton-chong-va-dap tag-phu-kien-dong-goi-hang-de-vo tag-thung-carton-5-lop-song-bc tag-thung-carton-dong-hang-de-vo tag-xuong-thung-carton-sam-lan-mien-bac entry has-media owp-thumbs-layout-horizontal owp-btn-normal owp-tabs-layout-horizontal has-no-thumbnails has-product-nav\">\n\n<div style=\"height:200px\" aria-hidden=\"true\" class=\"wp-block-spacer\"><\/div>\n\n\n<figure class=\"wp-block-post-featured-image\"><img decoding=\"async\" width=\"1000\" height=\"1000\" src=\"https:\/\/samlanbox.com\/wp-content\/uploads\/2026\/03\/thung-carton-Sam-Lan-9.png\" class=\"attachment-post-thumbnail size-post-thumbnail wp-post-image\" alt=\"th\u00f9ng carton \u0111\u00f3ng h\u00e0ng d\u1ec5 v\u1ee1\" style=\"object-fit:cover;\" srcset=\"https:\/\/samlanbox.com\/wp-content\/uploads\/2026\/03\/thung-carton-Sam-Lan-9.png 1000w, https:\/\/samlanbox.com\/wp-content\/uploads\/2026\/03\/thung-carton-Sam-Lan-9-300x300.png 300w, https:\/\/samlanbox.com\/wp-content\/uploads\/2026\/03\/thung-carton-Sam-Lan-9-150x150.png 150w, https:\/\/samlanbox.com\/wp-content\/uploads\/2026\/03\/thung-carton-Sam-Lan-9-768x768.png 768w, https:\/\/samlanbox.com\/wp-content\/uploads\/2026\/03\/thung-carton-Sam-Lan-9-600x600.png 600w, https:\/\/samlanbox.com\/wp-content\/uploads\/2026\/03\/thung-carton-Sam-Lan-9-100x100.png 100w\" sizes=\"(max-width: 1000px) 100vw, 1000px\" \/><\/figure>\n\n<h2 class=\"wp-block-post-title\">Top 10 M\u1eabu Th\u00f9ng Carton \u0110\u00f3ng H\u00e0ng D\u1ec5 V\u1ee1 Hi\u1ec7u Qu\u1ea3 Nh\u1ea5t | Samlanbox<\/h2>\n\n<div class=\"wp-block-post-date\"><time datetime=\"2026-03-26T15:30:21+00:00\">26 Th\u00e1ng 3, 2026<\/time><\/div>\n<\/li><li class=\"wp-block-post post-1043 post type-post status-publish format-standard has-post-thumbnail hentry category-tin-tuc tag-bao-quan-thung-carton tag-cach-chong-am-cho-thung-giay tag-kho-bai-thung-carton-tieu-chuan tag-kinh-nghiem-luu-kho-bao-bi tag-luu-kho-bao-bi-giay tag-xu-ly-thung-carton-bi-am-moc tag-xuong-thung-carton-sam-lan-huong-dan entry has-media owp-thumbs-layout-horizontal owp-btn-normal owp-tabs-layout-horizontal has-no-thumbnails has-product-nav\">\n\n<div style=\"height:200px\" aria-hidden=\"true\" class=\"wp-block-spacer\"><\/div>\n\n\n<figure class=\"wp-block-post-featured-image\"><img loading=\"lazy\" decoding=\"async\" width=\"1000\" height=\"1000\" src=\"https:\/\/samlanbox.com\/wp-content\/uploads\/2026\/03\/z7656753470217_ee56c68c58808dd602322b41819c2db3.jpg\" class=\"attachment-post-thumbnail size-post-thumbnail wp-post-image\" alt=\"b\u1ea3o qu\u1ea3n th\u00f9ng carton\" style=\"object-fit:cover;\" srcset=\"https:\/\/samlanbox.com\/wp-content\/uploads\/2026\/03\/z7656753470217_ee56c68c58808dd602322b41819c2db3.jpg 1000w, https:\/\/samlanbox.com\/wp-content\/uploads\/2026\/03\/z7656753470217_ee56c68c58808dd602322b41819c2db3-300x300.jpg 300w, https:\/\/samlanbox.com\/wp-content\/uploads\/2026\/03\/z7656753470217_ee56c68c58808dd602322b41819c2db3-150x150.jpg 150w, https:\/\/samlanbox.com\/wp-content\/uploads\/2026\/03\/z7656753470217_ee56c68c58808dd602322b41819c2db3-768x768.jpg 768w, https:\/\/samlanbox.com\/wp-content\/uploads\/2026\/03\/z7656753470217_ee56c68c58808dd602322b41819c2db3-600x600.jpg 600w, https:\/\/samlanbox.com\/wp-content\/uploads\/2026\/03\/z7656753470217_ee56c68c58808dd602322b41819c2db3-100x100.jpg 100w\" sizes=\"(max-width: 1000px) 100vw, 1000px\" \/><\/figure>\n\n<h2 class=\"wp-block-post-title\">B\u00ed Quy\u1ebft B\u1ea3o Qu\u1ea3n Th\u00f9ng Carton Lu\u00f4n B\u1ec1n \u0110\u1eb9p Trong Kho | Samlanbox<\/h2>\n\n<div class=\"wp-block-post-date\"><time datetime=\"2026-03-23T15:26:06+00:00\">23 Th\u00e1ng 3, 2026<\/time><\/div>\n<\/li><\/ul><\/div>\n<\/div>\n<\/div>\n<\/div><\/div>\n","protected":false},"excerpt":{"rendered":"","protected":false},"author":1,"featured_media":0,"parent":0,"menu_order":0,"comment_status":"closed","ping_status":"closed","template":"","meta":{"_acf_changed":false,"ocean_post_layout":"","ocean_both_sidebars_style":"","ocean_both_sidebars_content_width":0,"ocean_both_sidebars_sidebars_width":0,"ocean_sidebar":"","ocean_second_sidebar":"","ocean_disable_margins":"enable","ocean_add_body_class":"","ocean_shortcode_before_top_bar":"","ocean_shortcode_after_top_bar":"","ocean_shortcode_before_header":"","ocean_shortcode_after_header":"","ocean_has_shortcode":"","ocean_shortcode_after_title":"","ocean_shortcode_before_footer_widgets":"","ocean_shortcode_after_footer_widgets":"","ocean_shortcode_before_footer_bottom":"","ocean_shortcode_after_footer_bottom":"","ocean_display_top_bar":"default","ocean_display_header":"default","ocean_header_style":"","ocean_center_header_left_menu":"","ocean_custom_header_template":"","ocean_custom_logo":0,"ocean_custom_retina_logo":0,"ocean_custom_logo_max_width":0,"ocean_custom_logo_tablet_max_width":0,"ocean_custom_logo_mobile_max_width":0,"ocean_custom_logo_max_height":0,"ocean_custom_logo_tablet_max_height":0,"ocean_custom_logo_mobile_max_height":0,"ocean_header_custom_menu":"","ocean_menu_typo_font_family":"","ocean_menu_typo_font_subset":"","ocean_menu_typo_font_size":0,"ocean_menu_typo_font_size_tablet":0,"ocean_menu_typo_font_size_mobile":0,"ocean_menu_typo_font_size_unit":"px","ocean_menu_typo_font_weight":"","ocean_menu_typo_font_weight_tablet":"","ocean_menu_typo_font_weight_mobile":"","ocean_menu_typo_transform":"","ocean_menu_typo_transform_tablet":"","ocean_menu_typo_transform_mobile":"","ocean_menu_typo_line_height":0,"ocean_menu_typo_line_height_tablet":0,"ocean_menu_typo_line_height_mobile":0,"ocean_menu_typo_line_height_unit":"","ocean_menu_typo_spacing":0,"ocean_menu_typo_spacing_tablet":0,"ocean_menu_typo_spacing_mobile":0,"ocean_menu_typo_spacing_unit":"","ocean_menu_link_color":"","ocean_menu_link_color_hover":"","ocean_menu_link_color_active":"","ocean_menu_link_background":"","ocean_menu_link_hover_background":"","ocean_menu_link_active_background":"","ocean_menu_social_links_bg":"","ocean_menu_social_hover_links_bg":"","ocean_menu_social_links_color":"","ocean_menu_social_hover_links_color":"","ocean_disable_title":"default","ocean_disable_heading":"default","ocean_post_title":"","ocean_post_subheading":"","ocean_post_title_style":"","ocean_post_title_background_color":"","ocean_post_title_background":0,"ocean_post_title_bg_image_position":"","ocean_post_title_bg_image_attachment":"","ocean_post_title_bg_image_repeat":"","ocean_post_title_bg_image_size":"","ocean_post_title_height":0,"ocean_post_title_bg_overlay":0.5,"ocean_post_title_bg_overlay_color":"","ocean_disable_breadcrumbs":"default","ocean_breadcrumbs_color":"","ocean_breadcrumbs_separator_color":"","ocean_breadcrumbs_links_color":"","ocean_breadcrumbs_links_hover_color":"","ocean_display_footer_widgets":"default","ocean_display_footer_bottom":"default","ocean_custom_footer_template":"","footnotes":""},"class_list":["post-104","page","type-page","status-publish","hentry","entry","owp-thumbs-layout-horizontal","owp-btn-normal","owp-tabs-layout-horizontal","has-no-thumbnails","has-product-nav"],"acf":[],"yoast_head":"<!-- This site is optimized with the Yoast SEO plugin v27.0 - https:\/\/yoast.com\/product\/yoast-seo-wordpress\/ -->\n<title>Tin T\u1ee9c -<\/title>\n<meta name=\"description\" content=\"T\u1ea5t c\u1ea3 c\u00e1c th\u00f4ng tin h\u1eefu \u00edch c\u1ee7a ng\u00e0nh bao b\u00ec n\u00f3i chung v\u00e0 ng\u00e0nh h\u00e0ng li\u00ean quan \u0111\u1ebfn carton n\u00f3i ri\u00eang\" \/>\n<meta name=\"robots\" content=\"index, follow, max-snippet:-1, max-image-preview:large, max-video-preview:-1\" \/>\n<link rel=\"canonical\" href=\"https:\/\/samlanbox.com\/?page_id=104\" \/>\n<meta property=\"og:locale\" content=\"vi_VN\" \/>\n<meta property=\"og:type\" content=\"article\" \/>\n<meta property=\"og:title\" content=\"Tin T\u1ee9c -\" \/>\n<meta property=\"og:description\" content=\"T\u1ea5t c\u1ea3 c\u00e1c th\u00f4ng tin h\u1eefu \u00edch c\u1ee7a ng\u00e0nh bao b\u00ec n\u00f3i chung v\u00e0 ng\u00e0nh h\u00e0ng li\u00ean quan \u0111\u1ebfn carton n\u00f3i ri\u00eang\" \/>\n<meta property=\"og:url\" content=\"https:\/\/samlanbox.com\/?page_id=104\" \/>\n<meta property=\"article:modified_time\" content=\"2026-02-23T05:28:34+00:00\" \/>\n<meta name=\"twitter:card\" content=\"summary_large_image\" \/>\n<script type=\"application\/ld+json\" class=\"yoast-schema-graph\">{\"@context\":\"https:\/\/schema.org\",\"@graph\":[{\"@type\":[\"WebPage\",\"CollectionPage\"],\"@id\":\"https:\/\/samlanbox.com\/?page_id=104\",\"url\":\"https:\/\/samlanbox.com\/?page_id=104\",\"name\":\"Tin T\u1ee9c -\",\"isPartOf\":{\"@id\":\"https:\/\/samlanbox.com\/#website\"},\"datePublished\":\"2025-12-15T03:43:54+00:00\",\"dateModified\":\"2026-02-23T05:28:34+00:00\",\"description\":\"T\u1ea5t c\u1ea3 c\u00e1c th\u00f4ng tin h\u1eefu \u00edch c\u1ee7a ng\u00e0nh bao b\u00ec n\u00f3i chung v\u00e0 ng\u00e0nh h\u00e0ng li\u00ean quan \u0111\u1ebfn carton n\u00f3i ri\u00eang\",\"breadcrumb\":{\"@id\":\"https:\/\/samlanbox.com\/?page_id=104#breadcrumb\"},\"inLanguage\":\"vi\"},{\"@type\":\"BreadcrumbList\",\"@id\":\"https:\/\/samlanbox.com\/?page_id=104#breadcrumb\",\"itemListElement\":[{\"@type\":\"ListItem\",\"position\":1,\"name\":\"Trang ch\u1ee7\",\"item\":\"https:\/\/samlanbox.com\/\"},{\"@type\":\"ListItem\",\"position\":2,\"name\":\"Tin T\u1ee9c\"}]},{\"@type\":\"WebSite\",\"@id\":\"https:\/\/samlanbox.com\/#website\",\"url\":\"https:\/\/samlanbox.com\/\",\"name\":\"samlanbox.com\",\"description\":\"\",\"publisher\":{\"@id\":\"https:\/\/samlanbox.com\/#organization\"},\"potentialAction\":[{\"@type\":\"SearchAction\",\"target\":{\"@type\":\"EntryPoint\",\"urlTemplate\":\"https:\/\/samlanbox.com\/?s={search_term_string}\"},\"query-input\":{\"@type\":\"PropertyValueSpecification\",\"valueRequired\":true,\"valueName\":\"search_term_string\"}}],\"inLanguage\":\"vi\"},{\"@type\":\"Organization\",\"@id\":\"https:\/\/samlanbox.com\/#organization\",\"name\":\"C\u00f4ng Ty C\u1ed5 Ph\u1ea7n Bao B\u00ec Carton Sam Lan\",\"url\":\"https:\/\/samlanbox.com\/\",\"logo\":{\"@type\":\"ImageObject\",\"inLanguage\":\"vi\",\"@id\":\"https:\/\/samlanbox.com\/#\/schema\/logo\/image\/\",\"url\":\"http:\/\/samlanbox.com\/wp-content\/uploads\/2026\/02\/thung-carton-Sam-Lan-8.png\",\"contentUrl\":\"http:\/\/samlanbox.com\/wp-content\/uploads\/2026\/02\/thung-carton-Sam-Lan-8.png\",\"width\":1000,\"height\":1000,\"caption\":\"C\u00f4ng Ty C\u1ed5 Ph\u1ea7n Bao B\u00ec Carton Sam Lan\"},\"image\":{\"@id\":\"https:\/\/samlanbox.com\/#\/schema\/logo\/image\/\"}}]}<\/script>\n<!-- \/ Yoast SEO plugin. -->","yoast_head_json":{"title":"Tin T\u1ee9c -","description":"T\u1ea5t c\u1ea3 c\u00e1c th\u00f4ng tin h\u1eefu \u00edch c\u1ee7a ng\u00e0nh bao b\u00ec n\u00f3i chung v\u00e0 ng\u00e0nh h\u00e0ng li\u00ean quan \u0111\u1ebfn carton n\u00f3i ri\u00eang","robots":{"index":"index","follow":"follow","max-snippet":"max-snippet:-1","max-image-preview":"max-image-preview:large","max-video-preview":"max-video-preview:-1"},"canonical":"https:\/\/samlanbox.com\/?page_id=104","og_locale":"vi_VN","og_type":"article","og_title":"Tin T\u1ee9c -","og_description":"T\u1ea5t c\u1ea3 c\u00e1c th\u00f4ng tin h\u1eefu \u00edch c\u1ee7a ng\u00e0nh bao b\u00ec n\u00f3i chung v\u00e0 ng\u00e0nh h\u00e0ng li\u00ean quan \u0111\u1ebfn carton n\u00f3i ri\u00eang","og_url":"https:\/\/samlanbox.com\/?page_id=104","article_modified_time":"2026-02-23T05:28:34+00:00","twitter_card":"summary_large_image","schema":{"@context":"https:\/\/schema.org","@graph":[{"@type":["WebPage","CollectionPage"],"@id":"https:\/\/samlanbox.com\/?page_id=104","url":"https:\/\/samlanbox.com\/?page_id=104","name":"Tin T\u1ee9c -","isPartOf":{"@id":"https:\/\/samlanbox.com\/#website"},"datePublished":"2025-12-15T03:43:54+00:00","dateModified":"2026-02-23T05:28:34+00:00","description":"T\u1ea5t c\u1ea3 c\u00e1c th\u00f4ng tin h\u1eefu \u00edch c\u1ee7a ng\u00e0nh bao b\u00ec n\u00f3i chung v\u00e0 ng\u00e0nh h\u00e0ng li\u00ean quan \u0111\u1ebfn carton n\u00f3i ri\u00eang","breadcrumb":{"@id":"https:\/\/samlanbox.com\/?page_id=104#breadcrumb"},"inLanguage":"vi"},{"@type":"BreadcrumbList","@id":"https:\/\/samlanbox.com\/?page_id=104#breadcrumb","itemListElement":[{"@type":"ListItem","position":1,"name":"Trang ch\u1ee7","item":"https:\/\/samlanbox.com\/"},{"@type":"ListItem","position":2,"name":"Tin T\u1ee9c"}]},{"@type":"WebSite","@id":"https:\/\/samlanbox.com\/#website","url":"https:\/\/samlanbox.com\/","name":"samlanbox.com","description":"","publisher":{"@id":"https:\/\/samlanbox.com\/#organization"},"potentialAction":[{"@type":"SearchAction","target":{"@type":"EntryPoint","urlTemplate":"https:\/\/samlanbox.com\/?s={search_term_string}"},"query-input":{"@type":"PropertyValueSpecification","valueRequired":true,"valueName":"search_term_string"}}],"inLanguage":"vi"},{"@type":"Organization","@id":"https:\/\/samlanbox.com\/#organization","name":"C\u00f4ng Ty C\u1ed5 Ph\u1ea7n Bao B\u00ec Carton Sam Lan","url":"https:\/\/samlanbox.com\/","logo":{"@type":"ImageObject","inLanguage":"vi","@id":"https:\/\/samlanbox.com\/#\/schema\/logo\/image\/","url":"http:\/\/samlanbox.com\/wp-content\/uploads\/2026\/02\/thung-carton-Sam-Lan-8.png","contentUrl":"http:\/\/samlanbox.com\/wp-content\/uploads\/2026\/02\/thung-carton-Sam-Lan-8.png","width":1000,"height":1000,"caption":"C\u00f4ng Ty C\u1ed5 Ph\u1ea7n Bao B\u00ec Carton Sam Lan"},"image":{"@id":"https:\/\/samlanbox.com\/#\/schema\/logo\/image\/"}}]}},"jetpack_sharing_enabled":true,"_links":{"self":[{"href":"https:\/\/samlanbox.com\/index.php?rest_route=\/wp\/v2\/pages\/104","targetHints":{"allow":["GET"]}}],"collection":[{"href":"https:\/\/samlanbox.com\/index.php?rest_route=\/wp\/v2\/pages"}],"about":[{"href":"https:\/\/samlanbox.com\/index.php?rest_route=\/wp\/v2\/types\/page"}],"author":[{"embeddable":true,"href":"https:\/\/samlanbox.com\/index.php?rest_route=\/wp\/v2\/users\/1"}],"replies":[{"embeddable":true,"href":"https:\/\/samlanbox.com\/index.php?rest_route=%2Fwp%2Fv2%2Fcomments&post=104"}],"version-history":[{"count":3,"href":"https:\/\/samlanbox.com\/index.php?rest_route=\/wp\/v2\/pages\/104\/revisions"}],"predecessor-version":[{"id":853,"href":"https:\/\/samlanbox.com\/index.php?rest_route=\/wp\/v2\/pages\/104\/revisions\/853"}],"wp:attachment":[{"href":"https:\/\/samlanbox.com\/index.php?rest_route=%2Fwp%2Fv2%2Fmedia&parent=104"}],"curies":[{"name":"wp","href":"https:\/\/api.w.org\/{rel}","templated":true}]}}