{"id":100,"date":"2025-12-15T03:43:03","date_gmt":"2025-12-15T03:43:03","guid":{"rendered":"http:\/\/samlanbox.com\/?page_id=100"},"modified":"2025-12-15T05:15:20","modified_gmt":"2025-12-15T05:15:20","slug":"gioi-thieu","status":"publish","type":"page","link":"https:\/\/samlanbox.com\/?page_id=100","title":{"rendered":"Gi\u1edbi Thi\u1ec7u"},"content":{"rendered":"\n<p>C\u00f4ng ty C\u1ed5 ph\u1ea7n Bao b\u00ec CARTON Sam Lan \u2013 Gi\u1ea3i ph\u00e1p bao b\u00ec carton ch\u1ea5t l\u01b0\u1ee3ng cao<\/p>\n\n\n\n<figure class=\"wp-block-image size-large\"><img fetchpriority=\"high\" decoding=\"async\" width=\"1024\" height=\"614\" src=\"https:\/\/samlanbox.com\/wp-content\/uploads\/2025\/12\/cropped-cong-ty-co-phan-bao-bi-carton-Sam-Lan-1024x614.png\" alt=\"\" class=\"wp-image-158\" srcset=\"https:\/\/samlanbox.com\/wp-content\/uploads\/2025\/12\/cropped-cong-ty-co-phan-bao-bi-carton-Sam-Lan-1024x614.png 1024w, https:\/\/samlanbox.com\/wp-content\/uploads\/2025\/12\/cropped-cong-ty-co-phan-bao-bi-carton-Sam-Lan-300x180.png 300w, https:\/\/samlanbox.com\/wp-content\/uploads\/2025\/12\/cropped-cong-ty-co-phan-bao-bi-carton-Sam-Lan-768x460.png 768w, https:\/\/samlanbox.com\/wp-content\/uploads\/2025\/12\/cropped-cong-ty-co-phan-bao-bi-carton-Sam-Lan-1536x921.png 1536w, https:\/\/samlanbox.com\/wp-content\/uploads\/2025\/12\/cropped-cong-ty-co-phan-bao-bi-carton-Sam-Lan-1320x791.png 1320w, https:\/\/samlanbox.com\/wp-content\/uploads\/2025\/12\/cropped-cong-ty-co-phan-bao-bi-carton-Sam-Lan-600x360.png 600w, https:\/\/samlanbox.com\/wp-content\/uploads\/2025\/12\/cropped-cong-ty-co-phan-bao-bi-carton-Sam-Lan.png 2000w\" sizes=\"(max-width: 1024px) 100vw, 1024px\" \/><\/figure>\n\n\n\n<h2 class=\"wp-block-heading\">Gi\u1edbi thi\u1ec7u C\u00f4ng ty C\u1ed5 ph\u1ea7n Bao b\u00ec CARTON Sam Lan<\/h2>\n\n\n\n<p><strong>C\u00f4ng ty C\u1ed5 ph\u1ea7n Bao b\u00ec CARTON Sam Lan<\/strong> l\u00e0 \u0111\u01a1n v\u1ecb chuy\u00ean s\u1ea3n xu\u1ea5t v\u00e0 cung c\u1ea5p <strong>bao b\u00ec carton, th\u00f9ng carton c\u00e1c lo\u1ea1i<\/strong> v\u1edbi ch\u1ea5t l\u01b0\u1ee3ng \u1ed5n \u0111\u1ecbnh, \u0111\u00e1p \u1ee9ng nhu c\u1ea7u \u0111\u00f3ng g\u00f3i \u2013 b\u1ea3o v\u1ec7 \u2013 v\u1eadn chuy\u1ec3n h\u00e0ng h\u00f3a cho doanh nghi\u1ec7p trong v\u00e0 ngo\u00e0i n\u01b0\u1edbc.<\/p>\n\n\n\n<p>V\u1edbi \u0111\u1ecbnh h\u01b0\u1edbng ph\u00e1t tri\u1ec3n b\u1ec1n v\u1eefng, Sam Lan kh\u00f4ng ng\u1eebng \u0111\u1ea7u t\u01b0 c\u00f4ng ngh\u1ec7, c\u1ea3i ti\u1ebfn quy tr\u00ecnh s\u1ea3n xu\u1ea5t nh\u1eb1m mang \u0111\u1ebfn c\u00e1c gi\u1ea3i ph\u00e1p bao b\u00ec carton <strong>an to\u00e0n \u2013 t\u1ed1i \u01b0u chi ph\u00ed \u2013 n\u00e2ng t\u1ea7m th\u01b0\u01a1ng hi\u1ec7u<\/strong> cho kh\u00e1ch h\u00e0ng.<\/p>\n\n\n\n<hr class=\"wp-block-separator has-alpha-channel-opacity\"\/>\n\n\n\n<h2 class=\"wp-block-heading\">S\u1ea3n ph\u1ea9m bao b\u00ec carton Sam Lan<\/h2>\n\n\n\n<figure class=\"wp-block-image size-full\"><img decoding=\"async\" width=\"1000\" height=\"1000\" src=\"https:\/\/samlanbox.com\/wp-content\/uploads\/2025\/12\/thung-carton-Sam-Lan.png\" alt=\"\" class=\"wp-image-160\" srcset=\"https:\/\/samlanbox.com\/wp-content\/uploads\/2025\/12\/thung-carton-Sam-Lan.png 1000w, https:\/\/samlanbox.com\/wp-content\/uploads\/2025\/12\/thung-carton-Sam-Lan-300x300.png 300w, https:\/\/samlanbox.com\/wp-content\/uploads\/2025\/12\/thung-carton-Sam-Lan-150x150.png 150w, https:\/\/samlanbox.com\/wp-content\/uploads\/2025\/12\/thung-carton-Sam-Lan-768x768.png 768w, https:\/\/samlanbox.com\/wp-content\/uploads\/2025\/12\/thung-carton-Sam-Lan-600x600.png 600w, https:\/\/samlanbox.com\/wp-content\/uploads\/2025\/12\/thung-carton-Sam-Lan-100x100.png 100w\" sizes=\"(max-width: 1000px) 100vw, 1000px\" \/><\/figure>\n\n\n\n<p>Bao b\u00ec carton Sam Lan \u0111\u01b0\u1ee3c s\u1ea3n xu\u1ea5t t\u1eeb nguy\u00ean li\u1ec7u gi\u1ea5y \u0111\u1ea1t ti\u00eau chu\u1ea9n, k\u1ebft c\u1ea5u ch\u1eafc ch\u1eafn, kh\u1ea3 n\u0103ng ch\u1ecbu l\u1ef1c t\u1ed1t. Ch\u00fang t\u00f4i cung c\u1ea5p \u0111a d\u1ea1ng s\u1ea3n ph\u1ea9m:<\/p>\n\n\n\n<ul class=\"wp-block-list\">\n<li>Th\u00f9ng carton 3 l\u1edbp, 5 l\u1edbp, 7 l\u1edbp<\/li>\n\n\n\n<li>Bao b\u00ec carton in \u1ea5n theo y\u00eau c\u1ea7u<\/li>\n\n\n\n<li>Th\u00f9ng carton \u0111\u00f3ng h\u00e0ng n\u1ed9i \u0111\u1ecba v\u00e0 xu\u1ea5t kh\u1ea9u<\/li>\n\n\n\n<li>Bao b\u00ec carton cho h\u00e0ng n\u1eb7ng, h\u00e0ng d\u1ec5 v\u1ee1<\/li>\n<\/ul>\n\n\n\n<p>T\u1ea5t c\u1ea3 s\u1ea3n ph\u1ea9m \u0111\u1ec1u \u0111\u01b0\u1ee3c ki\u1ec3m so\u00e1t ch\u1ea5t l\u01b0\u1ee3ng ch\u1eb7t ch\u1ebd tr\u01b0\u1edbc khi giao \u0111\u1ebfn kh\u00e1ch h\u00e0ng.<\/p>\n\n\n\n<hr class=\"wp-block-separator has-alpha-channel-opacity\"\/>\n\n\n\n<h2 class=\"wp-block-heading\">\u1ee8ng d\u1ee5ng c\u1ee7a bao b\u00ec carton Sam Lan<\/h2>\n\n\n\n<p>Bao b\u00ec carton c\u1ee7a Sam Lan \u0111\u01b0\u1ee3c \u1ee9ng d\u1ee5ng r\u1ed9ng r\u00e3i trong nhi\u1ec1u l\u0129nh v\u1ef1c:<\/p>\n\n\n\n<ul class=\"wp-block-list\">\n<li>Th\u1ef1c ph\u1ea9m v\u00e0 \u0111\u1ed3 u\u1ed1ng<\/li>\n\n\n\n<li>D\u01b0\u1ee3c ph\u1ea9m \u2013 m\u1ef9 ph\u1ea9m<\/li>\n\n\n\n<li>\u0110i\u1ec7n t\u1eed \u2013 linh ki\u1ec7n<\/li>\n\n\n\n<li>H\u00e0ng ti\u00eau d\u00f9ng<\/li>\n\n\n\n<li>S\u1ea3n ph\u1ea9m c\u00f4ng nghi\u1ec7p v\u00e0 xu\u1ea5t kh\u1ea9u<\/li>\n<\/ul>\n\n\n\n<p>M\u1ed7i ng\u00e0nh ngh\u1ec1 \u0111\u1ec1u c\u00f3 gi\u1ea3i ph\u00e1p carton ph\u00f9 h\u1ee3p nh\u1eb1m \u0111\u1ea3m b\u1ea3o <strong>an to\u00e0n s\u1ea3n ph\u1ea9m v\u00e0 h\u00ecnh \u1ea3nh th\u01b0\u01a1ng hi\u1ec7u<\/strong>.<\/p>\n\n\n\n<hr class=\"wp-block-separator has-alpha-channel-opacity\"\/>\n\n\n\n<h2 class=\"wp-block-heading\">\u01afu \u0111i\u1ec3m c\u1ee7a bao b\u00ec carton Sam Lan<\/h2>\n\n\n\n<ul class=\"wp-block-list\">\n<li>\u2705 Ch\u1ea5t l\u01b0\u1ee3ng \u1ed5n \u0111\u1ecbnh, ch\u1ecbu l\u1ef1c t\u1ed1t<\/li>\n\n\n\n<li>\u2705 Thi\u1ebft k\u1ebf, in \u1ea5n theo y\u00eau c\u1ea7u doanh nghi\u1ec7p<\/li>\n\n\n\n<li>\u2705 Ph\u00f9 h\u1ee3p nhi\u1ec1u ng\u00e0nh ngh\u1ec1 kh\u00e1c nhau<\/li>\n\n\n\n<li>\u2705 Th\u00e2n thi\u1ec7n v\u1edbi m\u00f4i tr\u01b0\u1eddng<\/li>\n\n\n\n<li>\u2705 T\u1ed1i \u01b0u chi ph\u00ed \u0111\u00f3ng g\u00f3i v\u00e0 v\u1eadn chuy\u1ec3n<\/li>\n<\/ul>\n\n\n\n<hr class=\"wp-block-separator has-alpha-channel-opacity\"\/>\n\n\n\n<h2 class=\"wp-block-heading\">Cam k\u1ebft ch\u1ea5t l\u01b0\u1ee3ng t\u1eeb C\u00f4ng ty C\u1ed5 ph\u1ea7n Bao b\u00ec CARTON Sam Lan<\/h2>\n\n\n\n<p>Sam Lan cam k\u1ebft cung c\u1ea5p <strong>bao b\u00ec carton \u0111\u1ea1t ti\u00eau chu\u1ea9n<\/strong>, \u0111\u00e1p \u1ee9ng c\u00e1c y\u00eau c\u1ea7u kh\u1eaft khe v\u1ec1 k\u1ef9 thu\u1eadt, \u0111\u1ed9 b\u1ec1n v\u00e0 t\u00ednh th\u1ea9m m\u1ef9. Ch\u00fang t\u00f4i lu\u00f4n \u0111\u1ed3ng h\u00e0nh c\u00f9ng kh\u00e1ch h\u00e0ng trong vi\u1ec7c <strong>b\u1ea3o v\u1ec7 s\u1ea3n ph\u1ea9m v\u00e0 gia t\u0103ng gi\u00e1 tr\u1ecb th\u01b0\u01a1ng hi\u1ec7u<\/strong>.<\/p>\n\n\n\n<hr class=\"wp-block-separator has-alpha-channel-opacity\"\/>\n\n\n\n<h2 class=\"wp-block-heading\">Th\u00f4ng tin li\u00ean h\u1ec7 Bao b\u00ec CARTON Sam Lan<\/h2>\n\n\n\n<p><strong>C\u00f4ng ty C\u1ed5 ph\u1ea7n Bao b\u00ec CARTON Sam Lan<\/strong><br>\ud83d\udcde <strong>Hotline:<\/strong> 0348 744 689<\/p>\n\n\n\n<p><\/p>\n","protected":false},"excerpt":{"rendered":"<p>C\u00f4ng ty C\u1ed5 ph\u1ea7n Bao b\u00ec CARTON Sam Lan \u2013 Gi\u1ea3i ph\u00e1p bao b\u00ec carton ch\u1ea5t l\u01b0\u1ee3ng cao Gi\u1edbi thi\u1ec7u C\u00f4ng ty C\u1ed5 ph\u1ea7n Bao b\u00ec CARTON Sam Lan C\u00f4ng ty C\u1ed5 ph\u1ea7n Bao b\u00ec CARTON Sam Lan l\u00e0 \u0111\u01a1n v\u1ecb chuy\u00ean s\u1ea3n xu\u1ea5t v\u00e0 cung c\u1ea5p bao b\u00ec carton, th\u00f9ng carton c\u00e1c lo\u1ea1i v\u1edbi [&hellip;]<\/p>\n","protected":false},"author":1,"featured_media":158,"parent":0,"menu_order":0,"comment_status":"closed","ping_status":"closed","template":"","meta":{"_acf_changed":false,"ocean_post_layout":"","ocean_both_sidebars_style":"","ocean_both_sidebars_content_width":0,"ocean_both_sidebars_sidebars_width":0,"ocean_sidebar":"","ocean_second_sidebar":"","ocean_disable_margins":"enable","ocean_add_body_class":"","ocean_shortcode_before_top_bar":"","ocean_shortcode_after_top_bar":"","ocean_shortcode_before_header":"","ocean_shortcode_after_header":"","ocean_has_shortcode":"","ocean_shortcode_after_title":"","ocean_shortcode_before_footer_widgets":"","ocean_shortcode_after_footer_widgets":"","ocean_shortcode_before_footer_bottom":"","ocean_shortcode_after_footer_bottom":"","ocean_display_top_bar":"default","ocean_display_header":"default","ocean_header_style":"","ocean_center_header_left_menu":"","ocean_custom_header_template":"","ocean_custom_logo":0,"ocean_custom_retina_logo":0,"ocean_custom_logo_max_width":0,"ocean_custom_logo_tablet_max_width":0,"ocean_custom_logo_mobile_max_width":0,"ocean_custom_logo_max_height":0,"ocean_custom_logo_tablet_max_height":0,"ocean_custom_logo_mobile_max_height":0,"ocean_header_custom_menu":"","ocean_menu_typo_font_family":"","ocean_menu_typo_font_subset":"","ocean_menu_typo_font_size":0,"ocean_menu_typo_font_size_tablet":0,"ocean_menu_typo_font_size_mobile":0,"ocean_menu_typo_font_size_unit":"px","ocean_menu_typo_font_weight":"","ocean_menu_typo_font_weight_tablet":"","ocean_menu_typo_font_weight_mobile":"","ocean_menu_typo_transform":"","ocean_menu_typo_transform_tablet":"","ocean_menu_typo_transform_mobile":"","ocean_menu_typo_line_height":0,"ocean_menu_typo_line_height_tablet":0,"ocean_menu_typo_line_height_mobile":0,"ocean_menu_typo_line_height_unit":"","ocean_menu_typo_spacing":0,"ocean_menu_typo_spacing_tablet":0,"ocean_menu_typo_spacing_mobile":0,"ocean_menu_typo_spacing_unit":"","ocean_menu_link_color":"","ocean_menu_link_color_hover":"","ocean_menu_link_color_active":"","ocean_menu_link_background":"","ocean_menu_link_hover_background":"","ocean_menu_link_active_background":"","ocean_menu_social_links_bg":"","ocean_menu_social_hover_links_bg":"","ocean_menu_social_links_color":"","ocean_menu_social_hover_links_color":"","ocean_disable_title":"default","ocean_disable_heading":"default","ocean_post_title":"","ocean_post_subheading":"","ocean_post_title_style":"","ocean_post_title_background_color":"","ocean_post_title_background":0,"ocean_post_title_bg_image_position":"","ocean_post_title_bg_image_attachment":"","ocean_post_title_bg_image_repeat":"","ocean_post_title_bg_image_size":"","ocean_post_title_height":0,"ocean_post_title_bg_overlay":0.5,"ocean_post_title_bg_overlay_color":"","ocean_disable_breadcrumbs":"default","ocean_breadcrumbs_color":"","ocean_breadcrumbs_separator_color":"","ocean_breadcrumbs_links_color":"","ocean_breadcrumbs_links_hover_color":"","ocean_display_footer_widgets":"default","ocean_display_footer_bottom":"default","ocean_custom_footer_template":"","footnotes":""},"class_list":["post-100","page","type-page","status-publish","has-post-thumbnail","hentry","entry","has-media","owp-thumbs-layout-horizontal","owp-btn-normal","owp-tabs-layout-horizontal","has-no-thumbnails","has-product-nav"],"acf":[],"yoast_head":"<!-- This site is optimized with the Yoast SEO plugin v27.0 - https:\/\/yoast.com\/product\/yoast-seo-wordpress\/ -->\n<title>Gi\u1edbi Thi\u1ec7u -<\/title>\n<meta name=\"robots\" content=\"index, follow, max-snippet:-1, max-image-preview:large, max-video-preview:-1\" \/>\n<link rel=\"canonical\" href=\"https:\/\/samlanbox.com\/?page_id=100\" \/>\n<meta property=\"og:locale\" content=\"vi_VN\" \/>\n<meta property=\"og:type\" content=\"article\" \/>\n<meta property=\"og:title\" content=\"Gi\u1edbi Thi\u1ec7u -\" \/>\n<meta property=\"og:description\" content=\"C\u00f4ng ty C\u1ed5 ph\u1ea7n Bao b\u00ec CARTON Sam Lan \u2013 Gi\u1ea3i ph\u00e1p bao b\u00ec carton ch\u1ea5t l\u01b0\u1ee3ng cao Gi\u1edbi thi\u1ec7u C\u00f4ng ty C\u1ed5 ph\u1ea7n Bao b\u00ec CARTON Sam Lan C\u00f4ng ty C\u1ed5 ph\u1ea7n Bao b\u00ec CARTON Sam Lan l\u00e0 \u0111\u01a1n v\u1ecb chuy\u00ean s\u1ea3n xu\u1ea5t v\u00e0 cung c\u1ea5p bao b\u00ec carton, th\u00f9ng carton c\u00e1c lo\u1ea1i v\u1edbi [&hellip;]\" \/>\n<meta property=\"og:url\" content=\"https:\/\/samlanbox.com\/?page_id=100\" \/>\n<meta property=\"article:modified_time\" content=\"2025-12-15T05:15:20+00:00\" \/>\n<meta property=\"og:image\" content=\"https:\/\/samlanbox.com\/wp-content\/uploads\/2025\/12\/cropped-cong-ty-co-phan-bao-bi-carton-Sam-Lan.png\" \/>\n\t<meta property=\"og:image:width\" content=\"2000\" \/>\n\t<meta property=\"og:image:height\" content=\"1199\" \/>\n\t<meta property=\"og:image:type\" content=\"image\/png\" \/>\n<meta name=\"twitter:card\" content=\"summary_large_image\" \/>\n<meta name=\"twitter:label1\" content=\"\u01af\u1edbc t\u00ednh th\u1eddi gian \u0111\u1ecdc\" \/>\n\t<meta name=\"twitter:data1\" content=\"3 ph\u00fat\" \/>\n<script type=\"application\/ld+json\" class=\"yoast-schema-graph\">{\"@context\":\"https:\/\/schema.org\",\"@graph\":[{\"@type\":\"WebPage\",\"@id\":\"https:\/\/samlanbox.com\/?page_id=100\",\"url\":\"https:\/\/samlanbox.com\/?page_id=100\",\"name\":\"Gi\u1edbi Thi\u1ec7u -\",\"isPartOf\":{\"@id\":\"https:\/\/samlanbox.com\/#website\"},\"primaryImageOfPage\":{\"@id\":\"https:\/\/samlanbox.com\/?page_id=100#primaryimage\"},\"image\":{\"@id\":\"https:\/\/samlanbox.com\/?page_id=100#primaryimage\"},\"thumbnailUrl\":\"https:\/\/samlanbox.com\/wp-content\/uploads\/2025\/12\/cropped-cong-ty-co-phan-bao-bi-carton-Sam-Lan.png\",\"datePublished\":\"2025-12-15T03:43:03+00:00\",\"dateModified\":\"2025-12-15T05:15:20+00:00\",\"breadcrumb\":{\"@id\":\"https:\/\/samlanbox.com\/?page_id=100#breadcrumb\"},\"inLanguage\":\"vi\",\"potentialAction\":[{\"@type\":\"ReadAction\",\"target\":[\"https:\/\/samlanbox.com\/?page_id=100\"]}]},{\"@type\":\"ImageObject\",\"inLanguage\":\"vi\",\"@id\":\"https:\/\/samlanbox.com\/?page_id=100#primaryimage\",\"url\":\"https:\/\/samlanbox.com\/wp-content\/uploads\/2025\/12\/cropped-cong-ty-co-phan-bao-bi-carton-Sam-Lan.png\",\"contentUrl\":\"https:\/\/samlanbox.com\/wp-content\/uploads\/2025\/12\/cropped-cong-ty-co-phan-bao-bi-carton-Sam-Lan.png\",\"width\":2000,\"height\":1199,\"caption\":\"Th\u00f9ng carton, h\u1ed9p carton gi\u00e1 t\u1ed1t\"},{\"@type\":\"BreadcrumbList\",\"@id\":\"https:\/\/samlanbox.com\/?page_id=100#breadcrumb\",\"itemListElement\":[{\"@type\":\"ListItem\",\"position\":1,\"name\":\"Trang ch\u1ee7\",\"item\":\"https:\/\/samlanbox.com\/\"},{\"@type\":\"ListItem\",\"position\":2,\"name\":\"Gi\u1edbi Thi\u1ec7u\"}]},{\"@type\":\"WebSite\",\"@id\":\"https:\/\/samlanbox.com\/#website\",\"url\":\"https:\/\/samlanbox.com\/\",\"name\":\"samlanbox.com\",\"description\":\"\",\"publisher\":{\"@id\":\"https:\/\/samlanbox.com\/#organization\"},\"potentialAction\":[{\"@type\":\"SearchAction\",\"target\":{\"@type\":\"EntryPoint\",\"urlTemplate\":\"https:\/\/samlanbox.com\/?s={search_term_string}\"},\"query-input\":{\"@type\":\"PropertyValueSpecification\",\"valueRequired\":true,\"valueName\":\"search_term_string\"}}],\"inLanguage\":\"vi\"},{\"@type\":\"Organization\",\"@id\":\"https:\/\/samlanbox.com\/#organization\",\"name\":\"C\u00f4ng Ty C\u1ed5 Ph\u1ea7n Bao B\u00ec Carton Sam Lan\",\"url\":\"https:\/\/samlanbox.com\/\",\"logo\":{\"@type\":\"ImageObject\",\"inLanguage\":\"vi\",\"@id\":\"https:\/\/samlanbox.com\/#\/schema\/logo\/image\/\",\"url\":\"http:\/\/samlanbox.com\/wp-content\/uploads\/2026\/02\/thung-carton-Sam-Lan-8.png\",\"contentUrl\":\"http:\/\/samlanbox.com\/wp-content\/uploads\/2026\/02\/thung-carton-Sam-Lan-8.png\",\"width\":1000,\"height\":1000,\"caption\":\"C\u00f4ng Ty C\u1ed5 Ph\u1ea7n Bao B\u00ec Carton Sam Lan\"},\"image\":{\"@id\":\"https:\/\/samlanbox.com\/#\/schema\/logo\/image\/\"}}]}<\/script>\n<!-- \/ Yoast SEO plugin. -->","yoast_head_json":{"title":"Gi\u1edbi Thi\u1ec7u -","robots":{"index":"index","follow":"follow","max-snippet":"max-snippet:-1","max-image-preview":"max-image-preview:large","max-video-preview":"max-video-preview:-1"},"canonical":"https:\/\/samlanbox.com\/?page_id=100","og_locale":"vi_VN","og_type":"article","og_title":"Gi\u1edbi Thi\u1ec7u -","og_description":"C\u00f4ng ty C\u1ed5 ph\u1ea7n Bao b\u00ec CARTON Sam Lan \u2013 Gi\u1ea3i ph\u00e1p bao b\u00ec carton ch\u1ea5t l\u01b0\u1ee3ng cao Gi\u1edbi thi\u1ec7u C\u00f4ng ty C\u1ed5 ph\u1ea7n Bao b\u00ec CARTON Sam Lan C\u00f4ng ty C\u1ed5 ph\u1ea7n Bao b\u00ec CARTON Sam Lan l\u00e0 \u0111\u01a1n v\u1ecb chuy\u00ean s\u1ea3n xu\u1ea5t v\u00e0 cung c\u1ea5p bao b\u00ec carton, th\u00f9ng carton c\u00e1c lo\u1ea1i v\u1edbi [&hellip;]","og_url":"https:\/\/samlanbox.com\/?page_id=100","article_modified_time":"2025-12-15T05:15:20+00:00","og_image":[{"width":2000,"height":1199,"url":"https:\/\/samlanbox.com\/wp-content\/uploads\/2025\/12\/cropped-cong-ty-co-phan-bao-bi-carton-Sam-Lan.png","type":"image\/png"}],"twitter_card":"summary_large_image","twitter_misc":{"\u01af\u1edbc t\u00ednh th\u1eddi gian \u0111\u1ecdc":"3 ph\u00fat"},"schema":{"@context":"https:\/\/schema.org","@graph":[{"@type":"WebPage","@id":"https:\/\/samlanbox.com\/?page_id=100","url":"https:\/\/samlanbox.com\/?page_id=100","name":"Gi\u1edbi Thi\u1ec7u -","isPartOf":{"@id":"https:\/\/samlanbox.com\/#website"},"primaryImageOfPage":{"@id":"https:\/\/samlanbox.com\/?page_id=100#primaryimage"},"image":{"@id":"https:\/\/samlanbox.com\/?page_id=100#primaryimage"},"thumbnailUrl":"https:\/\/samlanbox.com\/wp-content\/uploads\/2025\/12\/cropped-cong-ty-co-phan-bao-bi-carton-Sam-Lan.png","datePublished":"2025-12-15T03:43:03+00:00","dateModified":"2025-12-15T05:15:20+00:00","breadcrumb":{"@id":"https:\/\/samlanbox.com\/?page_id=100#breadcrumb"},"inLanguage":"vi","potentialAction":[{"@type":"ReadAction","target":["https:\/\/samlanbox.com\/?page_id=100"]}]},{"@type":"ImageObject","inLanguage":"vi","@id":"https:\/\/samlanbox.com\/?page_id=100#primaryimage","url":"https:\/\/samlanbox.com\/wp-content\/uploads\/2025\/12\/cropped-cong-ty-co-phan-bao-bi-carton-Sam-Lan.png","contentUrl":"https:\/\/samlanbox.com\/wp-content\/uploads\/2025\/12\/cropped-cong-ty-co-phan-bao-bi-carton-Sam-Lan.png","width":2000,"height":1199,"caption":"Th\u00f9ng carton, h\u1ed9p carton gi\u00e1 t\u1ed1t"},{"@type":"BreadcrumbList","@id":"https:\/\/samlanbox.com\/?page_id=100#breadcrumb","itemListElement":[{"@type":"ListItem","position":1,"name":"Trang ch\u1ee7","item":"https:\/\/samlanbox.com\/"},{"@type":"ListItem","position":2,"name":"Gi\u1edbi Thi\u1ec7u"}]},{"@type":"WebSite","@id":"https:\/\/samlanbox.com\/#website","url":"https:\/\/samlanbox.com\/","name":"samlanbox.com","description":"","publisher":{"@id":"https:\/\/samlanbox.com\/#organization"},"potentialAction":[{"@type":"SearchAction","target":{"@type":"EntryPoint","urlTemplate":"https:\/\/samlanbox.com\/?s={search_term_string}"},"query-input":{"@type":"PropertyValueSpecification","valueRequired":true,"valueName":"search_term_string"}}],"inLanguage":"vi"},{"@type":"Organization","@id":"https:\/\/samlanbox.com\/#organization","name":"C\u00f4ng Ty C\u1ed5 Ph\u1ea7n Bao B\u00ec Carton Sam Lan","url":"https:\/\/samlanbox.com\/","logo":{"@type":"ImageObject","inLanguage":"vi","@id":"https:\/\/samlanbox.com\/#\/schema\/logo\/image\/","url":"http:\/\/samlanbox.com\/wp-content\/uploads\/2026\/02\/thung-carton-Sam-Lan-8.png","contentUrl":"http:\/\/samlanbox.com\/wp-content\/uploads\/2026\/02\/thung-carton-Sam-Lan-8.png","width":1000,"height":1000,"caption":"C\u00f4ng Ty C\u1ed5 Ph\u1ea7n Bao B\u00ec Carton Sam Lan"},"image":{"@id":"https:\/\/samlanbox.com\/#\/schema\/logo\/image\/"}}]}},"jetpack_sharing_enabled":true,"_links":{"self":[{"href":"https:\/\/samlanbox.com\/index.php?rest_route=\/wp\/v2\/pages\/100","targetHints":{"allow":["GET"]}}],"collection":[{"href":"https:\/\/samlanbox.com\/index.php?rest_route=\/wp\/v2\/pages"}],"about":[{"href":"https:\/\/samlanbox.com\/index.php?rest_route=\/wp\/v2\/types\/page"}],"author":[{"embeddable":true,"href":"https:\/\/samlanbox.com\/index.php?rest_route=\/wp\/v2\/users\/1"}],"replies":[{"embeddable":true,"href":"https:\/\/samlanbox.com\/index.php?rest_route=%2Fwp%2Fv2%2Fcomments&post=100"}],"version-history":[{"count":2,"href":"https:\/\/samlanbox.com\/index.php?rest_route=\/wp\/v2\/pages\/100\/revisions"}],"predecessor-version":[{"id":161,"href":"https:\/\/samlanbox.com\/index.php?rest_route=\/wp\/v2\/pages\/100\/revisions\/161"}],"wp:featuredmedia":[{"embeddable":true,"href":"https:\/\/samlanbox.com\/index.php?rest_route=\/wp\/v2\/media\/158"}],"wp:attachment":[{"href":"https:\/\/samlanbox.com\/index.php?rest_route=%2Fwp%2Fv2%2Fmedia&parent=100"}],"curies":[{"name":"wp","href":"https:\/\/api.w.org\/{rel}","templated":true}]}}